{"id":2416,"date":"2017-03-07T12:17:21","date_gmt":"2017-03-07T11:17:21","guid":{"rendered":"http:\/\/limityjsmemy.cz\/?page_id=2416"},"modified":"2024-10-09T13:24:50","modified_gmt":"2024-10-09T11:24:50","slug":"startseite","status":"publish","type":"page","link":"https:\/\/old.limityjsmemy.cz\/de\/","title":{"rendered":"Startseite"},"content":{"rendered":"<p><section   class=\"fw-main-row-custom fw-main-row-top fw-section-no-padding  fw_theme_bg_fw-custom fw-section-image fw-section-height-lg  fw-section-position-back tf-sh-bd457c375f773f169e10722e08aea263\"  style=\" background-image:url(https:\/\/limityjsmemy.cz\/wp-content\/uploads\/2017\/06\/Ibra-DSC3019.jpg); background-repeat: no-repeat; background-position: center top; background-size: cover;\"  >\n\t\t<div class=\"fw-main-row-overlay fw_theme_bg_color_3\" style=\"opacity: 0.5;\"><\/div>\t<div class=\"fw-container-fluid\" >\n\t\t<div class=\"fw-row\">\n\t<div id=\"column-69dccf68c756d\" class=\"fw-col-sm-12 tf-sh-6316de6144874e1ea897dc67f725ba2b\" >\n\t<div class=\"fw-wrap-col-inner clearfix  \"   >\n\t\t\t\t<div class=\"fw-col-inner\">\n\t\t\t<div class=\"fw-heading fw-heading-center  tf-sh-8bcef2fffaf42dfcf374399bc9f8cb13\" >\n\t\t\t<h1 class=\"fw-special-title\">\u00dcber uns<\/h1>\n\t\n\t\n\t<\/div>\t\t<\/div>\n\t<\/div>\n<\/div><\/div>\n\n\t<\/div>\n\t<\/section><section   class=\"fw-main-row-custom fw-section-no-padding  auto  fw-section-position-back tf-sh-ba08934dfa8c29985f76c227e080ac8e\"  style=\" background-color:#0f0f0f;\"  >\n\t\t\t<div class=\"fw-container\" >\n\t\t<div class=\"fw-row\">\n\t<div id=\"column-69dccf68c9165\" class=\"fw-col-sm-12 tf-sh-09b40d666d9a63456906fc1441dc5db2\" >\n\t<div class=\"fw-wrap-col-inner clearfix  \"   >\n\t\t\t\t<div class=\"fw-col-inner\">\n\t\t\t<div class=\"fw-divider-space space-sm  clearfix\"  ><\/div>\t\t<\/div>\n\t<\/div>\n<\/div><\/div>\n\n<div class=\"fw-row\">\n\t<div id=\"column-69dccf68ca670\" class=\"fw-col-sm-12 tf-sh-86d3dd8ce6a14b7505614ffa5358298a\" >\n\t<div class=\"fw-wrap-col-inner clearfix  \"   >\n\t\t\t\t<div class=\"fw-col-inner\">\n\t\t\t<div class=\"fw-heading fw-heading-left  fw-animated-element tf-sh-b65da15daa29a69ab6d32ba3fab46266\"  data-animation-type=\"fadeInUp\" data-animation-delay=\"300\">\n\t\t\t<h2 class=\"fw-special-title\">Wir sind die Grenzwerte. <\/h2>\n\t\n\t\n\t<\/div><div class=\"fw-text-box tf-sh-3a8dbc615826b1725c38b44926e2c264  fw-animated-element\"  data-animation-type=\"fadeInUp\" data-animation-delay=\"500\">\n\t<div class=\"fw-text-inner\">\n\t\t<p>Wir sind die Grenzwerte. Komm zum ersten tschechischen Klimacamp!<\/p>\n<p>Letztes Jahr war das w\u00e4rmste Jahr seit Beginn der Aufzeichnungen, wie schon einige Jahre davor. Die Wissenschaft ist sich einig, dass sich unser Planet wegen der menschlichen Aktivit\u00e4ten immer schneller erw\u00e4rmt. Wenn wir die schwersten Folgen verhindern und die Temperatur um nicht mehr als 2 Grad Celsius ansteigen lassen wollen, m\u00fcssen mehr als 80% der fossilen Brennstoffe unter der Erde bleiben. Energiekonzerne wollen sie jedoch abbauen und verbrennen.<\/p>\n<p>Doch es w\u00e4chst eine Bewegung f\u00fcr Klimagerechtigkeit und gegen den Status Quo heran \u2013 die gr\u00f6\u00dften Umweltverschmutzer profitieren von der Ressourcenausbeutung, w\u00e4hrend die Folgen des Klimawandels die Unschuldigen am st\u00e4rksten treffen. Tausende \u00fcben zivilen Ungehorsam und st\u00f6ren aktiv den Tage- und Berbau, Kohleh\u00e4fen und den Bau von Pipelines. Sie benutzen alle verf\u00fcgbaren friedlichen Mittel, um die Ausbeutung fossiler Brennstoffe zu verhindern.<\/p>\n<p>Es ist h\u00f6chste Zeit, auch in Tschechien Widerstand zu leisten. Vor zwei Jahren hat die Regierung die sogenannten Umweltbeschr\u00e4nkungen des Kohlebergbaus in B\u00edlina aufgehoben, damit der staatliche Energiekonzern \u010cEZ weitere Millionen Tonnen Braunkohle verbennen darf. Private und staatliche Kohlefirmen bedrohen menschlichen Wohnraum, zerst\u00f6ren das Klima und die Gesundheit und verunstalten die wundersch\u00f6nen Landschaften Nordb\u00f6hmens. Und trotz gro\u00dfer Worte in Paris tun die Politker nichts dagegen.<\/p>\n<p>Wir akzeptieren das nicht weiter! Inspiriert von mutigen Beispielen zivilen Ungehorsams der Break-Free-Bewegung letztes Jahr, haben wir uns entschlossen zu handeln und der Kohleindustrie die Stin zu bieten.<\/p>\n<p>Schlie\u00df dich uns an w\u00e4hrend dem ersten Klimacamp Tschechiens, das vom 21. bis zum 25. Juni in der nordb\u00f6hmischen Tagebauregion (in der N\u00e4he von Most) stattfinden wird. Es bietet Raum voneinander zu lernen, Erfahrungen auszutauschen, fr\u00f6hlich zu protestieren und nicht zuletzt friedlich eine Mine oder ein Kraftwerk in der N\u00e4he zu blockieren.<\/p>\n<p>Wir sind das Investitionsrisiko. Wir sehen uns in der Grube.<\/p>\n\t<\/div>\n<\/div>\t\t<\/div>\n\t<\/div>\n<\/div><\/div>\n\n<div class=\"fw-row\">\n\t<div id=\"column-69dccf68cc116\" class=\"fw-col-sm-12 tf-sh-09b40d666d9a63456906fc1441dc5db2\" >\n\t<div class=\"fw-wrap-col-inner clearfix  \"   >\n\t\t\t\t<div class=\"fw-col-inner\">\n\t\t\t<div class=\"fw-divider-space space-md  clearfix\"  ><\/div>\t\t<\/div>\n\t<\/div>\n<\/div><\/div>\n\n<div class=\"fw-row\">\n\t<div id=\"column-69dccf68cd53a\" class=\"fw-col-sm-4 tf-sh-cabf5243037dc5be8d7ae08ab99c8188  fw-animated-element\" data-animation-type=\"fadeInUp\" data-animation-delay=\"700\">\n\t<div class=\"fw-wrap-col-inner clearfix  \"   >\n\t\t\t\t<div class=\"fw-col-inner\">\n\t\t\t\n\t\t\t        \t\t<div class=\"fw-block-image-parent fw-overlay-1 fw-block-image-icon   \"  style=\"width: 100%; \">\n            \t\t\t<a class=\"fw-block-image-child fw-ratio-1 fw-ratio-container\" href=\"\/\/limityjsmemy.cz\/wp-content\/uploads\/2015\/12\/limity_osobnosti.jpg\" data-rel=\"prettyPhoto\" rel=\"prettyPhoto\">\n\t\t\t\t<noscript itemscope itemtype=\"https:\/\/schema.org\/ImageObject\" itemprop=\"image\"><img src=\"https:\/\/old.limityjsmemy.cz\/wp-content\/uploads\/2015\/12\/limity_osobnosti.jpg\"  alt=\"limity_osobnosti\" data-maxdpr=\"1.7\" class=\"lazyload\" \/><meta itemprop=\"url\" content=\"https:\/\/old.limityjsmemy.cz\/wp-content\/uploads\/2015\/12\/limity_osobnosti.jpg\"><meta itemprop=\"width\" content=\"1500\"><meta itemprop=\"height\" content=\"1000\"><\/noscript><img src=\"data:image\/gif;base64,R0lGODlhAQABAIAAAAAAAP\/\/\/yH5BAEAAAAALAAAAAABAAEAAAIBRAA7\" data-sizes=\"auto\" data-srcset=\"https:\/\/old.limityjsmemy.cz\/wp-content\/uploads\/2015\/12\/limity_osobnosti-150x150.jpg 150w, https:\/\/old.limityjsmemy.cz\/wp-content\/uploads\/2015\/12\/limity_osobnosti-800x800.jpg 800w, https:\/\/old.limityjsmemy.cz\/wp-content\/uploads\/2015\/12\/limity_osobnosti-300x300.jpg 300w\"   alt=\"limity_osobnosti\" data-maxdpr=\"1.7\" class=\"lazyload\" \/>\t\t\t\t                                    <div class=\"fw-block-image-overlay\">\n                        <div class=\"fw-itable\">\n                            <div class=\"fw-icell\">\n                                <i class=\"fw-icon-zoom\"><\/i>\n                            <\/div>\n                        <\/div>\n                    <\/div>\n                \t\t\t<\/a>\n            \t\t<\/div>\n\n\t\n\t\t<\/div>\n\t<\/div>\n<\/div><div id=\"column-69dccf68cedaf\" class=\"fw-col-sm-4 tf-sh-e33d74f63fa51d02cd03010a0eae19f3  fw-animated-element\" data-animation-type=\"fadeInUp\" data-animation-delay=\"700\">\n\t<div class=\"fw-wrap-col-inner clearfix  \"   >\n\t\t\t\t<div class=\"fw-col-inner\">\n\t\t\t\n\t\t\t        \t\t<div class=\"fw-block-image-parent fw-overlay-1 fw-block-image-icon   \"  style=\"width: 100%; \">\n            \t\t\t<a class=\"fw-block-image-child fw-ratio-1 fw-ratio-container\" href=\"\/\/limityjsmemy.cz\/wp-content\/uploads\/2016\/10\/13179069_1189359167743407_290940268895134452_n.jpg\" data-rel=\"prettyPhoto\" rel=\"prettyPhoto\">\n\t\t\t\t<noscript itemscope itemtype=\"https:\/\/schema.org\/ImageObject\" itemprop=\"image\"><img src=\"https:\/\/old.limityjsmemy.cz\/wp-content\/uploads\/2016\/10\/13179069_1189359167743407_290940268895134452_n.jpg\"  alt=\"13179069_1189359167743407_290940268895134452_n\" data-maxdpr=\"1.7\" class=\"lazyload\" \/><meta itemprop=\"url\" content=\"https:\/\/old.limityjsmemy.cz\/wp-content\/uploads\/2016\/10\/13179069_1189359167743407_290940268895134452_n.jpg\"><meta itemprop=\"width\" content=\"800\"><meta itemprop=\"height\" content=\"396\"><\/noscript><img src=\"data:image\/gif;base64,R0lGODlhAQABAIAAAAAAAP\/\/\/yH5BAEAAAAALAAAAAABAAEAAAIBRAA7\" data-sizes=\"auto\" data-srcset=\"https:\/\/old.limityjsmemy.cz\/wp-content\/uploads\/2016\/10\/13179069_1189359167743407_290940268895134452_n-150x150.jpg 150w, https:\/\/old.limityjsmemy.cz\/wp-content\/uploads\/2016\/10\/13179069_1189359167743407_290940268895134452_n-300x300.jpg 300w\"   alt=\"13179069_1189359167743407_290940268895134452_n\" data-maxdpr=\"1.7\" class=\"lazyload\" \/>\t\t\t\t                                    <div class=\"fw-block-image-overlay\">\n                        <div class=\"fw-itable\">\n                            <div class=\"fw-icell\">\n                                <i class=\"fw-icon-zoom\"><\/i>\n                            <\/div>\n                        <\/div>\n                    <\/div>\n                \t\t\t<\/a>\n            \t\t<\/div>\n\n\t\n\t\t<\/div>\n\t<\/div>\n<\/div><div id=\"column-69dccf68cfec1\" class=\"fw-col-sm-4 tf-sh-76d3611a04b8fd15671be123ccebe1fd  fw-animated-element\" data-animation-type=\"fadeInUp\" data-animation-delay=\"700\">\n\t<div class=\"fw-wrap-col-inner clearfix  \"   >\n\t\t\t\t<div class=\"fw-col-inner\">\n\t\t\t\n\t\t\t        \t\t<div class=\"fw-block-image-parent fw-overlay-1 fw-block-image-icon   \"  style=\"width: 100%; \">\n            \t\t\t<a class=\"fw-block-image-child fw-ratio-1 fw-ratio-container\" href=\"\/\/limityjsmemy.cz\/wp-content\/uploads\/2022\/09\/1a.jpg\" data-rel=\"prettyPhoto\" rel=\"prettyPhoto\">\n\t\t\t\t<noscript itemscope itemtype=\"https:\/\/schema.org\/ImageObject\" itemprop=\"image\"><img src=\"https:\/\/old.limityjsmemy.cz\/wp-content\/uploads\/2022\/09\/1a.jpg\"  alt=\"1a\" data-maxdpr=\"1.7\" class=\"lazyload\" \/><meta itemprop=\"url\" content=\"https:\/\/old.limityjsmemy.cz\/wp-content\/uploads\/2022\/09\/1a.jpg\"><meta itemprop=\"width\" content=\"1024\"><meta itemprop=\"height\" content=\"683\"><\/noscript><img src=\"data:image\/gif;base64,R0lGODlhAQABAIAAAAAAAP\/\/\/yH5BAEAAAAALAAAAAABAAEAAAIBRAA7\" data-sizes=\"auto\" data-srcset=\"https:\/\/old.limityjsmemy.cz\/wp-content\/uploads\/2022\/09\/1a-150x150.jpg 150w, https:\/\/old.limityjsmemy.cz\/wp-content\/uploads\/2022\/09\/1a-300x300.jpg 300w\"   alt=\"1a\" data-maxdpr=\"1.7\" class=\"lazyload\" \/>\t\t\t\t                                    <div class=\"fw-block-image-overlay\">\n                        <div class=\"fw-itable\">\n                            <div class=\"fw-icell\">\n                                <i class=\"fw-icon-zoom\"><\/i>\n                            <\/div>\n                        <\/div>\n                    <\/div>\n                \t\t\t<\/a>\n            \t\t<\/div>\n\n\t\n\t\t<\/div>\n\t<\/div>\n<\/div><\/div>\n\n\t<\/div>\n\t<\/section><\/p>\n","protected":false},"excerpt":{"rendered":"<p>\u00dcber uns Wir sind die Grenzwerte. Wir sind die Grenzwerte. Komm zum ersten tschechischen Klimacamp! Letztes Jahr war das w\u00e4rmste Jahr seit Beginn der Aufzeichnungen, wie schon einige Jahre davor. Die Wissenschaft ist sich einig, dass sich unser Planet wegen der menschlichen Aktivit\u00e4ten immer schneller erw\u00e4rmt. Wenn wir die schwersten Folgen verhindern und die Temperatur [&hellip;]<\/p>\n","protected":false},"author":1,"featured_media":0,"parent":0,"menu_order":0,"comment_status":"closed","ping_status":"closed","template":"visual-builder-template.php","meta":[],"yoast_head":"<!-- This site is optimized with the Yoast SEO plugin v21.2 - https:\/\/yoast.com\/wordpress\/plugins\/seo\/ -->\n<title>Limity jsme my \u2013 Wir sind die Grenzwerte! Begleiten Sie uns!<\/title>\n<meta name=\"description\" content=\"Inspiriert durch zivilen Ungehorsams der Break-Free-Bewegung letztes Jahr, haben wir uns entschlossen zu handeln und der Kohleindustrie die Stirn zu bieten.\" \/>\n<meta name=\"robots\" content=\"index, follow, max-snippet:-1, max-image-preview:large, max-video-preview:-1\" \/>\n<link rel=\"canonical\" href=\"https:\/\/old.limityjsmemy.cz\/de\/\" \/>\n<meta property=\"og:locale\" content=\"de_DE\" \/>\n<meta property=\"og:type\" content=\"article\" \/>\n<meta property=\"og:title\" content=\"Limity jsme my \u2013 Wir sind die Grenzwerte! Begleiten Sie uns!\" \/>\n<meta property=\"og:description\" content=\"Inspiriert durch zivilen Ungehorsams der Break-Free-Bewegung letztes Jahr, haben wir uns entschlossen zu handeln und der Kohleindustrie die Stirn zu bieten.\" \/>\n<meta property=\"og:url\" content=\"https:\/\/old.limityjsmemy.cz\/de\/\" \/>\n<meta property=\"og:site_name\" content=\"Limity jsme my\" \/>\n<meta property=\"article:publisher\" content=\"https:\/\/facebook.com\/limityjsmemy\/\" \/>\n<meta property=\"article:modified_time\" content=\"2024-10-09T11:24:50+00:00\" \/>\n<meta property=\"og:image\" content=\"https:\/\/limityjsmemy.cz\/wp-content\/uploads\/2015\/12\/limity_osobnosti.jpg\" \/>\n<meta name=\"twitter:card\" content=\"summary_large_image\" \/>\n<meta name=\"twitter:site\" content=\"@LimityJsmeMy\" \/>\n<meta name=\"twitter:label1\" content=\"Gesch\u00e4tzte Lesezeit\" \/>\n\t<meta name=\"twitter:data1\" content=\"3\u00a0Minuten\" \/>\n<script type=\"application\/ld+json\" class=\"yoast-schema-graph\">{\"@context\":\"https:\/\/schema.org\",\"@graph\":[{\"@type\":\"WebPage\",\"@id\":\"https:\/\/old.limityjsmemy.cz\/de\/\",\"url\":\"https:\/\/old.limityjsmemy.cz\/de\/\",\"name\":\"Limity jsme my \u2013 Wir sind die Grenzwerte! Begleiten Sie uns!\",\"isPartOf\":{\"@id\":\"https:\/\/old.limityjsmemy.cz\/#website\"},\"datePublished\":\"2017-03-07T11:17:21+00:00\",\"dateModified\":\"2024-10-09T11:24:50+00:00\",\"description\":\"Inspiriert durch zivilen Ungehorsams der Break-Free-Bewegung letztes Jahr, haben wir uns entschlossen zu handeln und der Kohleindustrie die Stirn zu bieten.\",\"breadcrumb\":{\"@id\":\"https:\/\/old.limityjsmemy.cz\/de\/#breadcrumb\"},\"inLanguage\":\"de\",\"potentialAction\":[{\"@type\":\"ReadAction\",\"target\":[\"https:\/\/old.limityjsmemy.cz\/de\/\"]}]},{\"@type\":\"BreadcrumbList\",\"@id\":\"https:\/\/old.limityjsmemy.cz\/de\/#breadcrumb\",\"itemListElement\":[{\"@type\":\"ListItem\",\"position\":1,\"name\":\"Dom\u016f\",\"item\":\"https:\/\/old.limityjsmemy.cz\/de\/\"},{\"@type\":\"ListItem\",\"position\":2,\"name\":\"Startseite\"}]},{\"@type\":\"WebSite\",\"@id\":\"https:\/\/old.limityjsmemy.cz\/#website\",\"url\":\"https:\/\/old.limityjsmemy.cz\/\",\"name\":\"Limity jsme my\",\"description\":\"Hnut\u00ed za zachov\u00e1n\u00ed limit\u016f t\u011b\u017eby hn\u011bd\u00e9ho uhl\u00ed!\",\"publisher\":{\"@id\":\"https:\/\/old.limityjsmemy.cz\/#organization\"},\"potentialAction\":[{\"@type\":\"SearchAction\",\"target\":{\"@type\":\"EntryPoint\",\"urlTemplate\":\"https:\/\/old.limityjsmemy.cz\/?s={search_term_string}\"},\"query-input\":\"required name=search_term_string\"}],\"inLanguage\":\"de\"},{\"@type\":\"Organization\",\"@id\":\"https:\/\/old.limityjsmemy.cz\/#organization\",\"name\":\"Limity jsme my\",\"url\":\"https:\/\/old.limityjsmemy.cz\/\",\"logo\":{\"@type\":\"ImageObject\",\"inLanguage\":\"de\",\"@id\":\"https:\/\/old.limityjsmemy.cz\/#\/schema\/logo\/image\/\",\"url\":\"https:\/\/limityjsmemy.cz\/wp-content\/uploads\/2017\/06\/LimityJsmeMy.png\",\"contentUrl\":\"https:\/\/limityjsmemy.cz\/wp-content\/uploads\/2017\/06\/LimityJsmeMy.png\",\"width\":2257,\"height\":1506,\"caption\":\"Limity jsme my\"},\"image\":{\"@id\":\"https:\/\/old.limityjsmemy.cz\/#\/schema\/logo\/image\/\"},\"sameAs\":[\"https:\/\/facebook.com\/limityjsmemy\/\",\"https:\/\/twitter.com\/LimityJsmeMy\",\"https:\/\/www.instagram.com\/limityjsmemy\/\",\"https:\/\/www.youtube.com\/channel\/UCypVOtjZXGV1SXDJUGtx0EQ\"]}]}<\/script>\n<!-- \/ Yoast SEO plugin. -->","yoast_head_json":{"title":"Limity jsme my \u2013 Wir sind die Grenzwerte! Begleiten Sie uns!","description":"Inspiriert durch zivilen Ungehorsams der Break-Free-Bewegung letztes Jahr, haben wir uns entschlossen zu handeln und der Kohleindustrie die Stirn zu bieten.","robots":{"index":"index","follow":"follow","max-snippet":"max-snippet:-1","max-image-preview":"max-image-preview:large","max-video-preview":"max-video-preview:-1"},"canonical":"https:\/\/old.limityjsmemy.cz\/de\/","og_locale":"de_DE","og_type":"article","og_title":"Limity jsme my \u2013 Wir sind die Grenzwerte! Begleiten Sie uns!","og_description":"Inspiriert durch zivilen Ungehorsams der Break-Free-Bewegung letztes Jahr, haben wir uns entschlossen zu handeln und der Kohleindustrie die Stirn zu bieten.","og_url":"https:\/\/old.limityjsmemy.cz\/de\/","og_site_name":"Limity jsme my","article_publisher":"https:\/\/facebook.com\/limityjsmemy\/","article_modified_time":"2024-10-09T11:24:50+00:00","og_image":[{"url":"https:\/\/limityjsmemy.cz\/wp-content\/uploads\/2015\/12\/limity_osobnosti.jpg"}],"twitter_card":"summary_large_image","twitter_site":"@LimityJsmeMy","twitter_misc":{"Gesch\u00e4tzte Lesezeit":"3\u00a0Minuten"},"schema":{"@context":"https:\/\/schema.org","@graph":[{"@type":"WebPage","@id":"https:\/\/old.limityjsmemy.cz\/de\/","url":"https:\/\/old.limityjsmemy.cz\/de\/","name":"Limity jsme my \u2013 Wir sind die Grenzwerte! Begleiten Sie uns!","isPartOf":{"@id":"https:\/\/old.limityjsmemy.cz\/#website"},"datePublished":"2017-03-07T11:17:21+00:00","dateModified":"2024-10-09T11:24:50+00:00","description":"Inspiriert durch zivilen Ungehorsams der Break-Free-Bewegung letztes Jahr, haben wir uns entschlossen zu handeln und der Kohleindustrie die Stirn zu bieten.","breadcrumb":{"@id":"https:\/\/old.limityjsmemy.cz\/de\/#breadcrumb"},"inLanguage":"de","potentialAction":[{"@type":"ReadAction","target":["https:\/\/old.limityjsmemy.cz\/de\/"]}]},{"@type":"BreadcrumbList","@id":"https:\/\/old.limityjsmemy.cz\/de\/#breadcrumb","itemListElement":[{"@type":"ListItem","position":1,"name":"Dom\u016f","item":"https:\/\/old.limityjsmemy.cz\/de\/"},{"@type":"ListItem","position":2,"name":"Startseite"}]},{"@type":"WebSite","@id":"https:\/\/old.limityjsmemy.cz\/#website","url":"https:\/\/old.limityjsmemy.cz\/","name":"Limity jsme my","description":"Hnut\u00ed za zachov\u00e1n\u00ed limit\u016f t\u011b\u017eby hn\u011bd\u00e9ho uhl\u00ed!","publisher":{"@id":"https:\/\/old.limityjsmemy.cz\/#organization"},"potentialAction":[{"@type":"SearchAction","target":{"@type":"EntryPoint","urlTemplate":"https:\/\/old.limityjsmemy.cz\/?s={search_term_string}"},"query-input":"required name=search_term_string"}],"inLanguage":"de"},{"@type":"Organization","@id":"https:\/\/old.limityjsmemy.cz\/#organization","name":"Limity jsme my","url":"https:\/\/old.limityjsmemy.cz\/","logo":{"@type":"ImageObject","inLanguage":"de","@id":"https:\/\/old.limityjsmemy.cz\/#\/schema\/logo\/image\/","url":"https:\/\/limityjsmemy.cz\/wp-content\/uploads\/2017\/06\/LimityJsmeMy.png","contentUrl":"https:\/\/limityjsmemy.cz\/wp-content\/uploads\/2017\/06\/LimityJsmeMy.png","width":2257,"height":1506,"caption":"Limity jsme my"},"image":{"@id":"https:\/\/old.limityjsmemy.cz\/#\/schema\/logo\/image\/"},"sameAs":["https:\/\/facebook.com\/limityjsmemy\/","https:\/\/twitter.com\/LimityJsmeMy","https:\/\/www.instagram.com\/limityjsmemy\/","https:\/\/www.youtube.com\/channel\/UCypVOtjZXGV1SXDJUGtx0EQ"]}]}},"_links":{"self":[{"href":"https:\/\/old.limityjsmemy.cz\/de\/wp-json\/wp\/v2\/pages\/2416"}],"collection":[{"href":"https:\/\/old.limityjsmemy.cz\/de\/wp-json\/wp\/v2\/pages"}],"about":[{"href":"https:\/\/old.limityjsmemy.cz\/de\/wp-json\/wp\/v2\/types\/page"}],"author":[{"embeddable":true,"href":"https:\/\/old.limityjsmemy.cz\/de\/wp-json\/wp\/v2\/users\/1"}],"replies":[{"embeddable":true,"href":"https:\/\/old.limityjsmemy.cz\/de\/wp-json\/wp\/v2\/comments?post=2416"}],"version-history":[{"count":22,"href":"https:\/\/old.limityjsmemy.cz\/de\/wp-json\/wp\/v2\/pages\/2416\/revisions"}],"predecessor-version":[{"id":5781,"href":"https:\/\/old.limityjsmemy.cz\/de\/wp-json\/wp\/v2\/pages\/2416\/revisions\/5781"}],"wp:attachment":[{"href":"https:\/\/old.limityjsmemy.cz\/de\/wp-json\/wp\/v2\/media?parent=2416"}],"curies":[{"name":"wp","href":"https:\/\/api.w.org\/{rel}","templated":true}]}}