{"id":2393,"date":"2015-12-23T22:22:10","date_gmt":"2015-12-23T22:22:10","guid":{"rendered":"http:\/\/limityjsmemy.cz\/?page_id=2393"},"modified":"2020-08-27T20:15:15","modified_gmt":"2020-08-27T18:15:15","slug":"uvodni-stranka","status":"publish","type":"page","link":"https:\/\/old.limityjsmemy.cz\/en\/","title":{"rendered":"Home"},"content":{"rendered":"<p><section   class=\"fw-main-row-custom fw-main-row-top fw-section-no-padding  fw_theme_bg_color_3 fw-section-image fw-section-height-custom  fw-section-position-back tf-sh-2ed824e890790c17e521680b7cf7b45c\"  style=\" background-image:url(https:\/\/limityjsmemy.cz\/wp-content\/uploads\/2017\/06\/Jezer\u030ci\u0301-a-lom-C\u030cSA.jpg); background-repeat: no-repeat; background-position: center center; background-size: cover; height: 360px;\"  >\n\t\t\t<div class=\"fw-container-fluid\" >\n\t\t<div class=\"fw-row\">\n\t<div id=\"column-69e4b136da4bc\" class=\"fw-col-sm-12 tf-sh-cfa942bd2ea5592e4e188e070a430930  fw-col-no-padding\" >\n\t<div class=\"fw-wrap-col-inner clearfix   fw-column-height-custom\" style=\"height: 360px;\"  >\n\t\t\t\t<div class=\"fw-col-inner\">\n\t\t\t<div class=\"fw-divider-space space-lg  clearfix\"  ><\/div>\t\t<\/div>\n\t<\/div>\n<\/div><\/div>\n\n\t<\/div>\n\t<\/section><section   class=\"fw-main-row-custom  fw-section-image auto  fw-section-position-back tf-sh-856cdca75a7b321fabcb36b54f3e756c\"  style=\" background-image:url(https:\/\/limityjsmemy.cz\/wp-content\/uploads\/2018\/09\/3.jpg); background-repeat: no-repeat; background-position: center center; background-size: cover; background-color:#ebe8de;\"  >\n\t\t\t<div class=\"fw-container\" >\n\t\t<div class=\"fw-row\">\n\t<div id=\"column-69e4b136dc116\" class=\"fw-col-sm-12 tf-sh-dbca69eba2ac0e4252ed4082931ee2b4\" >\n\t<div class=\"fw-wrap-col-inner clearfix  \"   >\n\t\t\t\t<div class=\"fw-col-inner\">\n\t\t\t<div class=\"fw-text-box tf-sh-02c1b9a1caf1efcd3efd5742e1216203 \" >\n\t<div class=\"fw-text-inner\">\n\t\t<h2 style=\"color: black; text-align: left; margin-bottom: 5em;\">Save climate\u2026<\/h2>\n<h2 style=\"color: black; text-align: right; margin-bottom: 3em;\">\u2026end coal!<\/h2>\n\t<\/div>\n<\/div>\t\t<\/div>\n\t<\/div>\n<\/div><\/div>\n\n<div class=\"fw-row\">\n\t<div id=\"column-69e4b136dd6f1\" class=\"fw-col-sm-4 tf-sh-af3ce9faea92c611a47fac4d66b76492\" >\n\t<div class=\"fw-wrap-col-inner clearfix  \"   >\n\t\t\t\t<div class=\"fw-col-inner\">\n\t\t\t\t\t<\/div>\n\t<\/div>\n<\/div><div id=\"column-69e4b136ddc42\" class=\"fw-col-sm-4 tf-sh-f3904e5fc2431128636daa898e57babd\" >\n\t<div class=\"fw-wrap-col-inner clearfix  \"   >\n\t\t\t\t<div class=\"fw-col-inner\">\n\t\t\t\t<a href=\"\/en\/event\/end-coal-now-action-weekend\/\" target=\"_self\" class=\"fw-btn tf-sh-f0a2f3f83fcb53ac03a99dd2e32ca52f fw-btn-full fw-btn-lg   fw-btn-1\"  style=\"\">\n\t\t<span >\n\t\t\tEnd Coal #NOW\t\t<\/span>\n\t<\/a>\n<div class=\"fw-divider-space  fw-custom-space  clearfix\" style=\"height:14px;\" ><\/div><div class=\"fw-text-box tf-sh-0e304e1e8c3ba0257fde59c296b671d0 \" >\n\t<div class=\"fw-text-inner\">\n\t\t<p style=\"background-color: white; text-align: center;\">action weekend in north Bohemia<\/p>\n\t<\/div>\n<\/div>\t\t<\/div>\n\t<\/div>\n<\/div><div id=\"column-69e4b136df546\" class=\"fw-col-sm-4 tf-sh-1f0db1a4ee5a57a264fb745ff122918a\" >\n\t<div class=\"fw-wrap-col-inner clearfix  \"   >\n\t\t\t\t<div class=\"fw-col-inner\">\n\t\t\t\t\t<\/div>\n\t<\/div>\n<\/div><\/div>\n\n\t<\/div>\n\t<\/section><section   class=\"fw-main-row-custom  auto  fw-section-position-back tf-sh-93c866f6bed9805bb5dc99fc117e6f0c\"  style=\" background-color:#f4f4f4;\"  >\n\t\t\t<div class=\"fw-container\" >\n\t\t<div class=\"fw-row\">\n\t<div id=\"column-69e4b136e0cb8\" class=\"fw-col-sm-6 tf-sh-419ff1c0e8aff6c3355bfef4489d27cf\" >\n\t<div class=\"fw-wrap-col-inner clearfix  \"   >\n\t\t\t\t<div class=\"fw-col-inner\">\n\t\t\t<div class=\"fw-heading fw-heading-left  tf-sh-077ebf2eafcb22ead060e85f483a26ec\" >\n\t\t\t<h2 class=\"fw-special-title\">Support our struggle against coal<\/h2>\n\t\n\t\n\t<\/div><div class=\"fw-text-box tf-sh-0fac85a7b7afd04b830159ce0ac2757c \" >\n\t<div class=\"fw-text-inner\">\n\t\t<p>in the Czech Republic and beyond<\/p>\n\t<\/div>\n<\/div>\t\t<\/div>\n\t<\/div>\n<\/div><div id=\"column-69e4b136e20aa\" class=\"fw-col-sm-6 tf-sh-f96c81e27d13ee867a866b6791c059cc\" >\n\t<div class=\"fw-wrap-col-inner clearfix  \"   >\n\t\t\t\t<div class=\"fw-col-inner\">\n\t\t\t<div data-darujme-widget-token=\"l6eogmg5srpyv1gv\">&nbsp;<\/div>\r\n<script type=\"text\/javascript\">\r\n\t+function(w, d, s, u, a, b) {\r\n\t\tw['DarujmeObject'] = u;\r\n\t\tw[u] = w[u] || function () { (w[u].q = w[u].q || []).push(arguments) };\r\n\t\ta = d.createElement(s); b = d.getElementsByTagName(s)[0];\r\n\t\ta.async = 1; a.src = \"https:\\\/\\\/www.darujme.cz\\\/assets\\\/scripts\\\/widget.js\";\r\n\t\tb.parentNode.insertBefore(a, b);\r\n\t}(window, document, 'script', 'Darujme');\r\n\tDarujme(1, \"l6eogmg5srpyv1gv\", 'render', \"https:\\\/\\\/www.darujme.cz\\\/widget?token=l6eogmg5srpyv1gv\", \"270px\");\r\n<\/script>\r\n\t\t<\/div>\n\t<\/div>\n<\/div><\/div>\n\n\t<\/div>\n\t<\/section><section   class=\"fw-main-row-custom fw-section-no-padding  auto  fw-section-position-back tf-sh-f1a362e3b24bdbf25f96cb0979e3cd7a\"    >\n\t\t\t<div class=\"fw-container\" >\n\t\t<div class=\"fw-row\">\n\t<div id=\"column-69e4b136e3bf1\" class=\"fw-col-sm-12 tf-sh-84265d79c4632d476d4f9fd892a768dc\" >\n\t<div class=\"fw-wrap-col-inner clearfix  \"   >\n\t\t\t\t<div class=\"fw-col-inner\">\n\t\t\t<div class=\"fw-divider-space space-md  clearfix\"  ><\/div>\t\t<\/div>\n\t<\/div>\n<\/div><\/div>\n\n<div class=\"fw-row\">\n\t<div id=\"column-69e4b136e4f4b\" class=\"fw-col-sm-12 tf-sh-84265d79c4632d476d4f9fd892a768dc\" >\n\t<div class=\"fw-wrap-col-inner clearfix  \"   >\n\t\t\t\t<div class=\"fw-col-inner\">\n\t\t\t<div class=\"fw-heading fw-heading-left  tf-sh-d914dea031b98195b6f255084fbb4378\" >\n\t\t\t<h2 class=\"fw-special-title\">What do we want?<\/h2>\n\t\n\t\n\t<\/div>\t\t<\/div>\n\t<\/div>\n<\/div><\/div>\n\n<div class=\"fw-row\">\n\t<div id=\"column-69e4b136e642a\" class=\"fw-col-sm-12 tf-sh-84265d79c4632d476d4f9fd892a768dc\" >\n\t<div class=\"fw-wrap-col-inner clearfix  \"   >\n\t\t\t\t<div class=\"fw-col-inner\">\n\t\t\t<div class=\"fw-divider-space space-sm  clearfix\"  ><\/div>\t\t<\/div>\n\t<\/div>\n<\/div><\/div>\n\n<div class=\"fw-row\">\n\t<div id=\"column-69e4b136e77b4\" class=\"fw-col-sm-6 fw-col-md-6 tf-sh-b9bf85e494bec43f92f7a768709cce22\" >\n\t<div class=\"fw-wrap-col-inner clearfix  \"   >\n\t\t\t\t<div class=\"fw-col-inner\">\n\t\t\t<div class=\"fw-iconbox clearfix tf-sh-3824fff74236960e087d046e4f92aae2 fw-iconbox-2  fw-iconbox-image-type   \" >\n\t<div class=\"fw-iconbox-image \" style=\"\">\n\t\t\t\t\t\t\t\t\t<img src=\"\/\/limityjsmemy.cz\/wp-content\/uploads\/2017\/06\/earth.png\" alt=\"\" \/>\n\t\t\t\t\t\t<\/div>\n\n\t<div class=\"fw-iconbox-aside\">\n\t\t\t\t\t<div class=\"fw-iconbox-title\">\n\t\t\t\t<h5>Resolve causes of climate crisis<\/h5>\n\t\t\t<\/div>\n\t\t\n\t\t\t\t\t<div class=\"fw-iconbox-text\">\n\t\t\t\t<p>We already experience disastrous effects of changes in the climate \u2013 floods, droughts, extreme weather, crop failures and instability. If the crisis shouldn\u2019t became a catastrophe, 80% of fossil fuel reserves must stay in the ground. This is as true in the Czech Republic as anywhere else. We are part of global movement which demands cessation of fossil fuels usage and fair transfer to renewable sources as fast as possible.<\/p>\t\t\t<\/div>\n\t\t\n\t\t\t<\/div>\n<\/div>\t\t<\/div>\n\t<\/div>\n<\/div><div id=\"column-69e4b136e857d\" class=\"fw-col-sm-6 fw-col-md-6 tf-sh-5eb9fc4025a6e1874fc32e541b0f6d18\" >\n\t<div class=\"fw-wrap-col-inner clearfix  \"   >\n\t\t\t\t<div class=\"fw-col-inner\">\n\t\t\t<div class=\"fw-iconbox clearfix tf-sh-9352ae8c1054ea2d2cb8004257876e3a fw-iconbox-2  fw-iconbox-image-type   \" >\n\t<div class=\"fw-iconbox-image \" style=\"\">\n\t\t\t\t\t\t\t\t\t<img src=\"\/\/limityjsmemy.cz\/wp-content\/uploads\/2017\/06\/home.png\" alt=\"\" \/>\n\t\t\t\t\t\t<\/div>\n\n\t<div class=\"fw-iconbox-aside\">\n\t\t\t\t\t<div class=\"fw-iconbox-title\">\n\t\t\t\t<h5>Protect health and homes of the people<\/h5>\n\t\t\t<\/div>\n\t\t\n\t\t\t\t\t<div class=\"fw-iconbox-text\">\n\t\t\t\t<p>Burning coal pollutes our air with toxic substances and in doing so causes tens of premature deaths, hundreds of respiratory and hearth diseases and millions of Euros\u2019 worth of damages to our economy. Eventual expansion of mining wouldn\u2019t be possible without displacement and destruction of addition towns and villages in the region of north Bohemia.<\/p>\t\t\t<\/div>\n\t\t\n\t\t\t<\/div>\n<\/div>\t\t<\/div>\n\t<\/div>\n<\/div><\/div>\n\n<div class=\"fw-row\">\n\t<div id=\"column-69e4b136e99e7\" class=\"fw-tablet-hide-element fw-col-sm-6 tf-sh-10b46264e906b57589a076b51b15acbb\" >\n\t<div class=\"fw-wrap-col-inner clearfix  \"   >\n\t\t\t\t<div class=\"fw-col-inner\">\n\t\t\t<div class=\"fw-iconbox clearfix tf-sh-8623c8382e8fe499821fe2610b40e2da fw-iconbox-2  fw-iconbox-image-type   \" >\n\t<div class=\"fw-iconbox-image \" style=\"\">\n\t\t\t\t\t\t\t\t\t<img src=\"\/\/limityjsmemy.cz\/wp-content\/uploads\/2017\/06\/energy.png\" alt=\"\" \/>\n\t\t\t\t\t\t<\/div>\n\n\t<div class=\"fw-iconbox-aside\">\n\t\t\t\t\t<div class=\"fw-iconbox-title\">\n\t\t\t\t<h5>Support clean energy<\/h5>\n\t\t\t<\/div>\n\t\t\n\t\t\t\t\t<div class=\"fw-iconbox-text\">\n\t\t\t\t<p>Coal and other fossil fuels are quickly being replaced all around the world. We want to support this process and make sure that old power plants do not block the development of clean energy and that even the Czech Republic joins the transition to clean sources as shown in developed countries.<\/p>\t\t\t<\/div>\n\t\t\n\t\t\t<\/div>\n<\/div>\t\t<\/div>\n\t<\/div>\n<\/div><div id=\"column-69e4b136ea6b0\" class=\"fw-tablet-hide-element fw-col-sm-6 tf-sh-4c74d068082a6d08bc5984c61cb1e79c\" >\n\t<div class=\"fw-wrap-col-inner clearfix  \"   >\n\t\t\t\t<div class=\"fw-col-inner\">\n\t\t\t<div class=\"fw-iconbox clearfix tf-sh-4b37e6a7f08d5289b291cfc55f481ad2 fw-iconbox-2  fw-iconbox-image-type   \" >\n\t<div class=\"fw-iconbox-image \" style=\"\">\n\t\t\t\t\t\t\t\t\t<img src=\"\/\/limityjsmemy.cz\/wp-content\/uploads\/2017\/06\/court.png\" alt=\"\" \/>\n\t\t\t\t\t\t<\/div>\n\n\t<div class=\"fw-iconbox-aside\">\n\t\t\t\t\t<div class=\"fw-iconbox-title\">\n\t\t\t\t<h5>Justice for those affected by mining<\/h5>\n\t\t\t<\/div>\n\t\t\n\t\t\t\t\t<div class=\"fw-iconbox-text\">\n\t\t\t\t<p>It is unacceptable that most of the resources gained from mining goes from the region to coal barons\u2019 bank accounts or to the state treasury. We demand from our government to significantly raise mining fees and to use these newly gained resources to transform the region and provide decent job opportunities for those who would lose them with the end of coal.<\/p>\t\t\t<\/div>\n\t\t\n\t\t\t<\/div>\n<\/div>\t\t<\/div>\n\t<\/div>\n<\/div><\/div>\n\n<div class=\"fw-row\">\n\t<div id=\"column-69e4b136ebbec\" class=\"fw-col-sm-12 tf-sh-84265d79c4632d476d4f9fd892a768dc\" >\n\t<div class=\"fw-wrap-col-inner clearfix  \"   >\n\t\t\t\t<div class=\"fw-col-inner\">\n\t\t\t<div class=\"fw-divider-space space-lg  fw-mobile-hide-element clearfix\"  ><\/div>\t\t<\/div>\n\t<\/div>\n<\/div><\/div>\n\n\t<\/div>\n\t<\/section><section   class=\"fw-main-row-custom  auto  fw-section-position-back tf-sh-95e461801ffb3caea0ce797124a843fa\"  style=\" background-color:#f4f4f4;\"  >\n\t\t\t<div class=\"fw-container\" >\n\t\t<div class=\"fw-row\">\n\t<div id=\"column-69e4b136ed60b\" class=\"fw-col-sm-6 tf-sh-4dae35c37f48a1e0ca96e475cb8d9dca\" >\n\t<div class=\"fw-wrap-col-inner clearfix  \"   >\n\t\t\t\t<div class=\"fw-col-inner\">\n\t\t\t<div class=\"fw-heading fw-heading-left  fw-heading-with-subtitle tf-sh-ab34d4d9aafe7ef7512b5e9b64229af0\" >\n\t\t\t<h3 class=\"fw-special-title\">Anniversary of territorial mining limits<\/h3>\n\t\n\t\n\t\t\t<div class=\"fw-special-subtitle\">We want the end of the coal era!<\/div>\n\t<\/div>\t<a href=\"\/en\/2017\/05\/declaration-25th-anniversary-limits-mining-limits-not-enough-want-end-coal-era\/\" target=\"_self\" class=\"fw-btn tf-sh-c28056266df9adeb68002b78c37ae516  fw-btn-lg   fw-btn-side-by-side fw-btn-1\"  style=\"\">\n\t\t<span >\n\t\t\t<i class=\"pull-left-icon fa fa-bullhorn\" style=\"font-size:32px;\"><\/i>Declaration\t\t<\/span>\n\t<\/a>\n\t\t<\/div>\n\t<\/div>\n<\/div><div id=\"column-69e4b136ee845\" class=\"fw-col-sm-6 tf-sh-4188d3e18fdbe89b6603b8bba13c0d69\" >\n\t<div class=\"fw-wrap-col-inner clearfix  \"   >\n\t\t\t\t<div class=\"fw-col-inner\">\n\t\t\t<div class=\"fw-heading fw-heading-left  fw-heading-with-subtitle tf-sh-5eb1be11cefb6de67c58eff535391029\" >\n\t\t\t<h3 class=\"fw-special-title\">Just end of fossil fuels<\/h3>\n\t\n\t\n\t\t\t<div class=\"fw-special-subtitle\">How do we want to achieve this?<\/div>\n\t<\/div>\t<a href=\"\/en\/manifesto\/\" target=\"_self\" class=\"fw-btn tf-sh-72cae7790d6ca523b5f699c336222107  fw-btn-lg   fw-btn-side-by-side fw-btn-1\"  style=\"\">\n\t\t<span >\n\t\t\t<i class=\"pull-left-icon fa fa-file-text-o\" style=\"font-size:32px;\"><\/i>Manifesto\t\t<\/span>\n\t<\/a>\n\t\t<\/div>\n\t<\/div>\n<\/div><\/div>\n\n\t<\/div>\n\t<\/section><section   class=\"fw-main-row-custom fw-section-no-padding  auto  fw-section-position-back tf-sh-84b077e1e3e99030963713488b5b874c\"    >\n\t\t\t<div class=\"fw-container\" >\n\t\t<div class=\"fw-row\">\n\t<div id=\"column-69e4b136f083e\" class=\"fw-col-sm-12 tf-sh-84265d79c4632d476d4f9fd892a768dc\" >\n\t<div class=\"fw-wrap-col-inner clearfix  \"   >\n\t\t\t\t<div class=\"fw-col-inner\">\n\t\t\t<div class=\"fw-divider-space space-lg  fw-mobile-hide-element clearfix\"  ><\/div>\t\t<\/div>\n\t<\/div>\n<\/div><\/div>\n\n<div class=\"fw-row\">\n\t<div id=\"column-69e4b136f1ab6\" class=\"fw-col-sm-6 fw-col-md-1-5 tf-sh-c8030adbd506f38e58178cd295a7cd6a\" >\n\t<div class=\"fw-wrap-col-inner clearfix  \"   >\n\t\t\t\t<div class=\"fw-col-inner\">\n\t\t\t<div class=\"fw-heading fw-heading-left  tf-sh-a02a16b1a9e84479b39b16894aa3698e\" >\n\t\t\t<h2 class=\"fw-special-title\">Follow us<\/h2>\n\t\n\t\n\t<\/div>\t\t<\/div>\n\t<\/div>\n<\/div><div id=\"column-69e4b136f26c8\" class=\"fw-col-sm-6 fw-col-md-1-5 tf-sh-4f416d09b4198689475097d7302cfb9a\" >\n\t<div class=\"fw-wrap-col-inner clearfix  \"   >\n\t\t\t\t<div class=\"fw-col-inner\">\n\t\t\t\t<a href=\"https:\/\/www.facebook.com\/limityjsmemy\/\" target=\"_self\" class=\"fw-btn tf-sh-67e427721a8f68c94960e49fe81bd37a     fw-btn-side-by-side fw-btn-1\"  style=\"width:190px; height:46px; line-height:46px;\">\n\t\t<span style=\"top:0;\">\n\t\t\t<i class=\"pull-left-icon fa fa-facebook-f\" style=\"font-size:14px;\"><\/i>Facebook\t\t<\/span>\n\t<\/a>\n\t\t<\/div>\n\t<\/div>\n<\/div><div id=\"column-69e4b136f3371\" class=\"fw-col-sm-1-5 tf-sh-9a17fbf5a006df68150b9968af0ae61b\" >\n\t<div class=\"fw-wrap-col-inner clearfix  \"   >\n\t\t\t\t<div class=\"fw-col-inner\">\n\t\t\t\t<a href=\"https:\/\/twitter.com\/LimityJsmeMy\" target=\"_self\" class=\"fw-btn tf-sh-238a8e7ab1737b43e78a8ce43b922096     fw-btn-side-by-side fw-btn-1\"  style=\"width:190px; height:46px; line-height:46px;\">\n\t\t<span style=\"top:0;\">\n\t\t\t<i class=\"pull-left-icon fa fa-twitter\" style=\"font-size:14px;\"><\/i>Twitter\t\t<\/span>\n\t<\/a>\n\t\t<\/div>\n\t<\/div>\n<\/div><div id=\"column-69e4b136f40c7\" class=\"fw-col-sm-1-5 tf-sh-6e5745887239d442b7761a17da88dc76\" >\n\t<div class=\"fw-wrap-col-inner clearfix  \"   >\n\t\t\t\t<div class=\"fw-col-inner\">\n\t\t\t\t<a href=\"https:\/\/www.instagram.com\/limityjsmemy\/\" target=\"_self\" class=\"fw-btn tf-sh-4f52021013238fa3c1af6eaeb5aff698     fw-btn-side-by-side fw-btn-1\"  style=\"width:190px; height:46px; line-height:46px;\">\n\t\t<span style=\"top:0;\">\n\t\t\t<i class=\"pull-left-icon fa fa-instagram\" style=\"font-size:14px;\"><\/i>Instagram\t\t<\/span>\n\t<\/a>\n\t\t<\/div>\n\t<\/div>\n<\/div><div id=\"column-69e4b13700d34\" class=\"fw-col-sm-1-5 tf-sh-0a63df2270180bcce2a1c42a41a11e30\" >\n\t<div class=\"fw-wrap-col-inner clearfix  \"   >\n\t\t\t\t<div class=\"fw-col-inner\">\n\t\t\t\t<a href=\"https:\/\/www.flickr.com\/photos\/limityjsmemy\" target=\"_self\" class=\"fw-btn tf-sh-c3c4ade89faf4e4282249d8667637636     fw-btn-side-by-side fw-btn-1\"  style=\"width:190px; height:46px; line-height:46px;\">\n\t\t<span style=\"top:0;\">\n\t\t\t<i class=\"pull-left-icon fa fa-flickr\" style=\"font-size:14px;\"><\/i>Flickr\t\t<\/span>\n\t<\/a>\n\t\t<\/div>\n\t<\/div>\n<\/div><\/div>\n\n<div class=\"fw-row\">\n\t<div id=\"column-69e4b1370208f\" class=\"fw-col-sm-12 tf-sh-84265d79c4632d476d4f9fd892a768dc\" >\n\t<div class=\"fw-wrap-col-inner clearfix  \"   >\n\t\t\t\t<div class=\"fw-col-inner\">\n\t\t\t<div class=\"fw-divider-space space-lg  clearfix\"  ><\/div>\t\t<\/div>\n\t<\/div>\n<\/div><\/div>\n\n\t<\/div>\n\t<\/section><\/p>\n","protected":false},"excerpt":{"rendered":"<p>Save climate\u2026 \u2026end coal! End Coal #NOW action weekend in north Bohemia Support our struggle against coal in the Czech Republic and beyond &nbsp; What do we want? Resolve causes of climate crisis We already experience disastrous effects of changes in the climate \u2013 floods, droughts, extreme weather, crop failures and instability. If the crisis [&hellip;]<\/p>\n","protected":false},"author":1,"featured_media":0,"parent":0,"menu_order":0,"comment_status":"closed","ping_status":"closed","template":"visual-builder-template.php","meta":[],"yoast_head":"<!-- This site is optimized with the Yoast SEO plugin v21.2 - https:\/\/yoast.com\/wordpress\/plugins\/seo\/ -->\n<title>Limity jsme my \/\/ We are the limits! Join us!<\/title>\n<meta name=\"description\" content=\"We are an open grassroots civic movement against coal mining and coal burning. We bring together individuals from various groups around the Czech republic.\" \/>\n<meta name=\"robots\" content=\"index, follow, max-snippet:-1, max-image-preview:large, max-video-preview:-1\" \/>\n<link rel=\"canonical\" href=\"https:\/\/old.limityjsmemy.cz\/en\/\" \/>\n<meta property=\"og:locale\" content=\"en_US\" \/>\n<meta property=\"og:type\" content=\"article\" \/>\n<meta property=\"og:title\" content=\"Limity jsme my! P\u0159idejte se k n\u00e1m!\" \/>\n<meta property=\"og:description\" content=\"Jsme otev\u0159en\u00e9 ob\u010dansk\u00e9 hnut\u00ed proti t\u011b\u017eb\u011b a spalov\u00e1n\u00ed uhl\u00ed zdola. Sdru\u017eujeme jednotlivce z r\u016fzn\u00fdch aktivistick\u00fdch i neaktivistick\u00fdch skupin po cel\u00e9 republice.\" \/>\n<meta property=\"og:url\" content=\"https:\/\/old.limityjsmemy.cz\/en\/\" \/>\n<meta property=\"og:site_name\" content=\"Limity jsme my\" \/>\n<meta property=\"article:publisher\" content=\"https:\/\/facebook.com\/limityjsmemy\/\" \/>\n<meta property=\"article:modified_time\" content=\"2020-08-27T18:15:15+00:00\" \/>\n<meta property=\"og:image\" content=\"https:\/\/old.limityjsmemy.cz\/wp-content\/uploads\/2016\/10\/DSC3019_IBRA_NET-1.jpg\" \/>\n\t<meta property=\"og:image:width\" content=\"1500\" \/>\n\t<meta property=\"og:image:height\" content=\"1000\" \/>\n\t<meta property=\"og:image:type\" content=\"image\/jpeg\" \/>\n<meta name=\"twitter:card\" content=\"summary_large_image\" \/>\n<meta name=\"twitter:site\" content=\"@LimityJsmeMy\" \/>\n<meta name=\"twitter:label1\" content=\"Est. reading time\" \/>\n\t<meta name=\"twitter:data1\" content=\"2 minutes\" \/>\n<script type=\"application\/ld+json\" class=\"yoast-schema-graph\">{\"@context\":\"https:\/\/schema.org\",\"@graph\":[{\"@type\":\"WebPage\",\"@id\":\"https:\/\/old.limityjsmemy.cz\/en\/\",\"url\":\"https:\/\/old.limityjsmemy.cz\/en\/\",\"name\":\"Limity jsme my \/\/ We are the limits! Join us!\",\"isPartOf\":{\"@id\":\"https:\/\/old.limityjsmemy.cz\/#website\"},\"datePublished\":\"2015-12-23T22:22:10+00:00\",\"dateModified\":\"2020-08-27T18:15:15+00:00\",\"description\":\"We are an open grassroots civic movement against coal mining and coal burning. We bring together individuals from various groups around the Czech republic.\",\"breadcrumb\":{\"@id\":\"https:\/\/old.limityjsmemy.cz\/en\/#breadcrumb\"},\"inLanguage\":\"en-US\",\"potentialAction\":[{\"@type\":\"ReadAction\",\"target\":[\"https:\/\/old.limityjsmemy.cz\/en\/\"]}]},{\"@type\":\"BreadcrumbList\",\"@id\":\"https:\/\/old.limityjsmemy.cz\/en\/#breadcrumb\",\"itemListElement\":[{\"@type\":\"ListItem\",\"position\":1,\"name\":\"Dom\u016f\",\"item\":\"https:\/\/old.limityjsmemy.cz\/en\/\"},{\"@type\":\"ListItem\",\"position\":2,\"name\":\"Home\"}]},{\"@type\":\"WebSite\",\"@id\":\"https:\/\/old.limityjsmemy.cz\/#website\",\"url\":\"https:\/\/old.limityjsmemy.cz\/\",\"name\":\"Limity jsme my\",\"description\":\"Hnut\u00ed za zachov\u00e1n\u00ed limit\u016f t\u011b\u017eby hn\u011bd\u00e9ho uhl\u00ed!\",\"publisher\":{\"@id\":\"https:\/\/old.limityjsmemy.cz\/#organization\"},\"potentialAction\":[{\"@type\":\"SearchAction\",\"target\":{\"@type\":\"EntryPoint\",\"urlTemplate\":\"https:\/\/old.limityjsmemy.cz\/?s={search_term_string}\"},\"query-input\":\"required name=search_term_string\"}],\"inLanguage\":\"en-US\"},{\"@type\":\"Organization\",\"@id\":\"https:\/\/old.limityjsmemy.cz\/#organization\",\"name\":\"Limity jsme my\",\"url\":\"https:\/\/old.limityjsmemy.cz\/\",\"logo\":{\"@type\":\"ImageObject\",\"inLanguage\":\"en-US\",\"@id\":\"https:\/\/old.limityjsmemy.cz\/#\/schema\/logo\/image\/\",\"url\":\"https:\/\/limityjsmemy.cz\/wp-content\/uploads\/2017\/06\/LimityJsmeMy.png\",\"contentUrl\":\"https:\/\/limityjsmemy.cz\/wp-content\/uploads\/2017\/06\/LimityJsmeMy.png\",\"width\":2257,\"height\":1506,\"caption\":\"Limity jsme my\"},\"image\":{\"@id\":\"https:\/\/old.limityjsmemy.cz\/#\/schema\/logo\/image\/\"},\"sameAs\":[\"https:\/\/facebook.com\/limityjsmemy\/\",\"https:\/\/twitter.com\/LimityJsmeMy\",\"https:\/\/www.instagram.com\/limityjsmemy\/\",\"https:\/\/www.youtube.com\/channel\/UCypVOtjZXGV1SXDJUGtx0EQ\"]}]}<\/script>\n<!-- \/ Yoast SEO plugin. -->","yoast_head_json":{"title":"Limity jsme my \/\/ We are the limits! Join us!","description":"We are an open grassroots civic movement against coal mining and coal burning. We bring together individuals from various groups around the Czech republic.","robots":{"index":"index","follow":"follow","max-snippet":"max-snippet:-1","max-image-preview":"max-image-preview:large","max-video-preview":"max-video-preview:-1"},"canonical":"https:\/\/old.limityjsmemy.cz\/en\/","og_locale":"en_US","og_type":"article","og_title":"Limity jsme my! P\u0159idejte se k n\u00e1m!","og_description":"Jsme otev\u0159en\u00e9 ob\u010dansk\u00e9 hnut\u00ed proti t\u011b\u017eb\u011b a spalov\u00e1n\u00ed uhl\u00ed zdola. Sdru\u017eujeme jednotlivce z r\u016fzn\u00fdch aktivistick\u00fdch i neaktivistick\u00fdch skupin po cel\u00e9 republice.","og_url":"https:\/\/old.limityjsmemy.cz\/en\/","og_site_name":"Limity jsme my","article_publisher":"https:\/\/facebook.com\/limityjsmemy\/","article_modified_time":"2020-08-27T18:15:15+00:00","og_image":[{"width":1500,"height":1000,"url":"https:\/\/old.limityjsmemy.cz\/wp-content\/uploads\/2016\/10\/DSC3019_IBRA_NET-1.jpg","type":"image\/jpeg"}],"twitter_card":"summary_large_image","twitter_site":"@LimityJsmeMy","twitter_misc":{"Est. reading time":"2 minutes"},"schema":{"@context":"https:\/\/schema.org","@graph":[{"@type":"WebPage","@id":"https:\/\/old.limityjsmemy.cz\/en\/","url":"https:\/\/old.limityjsmemy.cz\/en\/","name":"Limity jsme my \/\/ We are the limits! Join us!","isPartOf":{"@id":"https:\/\/old.limityjsmemy.cz\/#website"},"datePublished":"2015-12-23T22:22:10+00:00","dateModified":"2020-08-27T18:15:15+00:00","description":"We are an open grassroots civic movement against coal mining and coal burning. We bring together individuals from various groups around the Czech republic.","breadcrumb":{"@id":"https:\/\/old.limityjsmemy.cz\/en\/#breadcrumb"},"inLanguage":"en-US","potentialAction":[{"@type":"ReadAction","target":["https:\/\/old.limityjsmemy.cz\/en\/"]}]},{"@type":"BreadcrumbList","@id":"https:\/\/old.limityjsmemy.cz\/en\/#breadcrumb","itemListElement":[{"@type":"ListItem","position":1,"name":"Dom\u016f","item":"https:\/\/old.limityjsmemy.cz\/en\/"},{"@type":"ListItem","position":2,"name":"Home"}]},{"@type":"WebSite","@id":"https:\/\/old.limityjsmemy.cz\/#website","url":"https:\/\/old.limityjsmemy.cz\/","name":"Limity jsme my","description":"Hnut\u00ed za zachov\u00e1n\u00ed limit\u016f t\u011b\u017eby hn\u011bd\u00e9ho uhl\u00ed!","publisher":{"@id":"https:\/\/old.limityjsmemy.cz\/#organization"},"potentialAction":[{"@type":"SearchAction","target":{"@type":"EntryPoint","urlTemplate":"https:\/\/old.limityjsmemy.cz\/?s={search_term_string}"},"query-input":"required name=search_term_string"}],"inLanguage":"en-US"},{"@type":"Organization","@id":"https:\/\/old.limityjsmemy.cz\/#organization","name":"Limity jsme my","url":"https:\/\/old.limityjsmemy.cz\/","logo":{"@type":"ImageObject","inLanguage":"en-US","@id":"https:\/\/old.limityjsmemy.cz\/#\/schema\/logo\/image\/","url":"https:\/\/limityjsmemy.cz\/wp-content\/uploads\/2017\/06\/LimityJsmeMy.png","contentUrl":"https:\/\/limityjsmemy.cz\/wp-content\/uploads\/2017\/06\/LimityJsmeMy.png","width":2257,"height":1506,"caption":"Limity jsme my"},"image":{"@id":"https:\/\/old.limityjsmemy.cz\/#\/schema\/logo\/image\/"},"sameAs":["https:\/\/facebook.com\/limityjsmemy\/","https:\/\/twitter.com\/LimityJsmeMy","https:\/\/www.instagram.com\/limityjsmemy\/","https:\/\/www.youtube.com\/channel\/UCypVOtjZXGV1SXDJUGtx0EQ"]}]}},"_links":{"self":[{"href":"https:\/\/old.limityjsmemy.cz\/en\/wp-json\/wp\/v2\/pages\/2393"}],"collection":[{"href":"https:\/\/old.limityjsmemy.cz\/en\/wp-json\/wp\/v2\/pages"}],"about":[{"href":"https:\/\/old.limityjsmemy.cz\/en\/wp-json\/wp\/v2\/types\/page"}],"author":[{"embeddable":true,"href":"https:\/\/old.limityjsmemy.cz\/en\/wp-json\/wp\/v2\/users\/1"}],"replies":[{"embeddable":true,"href":"https:\/\/old.limityjsmemy.cz\/en\/wp-json\/wp\/v2\/comments?post=2393"}],"version-history":[{"count":87,"href":"https:\/\/old.limityjsmemy.cz\/en\/wp-json\/wp\/v2\/pages\/2393\/revisions"}],"predecessor-version":[{"id":4962,"href":"https:\/\/old.limityjsmemy.cz\/en\/wp-json\/wp\/v2\/pages\/2393\/revisions\/4962"}],"wp:attachment":[{"href":"https:\/\/old.limityjsmemy.cz\/en\/wp-json\/wp\/v2\/media?parent=2393"}],"curies":[{"name":"wp","href":"https:\/\/api.w.org\/{rel}","templated":true}]}}