{"id":2752,"date":"2017-05-23T02:42:15","date_gmt":"2017-05-23T00:42:15","guid":{"rendered":"https:\/\/limityjsmemy.cz\/?page_id=2752\/"},"modified":"2022-09-29T22:27:10","modified_gmt":"2022-09-29T20:27:10","slug":"press","status":"publish","type":"page","link":"https:\/\/old.limityjsmemy.cz\/en\/press\/","title":{"rendered":"Press info"},"content":{"rendered":"<p><section   class=\"fw-main-row-custom fw-main-row-top fw-section-no-padding  fw_theme_bg_fw-custom fw-section-image fw-section-height-lg  fw-section-position-back tf-sh-5b97578cf907d18402bbd3b941628164\"  style=\" background-image:url(https:\/\/limityjsmemy.cz\/wp-content\/uploads\/2017\/06\/Jezer\u030ci\u0301-a-lom-C\u030cSA.jpg); background-repeat: no-repeat; background-position: center center; background-size: cover;\"  >\n\t\t<div class=\"fw-main-row-overlay fw_theme_bg_color_3\" style=\"opacity: 0.33;\"><\/div>\t<div class=\"fw-container-fluid\" >\n\t\t<div class=\"fw-row\">\n\t<div id=\"column-69dccffe825c3\" class=\"fw-col-sm-12 tf-sh-6316de6144874e1ea897dc67f725ba2b\" >\n\t<div class=\"fw-wrap-col-inner clearfix  \"   >\n\t\t\t\t<div class=\"fw-col-inner\">\n\t\t\t<div class=\"fw-heading fw-heading-center  tf-sh-8bcef2fffaf42dfcf374399bc9f8cb13\" >\n\t\t\t<h1 class=\"fw-special-title\">Press info<\/h1>\n\t\n\t\n\t<\/div>\t\t<\/div>\n\t<\/div>\n<\/div><\/div>\n\n\t<\/div>\n\t<\/section><section   class=\"fw-main-row-custom fw-section-no-padding  auto  fw-section-position-back tf-sh-32497f72cd3870d422c99bfe41ea6287\"    >\n\t\t\t<div class=\"fw-container\" >\n\t\t<div class=\"fw-row\">\n\t<div id=\"column-69dccffe841ce\" class=\"fw-col-sm-12 tf-sh-5bfe28396043bde73cedcee7a22dc7bd\" >\n\t<div class=\"fw-wrap-col-inner clearfix  \"   >\n\t\t\t\t<div class=\"fw-col-inner\">\n\t\t\t<div class=\"fw-divider-space space-sm  clearfix\"  ><\/div>\t\t<\/div>\n\t<\/div>\n<\/div><\/div>\n\n<div class=\"fw-row\">\n\t<div id=\"column-69dccffe85772\" class=\"fw-col-sm-8 tf-sh-86d3dd8ce6a14b7505614ffa5358298a\" >\n\t<div class=\"fw-wrap-col-inner clearfix  \"   >\n\t\t\t\t<div class=\"fw-col-inner\">\n\t\t\t<div class=\"fw-heading fw-heading-left  tf-sh-ed5c403a44ab83e32bf2a3529f6bfb97\" >\n\t\t\t<h2 class=\"fw-special-title\">Press releases<\/h2>\n\t\n\t\n\t<\/div><div class=\"fw-shortcode-latest-posts postlist   fw-portfolio-masonry-on tf-sh-3fcbf47daea9032dd5c28848e352e89b fw-letter-no-caps\"   data-blog-type=\"blog-1\" data-posts-per-page=\"10\" data-category=\"46\" data-page=\"2\" data-max-pages=\"1\" data-blog-view=\"default\" data-columns=\"fw-portfolio-cols-3\" data-extra=''>\n\t<article id=\"post-5794\" class=\"post clearfix post-list-type-1 post-5794 type-post status-publish format-standard hentry category-news category-pr\" itemscope=\"itemscope\" itemtype=\"https:\/\/schema.org\/BlogPosting\" itemprop=\"blogPost\">\n\t\n\t<header class=\"entry-header\">\n\t\t\t\t\t<div class=\"wrap-entry-meta\">\n\t\t\t\t<meta itemscope itemprop=\"mainEntityOfPage\" itemType=\"https:\/\/schema.org\/WebPage\" itemid=\"https:\/\/google.com\/article\" content=\"\" \/>\n\t\t\t\t\t\t\t\t\t<span class=\"entry-date\">\n\t\t\t\t\t\t<a rel=\"bookmark\" href=\"https:\/\/old.limityjsmemy.cz\/en\/2024\/11\/protestors-have-to-pay-one-million-czk-for-blocking-the-bilina-coal-mine-cez-makes-billions-in-the-meantime-2\/\">\n\t\t\t\t\t\t\t<time itemprop=\"datePublished\" datetime=\"2024-11-28T13:28:54+01:00\">28.11.2024<\/time>\n\t\t\t\t\t\t\t<meta itemprop=\"dateModified\" content=\"2024-11-28T13:43:12+01:00\">\n\t\t\t\t\t\t<\/a>\n\t\t\t\t\t<\/span>\n\t\t\t\t\t\t\t\t\t\t\t\t\t\t\t<\/div>\n\t\t\t\t<h3 class=\"entry-title\" itemprop=\"headline\">\n\t\t\t\t\t\t<a href=\"https:\/\/old.limityjsmemy.cz\/en\/2024\/11\/protestors-have-to-pay-one-million-czk-for-blocking-the-bilina-coal-mine-cez-makes-billions-in-the-meantime-2\/\">Protestors have to pay one million CZK for blocking the B\u00edlina coal mine. \u010cEZ makes billions in the meantime.<\/a>\n\t\t<\/h3>\n\t<\/header>\n\n\t<div class=\"entry-content clearfix\" itemprop=\"text\">\n\t\t<p>Press release by Limity jsme my, 20. 11. 2024 The decision of the Regional Court on Wednesday, November 20th, dealt a blow not only to the 83 accused activists but also to the whole of the civil society. The activists who&nbsp;blocked the coal mine in an effort to draw attention to the unsustainability of coal [&hellip;]<\/p>\n\t\t<footer class=\"entry-meta clearfix\">\n\t\t\t\t\t<a href=\"https:\/\/old.limityjsmemy.cz\/en\/2024\/11\/protestors-have-to-pay-one-million-czk-for-blocking-the-bilina-coal-mine-cez-makes-billions-in-the-meantime-2\/\" class=\"fw-btn-post-read-more-blog fw-btn fw-btn-md fw-btn-1\" style=\"\">\n\t\t\t<span>\n\t\t\t\t\t\t\t\t\tRead More\t\t\t\t\t\t\t<\/span>\n\t\t<\/a>\n\t\t\t\t\t\t<\/footer>\n\t<\/div>\n<\/article><article id=\"post-4828\" class=\"post clearfix post-list-type-1 post-4828 type-post status-publish format-standard hentry category-news category-pr\" itemscope=\"itemscope\" itemtype=\"https:\/\/schema.org\/BlogPosting\" itemprop=\"blogPost\">\n\t\n\t<header class=\"entry-header\">\n\t\t\t\t\t<div class=\"wrap-entry-meta\">\n\t\t\t\t<meta itemscope itemprop=\"mainEntityOfPage\" itemType=\"https:\/\/schema.org\/WebPage\" itemid=\"https:\/\/google.com\/article\" content=\"\" \/>\n\t\t\t\t\t\t\t\t\t<span class=\"entry-date\">\n\t\t\t\t\t\t<a rel=\"bookmark\" href=\"https:\/\/old.limityjsmemy.cz\/en\/2020\/05\/end-oil-end-shell-twenty-climate-activists-occupy-roofs-of-petrol-stations-in-prague\/\">\n\t\t\t\t\t\t\t<time itemprop=\"datePublished\" datetime=\"2020-05-19T10:00:47+02:00\">19.5.2020<\/time>\n\t\t\t\t\t\t\t<meta itemprop=\"dateModified\" content=\"2020-05-19T10:45:24+02:00\">\n\t\t\t\t\t\t<\/a>\n\t\t\t\t\t<\/span>\n\t\t\t\t\t\t\t\t\t\t\t\t\t\t\t<\/div>\n\t\t\t\t<h3 class=\"entry-title\" itemprop=\"headline\">\n\t\t\t\t\t\t<a href=\"https:\/\/old.limityjsmemy.cz\/en\/2020\/05\/end-oil-end-shell-twenty-climate-activists-occupy-roofs-of-petrol-stations-in-prague\/\">End Oil, End Shell: Twenty Climate Activists Occupy Roofs of Petrol Stations in Prague<\/a>\n\t\t<\/h3>\n\t<\/header>\n\n\t<div class=\"entry-content clearfix\" itemprop=\"text\">\n\t\t<p>Prague, Czech Republic Press release published by climate movements Limity jsme my, Extinction Rebellion Czech Republic and Univerzity za Klima Approximately twenty climate activists occupied roofs of three petrol stations in Vrchlick\u00e9ho, Evropsk\u00e1 and Strakonick\u00e1 streets in Prague, Czech Republic, and dropped banners with slogans \u201cEnergy democracy\u201d, \u201cClimate justice\u201d and \u201cEnd oil, end Shell\u201d on [&hellip;]<\/p>\n\t\t<footer class=\"entry-meta clearfix\">\n\t\t\t\t\t<a href=\"https:\/\/old.limityjsmemy.cz\/en\/2020\/05\/end-oil-end-shell-twenty-climate-activists-occupy-roofs-of-petrol-stations-in-prague\/\" class=\"fw-btn-post-read-more-blog fw-btn fw-btn-md fw-btn-1\" style=\"\">\n\t\t\t<span>\n\t\t\t\t\t\t\t\t\tRead More\t\t\t\t\t\t\t<\/span>\n\t\t<\/a>\n\t\t\t\t\t\t<\/footer>\n\t<\/div>\n<\/article><article id=\"post-3588\" class=\"post clearfix post-list-type-1 post-3588 type-post status-publish format-standard hentry category-news category-pr\" itemscope=\"itemscope\" itemtype=\"https:\/\/schema.org\/BlogPosting\" itemprop=\"blogPost\">\n\t\n\t<header class=\"entry-header\">\n\t\t\t\t\t<div class=\"wrap-entry-meta\">\n\t\t\t\t<meta itemscope itemprop=\"mainEntityOfPage\" itemType=\"https:\/\/schema.org\/WebPage\" itemid=\"https:\/\/google.com\/article\" content=\"\" \/>\n\t\t\t\t\t\t\t\t\t<span class=\"entry-date\">\n\t\t\t\t\t\t<a rel=\"bookmark\" href=\"https:\/\/old.limityjsmemy.cz\/en\/2018\/04\/pr-generali-coal-water\/\">\n\t\t\t\t\t\t\t<time itemprop=\"datePublished\" datetime=\"2018-04-16T10:00:55+02:00\">16.4.2018<\/time>\n\t\t\t\t\t\t\t<meta itemprop=\"dateModified\" content=\"2018-04-16T14:23:18+02:00\">\n\t\t\t\t\t\t<\/a>\n\t\t\t\t\t<\/span>\n\t\t\t\t\t\t\t\t\t\t\t\t\t\t\t<\/div>\n\t\t\t\t<h3 class=\"entry-title\" itemprop=\"headline\">\n\t\t\t\t\t\t<a href=\"https:\/\/old.limityjsmemy.cz\/en\/2018\/04\/pr-generali-coal-water\/\">Generali\u2019s Coal Investment Steals Water, \u2028People Took It Back in Bank\u2019s Branch in Prague<\/a>\n\t\t<\/h3>\n\t<\/header>\n\n\t<div class=\"entry-content clearfix\" itemprop=\"text\">\n\t\t<p>Around twenty people came to local branch of Italian bank Generali in Prague at Monday 10 a.m. to fill empty barrels with water from tap in the building. They focus attention on dirty investments of Generali supporting coal industry which rise to two billion euros. This money threatens people with water shortages in northern Bohemia [&hellip;]<\/p>\n\t\t<footer class=\"entry-meta clearfix\">\n\t\t\t\t\t<a href=\"https:\/\/old.limityjsmemy.cz\/en\/2018\/04\/pr-generali-coal-water\/\" class=\"fw-btn-post-read-more-blog fw-btn fw-btn-md fw-btn-1\" style=\"\">\n\t\t\t<span>\n\t\t\t\t\t\t\t\t\tRead More\t\t\t\t\t\t\t<\/span>\n\t\t<\/a>\n\t\t\t\t\t\t<\/footer>\n\t<\/div>\n<\/article><article id=\"post-2810\" class=\"post clearfix post-list-type-1 post-2810 type-post status-publish format-standard has-post-thumbnail hentry category-news category-pr\" itemscope=\"itemscope\" itemtype=\"https:\/\/schema.org\/BlogPosting\" itemprop=\"blogPost\">\n\t\t\t<div class=\"fw-post-image fw-block-image-parent fw-block-image-left   fw-overlay-1\">\n\t\t\t<a href=\"https:\/\/old.limityjsmemy.cz\/en\/2016\/10\/declaration-25th-anniversary-limits-mining-limits-not-enough-want-end-coal-era\/\" class=\"post-thumbnail fw-block-image-child fw-ratio-16-9 fw-ratio-container\">\n\t\t\t\t<noscript itemscope itemtype=\"https:\/\/schema.org\/ImageObject\" itemprop=\"image\"><img src=\"https:\/\/old.limityjsmemy.cz\/wp-content\/uploads\/2016\/10\/13064557_1189359104410080_3148805146143209369_o-1.jpg\"  alt=\"13064557_1189359104410080_3148805146143209369_o\" data-maxdpr=\"1.7\" class=\"attachment-post-thumbnail lazyload\" \/><meta itemprop=\"url\" content=\"https:\/\/old.limityjsmemy.cz\/wp-content\/uploads\/2016\/10\/13064557_1189359104410080_3148805146143209369_o-1.jpg\"><meta itemprop=\"width\" content=\"1600\"><meta itemprop=\"height\" content=\"820\"><\/noscript><img src=\"data:image\/gif;base64,R0lGODlhAQABAIAAAAAAAP\/\/\/yH5BAEAAAAALAAAAAABAAEAAAIBRAA7\" data-sizes=\"auto\" data-srcset=\"https:\/\/old.limityjsmemy.cz\/wp-content\/uploads\/2016\/10\/13064557_1189359104410080_3148805146143209369_o-1-1228x691.jpg 1228w, https:\/\/old.limityjsmemy.cz\/wp-content\/uploads\/2016\/10\/13064557_1189359104410080_3148805146143209369_o-1-614x346.jpg 614w, https:\/\/old.limityjsmemy.cz\/wp-content\/uploads\/2016\/10\/13064557_1189359104410080_3148805146143209369_o-1-295x166.jpg 295w, https:\/\/old.limityjsmemy.cz\/wp-content\/uploads\/2016\/10\/13064557_1189359104410080_3148805146143209369_o-1-590x332.jpg 590w\"   alt=\"13064557_1189359104410080_3148805146143209369_o\" data-maxdpr=\"1.7\" class=\"attachment-post-thumbnail lazyload\" \/>\t\t\t\t<div class=\"fw-block-image-overlay\">\n\t\t\t\t\t<div class=\"fw-itable\">\n\t\t\t\t\t\t<div class=\"fw-icell\">\n\t\t\t\t\t\t\t<i class=\"fw-icon-link\"><\/i>\n\t\t\t\t\t\t<\/div>\n\t\t\t\t\t<\/div>\n\t\t\t\t<\/div>\n\t\t\t<\/a>\n\t\t<\/div>\n\t\n\t<header class=\"entry-header\">\n\t\t\t\t\t<div class=\"wrap-entry-meta\">\n\t\t\t\t<meta itemscope itemprop=\"mainEntityOfPage\" itemType=\"https:\/\/schema.org\/WebPage\" itemid=\"https:\/\/google.com\/article\" content=\"\" \/>\n\t\t\t\t\t\t\t\t\t<span class=\"entry-date\">\n\t\t\t\t\t\t<a rel=\"bookmark\" href=\"https:\/\/old.limityjsmemy.cz\/en\/2016\/10\/declaration-25th-anniversary-limits-mining-limits-not-enough-want-end-coal-era\/\">\n\t\t\t\t\t\t\t<time itemprop=\"datePublished\" datetime=\"2016-10-31T0:00:34+01:00\">31.10.2016<\/time>\n\t\t\t\t\t\t\t<meta itemprop=\"dateModified\" content=\"2018-04-16T14:29:09+02:00\">\n\t\t\t\t\t\t<\/a>\n\t\t\t\t\t<\/span>\n\t\t\t\t\t\t\t\t\t\t\t\t\t\t\t<\/div>\n\t\t\t\t<h3 class=\"entry-title\" itemprop=\"headline\">\n\t\t\t\t\t\t<a href=\"https:\/\/old.limityjsmemy.cz\/en\/2016\/10\/declaration-25th-anniversary-limits-mining-limits-not-enough-want-end-coal-era\/\">Declaration on the 25th anniversary of the limits: the mining limits are not enough. We want the end of the coal era<\/a>\n\t\t<\/h3>\n\t<\/header>\n\n\t<div class=\"entry-content clearfix\" itemprop=\"text\">\n\t\t<p>The climate of the whole planet is changing. Temperatures in 2015 were 20% higher than the 20th century average, and July of this year was the world\u2019s hottest month since records began. The results of global warming aren\u2019t only expansion of deserts, melting glaciers and rising sea levels. Its increasingly destructive impacts \u2013 extreme weather, [&hellip;]<\/p>\n\t\t<footer class=\"entry-meta clearfix\">\n\t\t\t\t\t<a href=\"https:\/\/old.limityjsmemy.cz\/en\/2016\/10\/declaration-25th-anniversary-limits-mining-limits-not-enough-want-end-coal-era\/\" class=\"fw-btn-post-read-more-blog fw-btn fw-btn-md fw-btn-1\" style=\"\">\n\t\t\t<span>\n\t\t\t\t\t\t\t\t\tRead More\t\t\t\t\t\t\t<\/span>\n\t\t<\/a>\n\t\t\t\t\t\t<\/footer>\n\t<\/div>\n<\/article>\n\t\t\t<\/div>\n\t\t<\/div>\n\t<\/div>\n<\/div><div id=\"column-69dccffe8f66b\" class=\"fw-col-sm-4 tf-sh-6d1d6ec2d524ba8a653186660e20b5b4\" >\n\t<div class=\"fw-wrap-col-inner clearfix  \"   >\n\t\t\t\t<div class=\"fw-col-inner\">\n\t\t\t<div class=\"fw-heading fw-heading-left  fw-heading-with-subtitle tf-sh-9a62a0e2fd97de3629d0c2db34236777\" >\n\t\t\t<h2 class=\"fw-special-title\">Contact<\/h2>\n\t\n\t\n\t\t\t<div class=\"fw-special-subtitle\">Rotating spokesperson<\/div>\n\t<\/div><div class=\"fw-text-box tf-sh-b6c1ca49944d1b6f40584daae2034161 \" >\n\t<div class=\"fw-text-inner\">\n\t\t<p>Phone: <a href=\"tel:+420-737-863-097\">+420 737 863 097<\/a><br \/>Email: <a href=\"mailto:media@limityjsmemy.cz\">ljm.media@riseup.net<\/a><\/p>\n\t<\/div>\n<\/div><div class=\"fw-divider-space space-sm  clearfix\"  ><\/div><div class=\"fw-heading fw-heading-left  tf-sh-1af702914529b29645303bf7de950897\" >\n\t\t\t<h2 class=\"fw-special-title\">Downloads<\/h2>\n\t\n\t\n\t<\/div><div class=\"fw-list list-default  tf-sh-9e5fa0a30b987f62ec40df12def764c7 \" >\n\t<ul>\n\t\t\n\t\t\t\n\t\t\t\t<li>\n\t\t\t\t\t<a  href=\"\/wp-content\/uploads\/2017\/05\/Poster-A3-en.pdf\" target=\"_self\">Poster (A3) [PDF, 672 KB]<\/a>\n\t\t\t\t\t\t\t\t\t<\/li>\n\n\t\t\t\n\t\t\t\t<li>\n\t\t\t\t\t<a  href=\"\/wp-content\/uploads\/2017\/05\/Poster-A5-en.pdf\" target=\"_self\">Poster (A5) [PDF, 656 KB]<\/a>\n\t\t\t\t\t\t\t\t\t<\/li>\n\n\t\t\t\n\t\t\t\t<li>\n\t\t\t\t\t<a  href=\"\/wp-content\/uploads\/2017\/05\/Logo.pdf\" target=\"_self\">Logo Limity jsme my [PDF, 91 KB]<\/a>\n\t\t\t\t\t\t\t\t\t<\/li>\n\n\t\t\t\n\t\t\t\t<li>\n\t\t\t\t\t<a  href=\"\/wp-content\/uploads\/2017\/05\/Logo-Dark-Background.pdf\" target=\"_self\">Logo (dark background) [PDF, 70 KB]<\/a>\n\t\t\t\t\t\t\t\t\t<\/li>\n\n\t\t\t\n\t\t\t\t<li>\n\t\t\t\t\t<a  href=\"\/wp-content\/uploads\/2017\/05\/Logo-BW.pdf\" target=\"_self\">Logo (greyscale) [PDF, 84 KB]<\/a>\n\t\t\t\t\t\t\t\t\t<\/li>\n\n\t\t\t\t\t\t<\/ul>\n<\/div>\t\t<\/div>\n\t<\/div>\n<\/div><\/div>\n\n<div class=\"fw-row\">\n\t<div id=\"column-69dccffe92818\" class=\"fw-col-sm-12 tf-sh-5bfe28396043bde73cedcee7a22dc7bd\" >\n\t<div class=\"fw-wrap-col-inner clearfix  \"   >\n\t\t\t\t<div class=\"fw-col-inner\">\n\t\t\t<div class=\"fw-divider-space space-md  clearfix\"  ><\/div>\t\t<\/div>\n\t<\/div>\n<\/div><\/div>\n\n\t<\/div>\n\t<\/section><\/p>\n","protected":false},"excerpt":{"rendered":"<p>The climate of the whole planet is changing. Temperatures in 2015 were 20% higher than the 20th century average, and July of this year was the world\u2019s hottest month since records began. The results of global warming aren\u2019t only expansion of deserts, melting glaciers and rising sea levels. Its increasingly destructive impacts \u2013 extreme weather, [&hellip;]<\/p>\n","protected":false},"author":3,"featured_media":0,"parent":0,"menu_order":0,"comment_status":"closed","ping_status":"closed","template":"visual-builder-template.php","meta":[],"yoast_head":"<!-- This site is optimized with the Yoast SEO plugin v21.2 - https:\/\/yoast.com\/wordpress\/plugins\/seo\/ -->\n<title>Press info &#8212; Limity jsme my<\/title>\n<meta name=\"description\" content=\"Press releases, media contact, posters, logos and other materials to download from grassroots movement against mining and burning of coal.\" \/>\n<meta name=\"robots\" content=\"index, follow, max-snippet:-1, max-image-preview:large, max-video-preview:-1\" \/>\n<link rel=\"canonical\" href=\"https:\/\/old.limityjsmemy.cz\/en\/press\/\" \/>\n<meta property=\"og:locale\" content=\"en_US\" \/>\n<meta property=\"og:type\" content=\"article\" \/>\n<meta property=\"og:title\" content=\"Press info &#8212; Limity jsme my\" \/>\n<meta property=\"og:description\" content=\"Press releases, media contact, posters, logos and other materials to download from grassroots movement against mining and burning of coal.\" \/>\n<meta property=\"og:url\" content=\"https:\/\/old.limityjsmemy.cz\/en\/press\/\" \/>\n<meta property=\"og:site_name\" content=\"Limity jsme my\" \/>\n<meta property=\"article:publisher\" content=\"https:\/\/facebook.com\/limityjsmemy\/\" \/>\n<meta property=\"article:modified_time\" content=\"2022-09-29T20:27:10+00:00\" \/>\n<meta property=\"og:image\" content=\"https:\/\/limityjsmemy.cz\/wp-content\/uploads\/2016\/10\/13064557_1189359104410080_3148805146143209369_o-1.jpg\" \/>\n<meta name=\"twitter:card\" content=\"summary_large_image\" \/>\n<meta name=\"twitter:site\" content=\"@LimityJsmeMy\" \/>\n<meta name=\"twitter:label1\" content=\"Est. reading time\" \/>\n\t<meta name=\"twitter:data1\" content=\"1 minute\" \/>\n<script type=\"application\/ld+json\" class=\"yoast-schema-graph\">{\"@context\":\"https:\/\/schema.org\",\"@graph\":[{\"@type\":\"WebPage\",\"@id\":\"https:\/\/old.limityjsmemy.cz\/en\/press\/\",\"url\":\"https:\/\/old.limityjsmemy.cz\/en\/press\/\",\"name\":\"Press info &#8212; Limity jsme my\",\"isPartOf\":{\"@id\":\"https:\/\/old.limityjsmemy.cz\/#website\"},\"datePublished\":\"2017-05-23T00:42:15+00:00\",\"dateModified\":\"2022-09-29T20:27:10+00:00\",\"description\":\"Press releases, media contact, posters, logos and other materials to download from grassroots movement against mining and burning of coal.\",\"breadcrumb\":{\"@id\":\"https:\/\/old.limityjsmemy.cz\/en\/press\/#breadcrumb\"},\"inLanguage\":\"en-US\",\"potentialAction\":[{\"@type\":\"ReadAction\",\"target\":[\"https:\/\/old.limityjsmemy.cz\/en\/press\/\"]}]},{\"@type\":\"BreadcrumbList\",\"@id\":\"https:\/\/old.limityjsmemy.cz\/en\/press\/#breadcrumb\",\"itemListElement\":[{\"@type\":\"ListItem\",\"position\":1,\"name\":\"Dom\u016f\",\"item\":\"https:\/\/old.limityjsmemy.cz\/en\/\"},{\"@type\":\"ListItem\",\"position\":2,\"name\":\"Press info\"}]},{\"@type\":\"WebSite\",\"@id\":\"https:\/\/old.limityjsmemy.cz\/#website\",\"url\":\"https:\/\/old.limityjsmemy.cz\/\",\"name\":\"Limity jsme my\",\"description\":\"Hnut\u00ed za zachov\u00e1n\u00ed limit\u016f t\u011b\u017eby hn\u011bd\u00e9ho uhl\u00ed!\",\"publisher\":{\"@id\":\"https:\/\/old.limityjsmemy.cz\/#organization\"},\"potentialAction\":[{\"@type\":\"SearchAction\",\"target\":{\"@type\":\"EntryPoint\",\"urlTemplate\":\"https:\/\/old.limityjsmemy.cz\/?s={search_term_string}\"},\"query-input\":\"required name=search_term_string\"}],\"inLanguage\":\"en-US\"},{\"@type\":\"Organization\",\"@id\":\"https:\/\/old.limityjsmemy.cz\/#organization\",\"name\":\"Limity jsme my\",\"url\":\"https:\/\/old.limityjsmemy.cz\/\",\"logo\":{\"@type\":\"ImageObject\",\"inLanguage\":\"en-US\",\"@id\":\"https:\/\/old.limityjsmemy.cz\/#\/schema\/logo\/image\/\",\"url\":\"https:\/\/limityjsmemy.cz\/wp-content\/uploads\/2017\/06\/LimityJsmeMy.png\",\"contentUrl\":\"https:\/\/limityjsmemy.cz\/wp-content\/uploads\/2017\/06\/LimityJsmeMy.png\",\"width\":2257,\"height\":1506,\"caption\":\"Limity jsme my\"},\"image\":{\"@id\":\"https:\/\/old.limityjsmemy.cz\/#\/schema\/logo\/image\/\"},\"sameAs\":[\"https:\/\/facebook.com\/limityjsmemy\/\",\"https:\/\/twitter.com\/LimityJsmeMy\",\"https:\/\/www.instagram.com\/limityjsmemy\/\",\"https:\/\/www.youtube.com\/channel\/UCypVOtjZXGV1SXDJUGtx0EQ\"]}]}<\/script>\n<!-- \/ Yoast SEO plugin. -->","yoast_head_json":{"title":"Press info &#8212; Limity jsme my","description":"Press releases, media contact, posters, logos and other materials to download from grassroots movement against mining and burning of coal.","robots":{"index":"index","follow":"follow","max-snippet":"max-snippet:-1","max-image-preview":"max-image-preview:large","max-video-preview":"max-video-preview:-1"},"canonical":"https:\/\/old.limityjsmemy.cz\/en\/press\/","og_locale":"en_US","og_type":"article","og_title":"Press info &#8212; Limity jsme my","og_description":"Press releases, media contact, posters, logos and other materials to download from grassroots movement against mining and burning of coal.","og_url":"https:\/\/old.limityjsmemy.cz\/en\/press\/","og_site_name":"Limity jsme my","article_publisher":"https:\/\/facebook.com\/limityjsmemy\/","article_modified_time":"2022-09-29T20:27:10+00:00","og_image":[{"url":"https:\/\/limityjsmemy.cz\/wp-content\/uploads\/2016\/10\/13064557_1189359104410080_3148805146143209369_o-1.jpg"}],"twitter_card":"summary_large_image","twitter_site":"@LimityJsmeMy","twitter_misc":{"Est. reading time":"1 minute"},"schema":{"@context":"https:\/\/schema.org","@graph":[{"@type":"WebPage","@id":"https:\/\/old.limityjsmemy.cz\/en\/press\/","url":"https:\/\/old.limityjsmemy.cz\/en\/press\/","name":"Press info &#8212; Limity jsme my","isPartOf":{"@id":"https:\/\/old.limityjsmemy.cz\/#website"},"datePublished":"2017-05-23T00:42:15+00:00","dateModified":"2022-09-29T20:27:10+00:00","description":"Press releases, media contact, posters, logos and other materials to download from grassroots movement against mining and burning of coal.","breadcrumb":{"@id":"https:\/\/old.limityjsmemy.cz\/en\/press\/#breadcrumb"},"inLanguage":"en-US","potentialAction":[{"@type":"ReadAction","target":["https:\/\/old.limityjsmemy.cz\/en\/press\/"]}]},{"@type":"BreadcrumbList","@id":"https:\/\/old.limityjsmemy.cz\/en\/press\/#breadcrumb","itemListElement":[{"@type":"ListItem","position":1,"name":"Dom\u016f","item":"https:\/\/old.limityjsmemy.cz\/en\/"},{"@type":"ListItem","position":2,"name":"Press info"}]},{"@type":"WebSite","@id":"https:\/\/old.limityjsmemy.cz\/#website","url":"https:\/\/old.limityjsmemy.cz\/","name":"Limity jsme my","description":"Hnut\u00ed za zachov\u00e1n\u00ed limit\u016f t\u011b\u017eby hn\u011bd\u00e9ho uhl\u00ed!","publisher":{"@id":"https:\/\/old.limityjsmemy.cz\/#organization"},"potentialAction":[{"@type":"SearchAction","target":{"@type":"EntryPoint","urlTemplate":"https:\/\/old.limityjsmemy.cz\/?s={search_term_string}"},"query-input":"required name=search_term_string"}],"inLanguage":"en-US"},{"@type":"Organization","@id":"https:\/\/old.limityjsmemy.cz\/#organization","name":"Limity jsme my","url":"https:\/\/old.limityjsmemy.cz\/","logo":{"@type":"ImageObject","inLanguage":"en-US","@id":"https:\/\/old.limityjsmemy.cz\/#\/schema\/logo\/image\/","url":"https:\/\/limityjsmemy.cz\/wp-content\/uploads\/2017\/06\/LimityJsmeMy.png","contentUrl":"https:\/\/limityjsmemy.cz\/wp-content\/uploads\/2017\/06\/LimityJsmeMy.png","width":2257,"height":1506,"caption":"Limity jsme my"},"image":{"@id":"https:\/\/old.limityjsmemy.cz\/#\/schema\/logo\/image\/"},"sameAs":["https:\/\/facebook.com\/limityjsmemy\/","https:\/\/twitter.com\/LimityJsmeMy","https:\/\/www.instagram.com\/limityjsmemy\/","https:\/\/www.youtube.com\/channel\/UCypVOtjZXGV1SXDJUGtx0EQ"]}]}},"_links":{"self":[{"href":"https:\/\/old.limityjsmemy.cz\/en\/wp-json\/wp\/v2\/pages\/2752"}],"collection":[{"href":"https:\/\/old.limityjsmemy.cz\/en\/wp-json\/wp\/v2\/pages"}],"about":[{"href":"https:\/\/old.limityjsmemy.cz\/en\/wp-json\/wp\/v2\/types\/page"}],"author":[{"embeddable":true,"href":"https:\/\/old.limityjsmemy.cz\/en\/wp-json\/wp\/v2\/users\/3"}],"replies":[{"embeddable":true,"href":"https:\/\/old.limityjsmemy.cz\/en\/wp-json\/wp\/v2\/comments?post=2752"}],"version-history":[{"count":11,"href":"https:\/\/old.limityjsmemy.cz\/en\/wp-json\/wp\/v2\/pages\/2752\/revisions"}],"predecessor-version":[{"id":5517,"href":"https:\/\/old.limityjsmemy.cz\/en\/wp-json\/wp\/v2\/pages\/2752\/revisions\/5517"}],"wp:attachment":[{"href":"https:\/\/old.limityjsmemy.cz\/en\/wp-json\/wp\/v2\/media?parent=2752"}],"curies":[{"name":"wp","href":"https:\/\/api.w.org\/{rel}","templated":true}]}}