{"id":2778,"date":"2015-12-23T22:22:28","date_gmt":"2015-12-23T22:22:28","guid":{"rendered":"https:\/\/limityjsmemy.cz\/about\/"},"modified":"2024-10-09T13:35:00","modified_gmt":"2024-10-09T11:35:00","slug":"about","status":"publish","type":"page","link":"https:\/\/old.limityjsmemy.cz\/en\/about\/","title":{"rendered":"About us"},"content":{"rendered":"<p><section   class=\"fw-main-row-custom fw-main-row-top fw-section-no-padding  fw_theme_bg_fw-custom fw-section-image fw-section-height-lg  fw-section-position-back tf-sh-5b97578cf907d18402bbd3b941628164\"  style=\" background-image:url(https:\/\/limityjsmemy.cz\/wp-content\/uploads\/2017\/06\/Ibra-DSC3019.jpg); background-repeat: no-repeat; background-position: center top; background-size: cover;\"  >\n\t\t<div class=\"fw-main-row-overlay fw_theme_bg_color_3\" style=\"opacity: 0.5;\"><\/div>\t<div class=\"fw-container-fluid\" >\n\t\t<div class=\"fw-row\">\n\t<div id=\"column-69dccfcd0c7df\" class=\"fw-col-sm-12 tf-sh-6316de6144874e1ea897dc67f725ba2b\" >\n\t<div class=\"fw-wrap-col-inner clearfix  \"   >\n\t\t\t\t<div class=\"fw-col-inner\">\n\t\t\t<div class=\"fw-heading fw-heading-center  tf-sh-8bcef2fffaf42dfcf374399bc9f8cb13\" >\n\t\t\t<h1 class=\"fw-special-title\">About us<\/h1>\n\t\n\t\n\t<\/div>\t\t<\/div>\n\t<\/div>\n<\/div><\/div>\n\n\t<\/div>\n\t<\/section><section   class=\"fw-main-row-custom fw-section-no-padding  auto  fw-section-position-back tf-sh-32497f72cd3870d422c99bfe41ea6287\"  style=\" background-color:#0f0f0f;\"  >\n\t\t\t<div class=\"fw-container\" >\n\t\t<div class=\"fw-row\">\n\t<div id=\"column-69dccfcd0e767\" class=\"fw-col-sm-12 tf-sh-606fe8c5b3826c7f0d0af6733ba0304f\" >\n\t<div class=\"fw-wrap-col-inner clearfix  \"   >\n\t\t\t\t<div class=\"fw-col-inner\">\n\t\t\t<div class=\"fw-divider-space space-sm  clearfix\"  ><\/div>\t\t<\/div>\n\t<\/div>\n<\/div><\/div>\n\n<div class=\"fw-row\">\n\t<div id=\"column-69dccfcd0fc3f\" class=\"fw-col-sm-12 tf-sh-86d3dd8ce6a14b7505614ffa5358298a\" >\n\t<div class=\"fw-wrap-col-inner clearfix  \"   >\n\t\t\t\t<div class=\"fw-col-inner\">\n\t\t\t<div class=\"fw-heading fw-heading-left  tf-sh-dfcc759c6b2f4dbf3401c9f5476dc093\" >\n\t\t\t<h2 class=\"fw-special-title\">Who are we?<\/h2>\n\t\n\t\n\t<\/div><div class=\"fw-text-box tf-sh-3a8dbc615826b1725c38b44926e2c264 \" >\n\t<div class=\"fw-text-inner\">\n\t\t<p>We are an open grassroots civic movement against coal mining and coal burning. We bring together individuals from both activist and non-activist groups around the Czech republic. We were created in 2015 in the wake of a governmental proposal to break the brown coal mining limits in Northern Bohemia, which would mean, in its worst form, demolition of towns of Horn\u00ed Ji\u0159et\u00edn and \u010cernice. During the 2015 campaign for keeping the mining limits, we organized together with thousands of people around the country and stood against breaking the coal mining limits in the B\u00edlina mine and \u010cSA in Northern Bohemia.<\/p>\n<p>The continuing mining and coal burning is not only a threat to people\u2019s homes and health in Northern Bohemia at the moment. They are also one of the imminent causes of the global climate change. The urgency of the climate change is serious to such extent where it\u2019s impossible to be satisfied with the limits leading to end the coal mining in the Czech republic as far as 2055. This is why the movement Limity jsme my joins the global struggle to a responsible solution for climate change and the future without the unclean fossil fuels. It will employ pressure for an immediate end of the coal mining in the Czech republic and a transformation to renewable energy sources.<\/p>\n\t<\/div>\n<\/div><div class=\"fw-heading fw-heading-left  tf-sh-500890dfff91bf5de26d7e532d3d2ecd\" >\n\t\t\t<h2 class=\"fw-special-title\">Campaign for keeping the coal mining limits<\/h2>\n\t\n\t\n\t<\/div><div class=\"fw-text-box tf-sh-c1ea0aa45a996a185f1c4670dfe51d13 \" >\n\t<div class=\"fw-text-inner\">\n\t\t<p>We stood against breaking the coal mining limits in the B\u00edlina mine and Northern Bohemia, along with thousands of people from all around the country.<\/p>\n<p>The first public event, dedicated to memory of the Northern Bohemia towns demolished for the coal mining, was held in February in 2015. There were memorials held in fourteen different places in the country and the message was clear: We are against the brown coal mining limits breaking and the further expanding of the coal industry.<\/p>\n<p>Same year in June we continued with the protests in more than twenty places which were joined by more than a thousand people. The protests were supported by our allies in Germany, Belgium, Finland or Brazil. Furthermore, we held a manifestation in front of house belonging to one of the owners of the region\u2019s coal mines (owner of Severn\u00ed energetick\u00e1, Northern energetics, Jan Dienstl), where we played the sound of the excavator in front his residence\u2019s gates. We organized a similar manifestation during the tripartite negotiations.<\/p>\n<p>In the petition, collected between February and September 2015, more than three thousand people vowed to protect Horn\u00ed Ji\u0159et\u00edn from demolition in case of breaking the mining limits. We submitted the petition to the government.<\/p>\n<p>The campaign reached its peak in the form of the demonstration during the governmental meeting in the \u00dast\u00ed region, where the government decided to partially break the mining limits in B\u00edlina, and to release more than a hundred tons of the brown coal.<\/p>\n\t<\/div>\n<\/div><div class=\"fw-heading fw-heading-left  tf-sh-76e38fab0538e02f13a322e3185b6089\" >\n\t\t\t<h2 class=\"fw-special-title\">Limits alone are not enough<\/h2>\n\t\n\t\n\t<\/div><div class=\"fw-text-box tf-sh-2a805d79315840ea8f2f2e1c0bf7c699 \" >\n\t<div class=\"fw-text-inner\">\n\t\t<p>In May 2016, we joined thousands of people from all over Europe in the massive Ende Gel\u00e4nde event and the closing of the brown coal mine in Lusatia in Germany. We were protesting against the ongoing mining and against the planned sale of the Lusatia mines belonging to a Swedish company Vattenfall, K\u0159etinsk\u00fd\u2019s EPH.<\/p>\n<p>In June, we organized a cleaning action in Prague\u2019s EPH headquarter, when we, with mops and brooms in our hands, tried to raise public awareness of the company\u2019s dirty business and pressure the Swedish government not to sell the mines, but close them. Sadly, the Swedish government voted for the sell and the mines now belong to K\u0159etinsk\u00fd\u2019s business holding.<\/p>\n<p>The climate is changing, and where the petitions can\u2019t go, it\u2019s time for action instead of talk. We want to fight to end the coal era and stand against the coal mining industry, along with others all over the world. Join us. Limits are us.<\/p>\n\t<\/div>\n<\/div>\t\t<\/div>\n\t<\/div>\n<\/div><\/div>\n\n<div class=\"fw-row\">\n\t<div id=\"column-69dccfcd12f10\" class=\"fw-col-sm-12 tf-sh-606fe8c5b3826c7f0d0af6733ba0304f\" >\n\t<div class=\"fw-wrap-col-inner clearfix  \"   >\n\t\t\t\t<div class=\"fw-col-inner\">\n\t\t\t<div class=\"fw-divider-space space-md  clearfix\"  ><\/div>\t\t<\/div>\n\t<\/div>\n<\/div><\/div>\n\n<div class=\"fw-row\">\n\t<div id=\"column-69dccfcd142b9\" class=\"fw-col-sm-4 tf-sh-cabf5243037dc5be8d7ae08ab99c8188  fw-animated-element\" data-animation-type=\"fadeInUp\" data-animation-delay=\"700\">\n\t<div class=\"fw-wrap-col-inner clearfix  \"   >\n\t\t\t\t<div class=\"fw-col-inner\">\n\t\t\t\n\t\t\t        \t\t<div class=\"fw-block-image-parent fw-overlay-1 fw-block-image-icon   \"  style=\"width: 100%; \">\n            \t\t\t<a class=\"fw-block-image-child fw-ratio-1 fw-ratio-container\" href=\"\/\/limityjsmemy.cz\/wp-content\/uploads\/2015\/12\/limity_osobnosti.jpg\" data-rel=\"prettyPhoto\" rel=\"prettyPhoto\">\n\t\t\t\t<noscript itemscope itemtype=\"https:\/\/schema.org\/ImageObject\" itemprop=\"image\"><img src=\"https:\/\/old.limityjsmemy.cz\/wp-content\/uploads\/2015\/12\/limity_osobnosti.jpg\"  alt=\"limity_osobnosti\" data-maxdpr=\"1.7\" class=\"lazyload\" \/><meta itemprop=\"url\" content=\"https:\/\/old.limityjsmemy.cz\/wp-content\/uploads\/2015\/12\/limity_osobnosti.jpg\"><meta itemprop=\"width\" content=\"1500\"><meta itemprop=\"height\" content=\"1000\"><\/noscript><img src=\"data:image\/gif;base64,R0lGODlhAQABAIAAAAAAAP\/\/\/yH5BAEAAAAALAAAAAABAAEAAAIBRAA7\" data-sizes=\"auto\" data-srcset=\"https:\/\/old.limityjsmemy.cz\/wp-content\/uploads\/2015\/12\/limity_osobnosti-150x150.jpg 150w, https:\/\/old.limityjsmemy.cz\/wp-content\/uploads\/2015\/12\/limity_osobnosti-800x800.jpg 800w, https:\/\/old.limityjsmemy.cz\/wp-content\/uploads\/2015\/12\/limity_osobnosti-300x300.jpg 300w\"   alt=\"limity_osobnosti\" data-maxdpr=\"1.7\" class=\"lazyload\" \/>\t\t\t\t                                    <div class=\"fw-block-image-overlay\">\n                        <div class=\"fw-itable\">\n                            <div class=\"fw-icell\">\n                                <i class=\"fw-icon-zoom\"><\/i>\n                            <\/div>\n                        <\/div>\n                    <\/div>\n                \t\t\t<\/a>\n            \t\t<\/div>\n\n\t\n\t\t<\/div>\n\t<\/div>\n<\/div><div id=\"column-69dccfcd15a5c\" class=\"fw-col-sm-4 tf-sh-e33d74f63fa51d02cd03010a0eae19f3  fw-animated-element\" data-animation-type=\"fadeInUp\" data-animation-delay=\"700\">\n\t<div class=\"fw-wrap-col-inner clearfix  \"   >\n\t\t\t\t<div class=\"fw-col-inner\">\n\t\t\t\n\t\t\t        \t\t<div class=\"fw-block-image-parent fw-overlay-1 fw-block-image-icon   \"  style=\"width: 100%; \">\n            \t\t\t<a class=\"fw-block-image-child fw-ratio-1 fw-ratio-container\" href=\"\/\/limityjsmemy.cz\/wp-content\/uploads\/2016\/10\/13179069_1189359167743407_290940268895134452_n.jpg\" data-rel=\"prettyPhoto\" rel=\"prettyPhoto\">\n\t\t\t\t<noscript itemscope itemtype=\"https:\/\/schema.org\/ImageObject\" itemprop=\"image\"><img src=\"https:\/\/old.limityjsmemy.cz\/wp-content\/uploads\/2016\/10\/13179069_1189359167743407_290940268895134452_n.jpg\"  alt=\"13179069_1189359167743407_290940268895134452_n\" data-maxdpr=\"1.7\" class=\"lazyload\" \/><meta itemprop=\"url\" content=\"https:\/\/old.limityjsmemy.cz\/wp-content\/uploads\/2016\/10\/13179069_1189359167743407_290940268895134452_n.jpg\"><meta itemprop=\"width\" content=\"800\"><meta itemprop=\"height\" content=\"396\"><\/noscript><img src=\"data:image\/gif;base64,R0lGODlhAQABAIAAAAAAAP\/\/\/yH5BAEAAAAALAAAAAABAAEAAAIBRAA7\" data-sizes=\"auto\" data-srcset=\"https:\/\/old.limityjsmemy.cz\/wp-content\/uploads\/2016\/10\/13179069_1189359167743407_290940268895134452_n-150x150.jpg 150w, https:\/\/old.limityjsmemy.cz\/wp-content\/uploads\/2016\/10\/13179069_1189359167743407_290940268895134452_n-300x300.jpg 300w\"   alt=\"13179069_1189359167743407_290940268895134452_n\" data-maxdpr=\"1.7\" class=\"lazyload\" \/>\t\t\t\t                                    <div class=\"fw-block-image-overlay\">\n                        <div class=\"fw-itable\">\n                            <div class=\"fw-icell\">\n                                <i class=\"fw-icon-zoom\"><\/i>\n                            <\/div>\n                        <\/div>\n                    <\/div>\n                \t\t\t<\/a>\n            \t\t<\/div>\n\n\t\n\t\t<\/div>\n\t<\/div>\n<\/div><div id=\"column-69dccfcd16c5f\" class=\"fw-col-sm-4 tf-sh-92d897362d916763e849c10f067e24b6  fw-animated-element\" data-animation-type=\"fadeInUp\" data-animation-delay=\"700\">\n\t<div class=\"fw-wrap-col-inner clearfix  \"   >\n\t\t\t\t<div class=\"fw-col-inner\">\n\t\t\t\n\t\t\t        \t\t<div class=\"fw-block-image-parent fw-overlay-1 fw-block-image-icon   \"  style=\"width: 100%; \">\n            \t\t\t<a class=\"fw-block-image-child fw-ratio-1 fw-ratio-container\" href=\"\/\/limityjsmemy.cz\/wp-content\/uploads\/2022\/09\/1a.jpg\" data-rel=\"prettyPhoto\" rel=\"prettyPhoto\">\n\t\t\t\t<noscript itemscope itemtype=\"https:\/\/schema.org\/ImageObject\" itemprop=\"image\"><img src=\"https:\/\/old.limityjsmemy.cz\/wp-content\/uploads\/2022\/09\/1a.jpg\"  alt=\"1a\" data-maxdpr=\"1.7\" class=\"lazyload\" \/><meta itemprop=\"url\" content=\"https:\/\/old.limityjsmemy.cz\/wp-content\/uploads\/2022\/09\/1a.jpg\"><meta itemprop=\"width\" content=\"1024\"><meta itemprop=\"height\" content=\"683\"><\/noscript><img src=\"data:image\/gif;base64,R0lGODlhAQABAIAAAAAAAP\/\/\/yH5BAEAAAAALAAAAAABAAEAAAIBRAA7\" data-sizes=\"auto\" data-srcset=\"https:\/\/old.limityjsmemy.cz\/wp-content\/uploads\/2022\/09\/1a-150x150.jpg 150w, https:\/\/old.limityjsmemy.cz\/wp-content\/uploads\/2022\/09\/1a-300x300.jpg 300w\"   alt=\"1a\" data-maxdpr=\"1.7\" class=\"lazyload\" \/>\t\t\t\t                                    <div class=\"fw-block-image-overlay\">\n                        <div class=\"fw-itable\">\n                            <div class=\"fw-icell\">\n                                <i class=\"fw-icon-zoom\"><\/i>\n                            <\/div>\n                        <\/div>\n                    <\/div>\n                \t\t\t<\/a>\n            \t\t<\/div>\n\n\t\n\t\t<\/div>\n\t<\/div>\n<\/div><\/div>\n\n<div class=\"fw-row\">\n\t<div id=\"column-69dccfcd183e8\" class=\"fw-col-sm-12 tf-sh-606fe8c5b3826c7f0d0af6733ba0304f\" >\n\t<div class=\"fw-wrap-col-inner clearfix  \"   >\n\t\t\t\t<div class=\"fw-col-inner\">\n\t\t\t<div class=\"fw-divider-space space-md  clearfix\"  ><\/div>\t\t<\/div>\n\t<\/div>\n<\/div><\/div>\n\n\t<\/div>\n\t<\/section><\/p>\n","protected":false},"excerpt":{"rendered":"<p>About us Who are we? We are an open grassroots civic movement against coal mining and coal burning. We bring together individuals from both activist and non-activist groups around the Czech republic. We were created in 2015 in the wake of a governmental proposal to break the brown coal mining limits in Northern Bohemia, which [&hellip;]<\/p>\n","protected":false},"author":1,"featured_media":0,"parent":0,"menu_order":0,"comment_status":"closed","ping_status":"closed","template":"visual-builder-template.php","meta":[],"yoast_head":"<!-- This site is optimized with the Yoast SEO plugin v21.2 - https:\/\/yoast.com\/wordpress\/plugins\/seo\/ -->\n<title>About us &#8212; Limity jsme my<\/title>\n<meta name=\"description\" content=\"We are an open grassroots civic movement against coal mining and coal burning.\" \/>\n<meta name=\"robots\" content=\"index, follow, max-snippet:-1, max-image-preview:large, max-video-preview:-1\" \/>\n<link rel=\"canonical\" href=\"https:\/\/old.limityjsmemy.cz\/en\/about\/\" \/>\n<meta property=\"og:locale\" content=\"en_US\" \/>\n<meta property=\"og:type\" content=\"article\" \/>\n<meta property=\"og:title\" content=\"About us &#8212; Limity jsme my\" \/>\n<meta property=\"og:description\" content=\"We are an open grassroots civic movement against coal mining and coal burning.\" \/>\n<meta property=\"og:url\" content=\"https:\/\/old.limityjsmemy.cz\/en\/about\/\" \/>\n<meta property=\"og:site_name\" content=\"Limity jsme my\" \/>\n<meta property=\"article:publisher\" content=\"https:\/\/facebook.com\/limityjsmemy\/\" \/>\n<meta property=\"article:modified_time\" content=\"2024-10-09T11:35:00+00:00\" \/>\n<meta property=\"og:image\" content=\"https:\/\/limityjsmemy.cz\/wp-content\/uploads\/2015\/12\/limity_osobnosti.jpg\" \/>\n<meta name=\"twitter:card\" content=\"summary_large_image\" \/>\n<meta name=\"twitter:site\" content=\"@LimityJsmeMy\" \/>\n<meta name=\"twitter:label1\" content=\"Est. reading time\" \/>\n\t<meta name=\"twitter:data1\" content=\"6 minutes\" \/>\n<script type=\"application\/ld+json\" class=\"yoast-schema-graph\">{\"@context\":\"https:\/\/schema.org\",\"@graph\":[{\"@type\":\"WebPage\",\"@id\":\"https:\/\/old.limityjsmemy.cz\/en\/about\/\",\"url\":\"https:\/\/old.limityjsmemy.cz\/en\/about\/\",\"name\":\"About us &#8212; Limity jsme my\",\"isPartOf\":{\"@id\":\"https:\/\/old.limityjsmemy.cz\/#website\"},\"datePublished\":\"2015-12-23T22:22:28+00:00\",\"dateModified\":\"2024-10-09T11:35:00+00:00\",\"description\":\"We are an open grassroots civic movement against coal mining and coal burning.\",\"breadcrumb\":{\"@id\":\"https:\/\/old.limityjsmemy.cz\/en\/about\/#breadcrumb\"},\"inLanguage\":\"en-US\",\"potentialAction\":[{\"@type\":\"ReadAction\",\"target\":[\"https:\/\/old.limityjsmemy.cz\/en\/about\/\"]}]},{\"@type\":\"BreadcrumbList\",\"@id\":\"https:\/\/old.limityjsmemy.cz\/en\/about\/#breadcrumb\",\"itemListElement\":[{\"@type\":\"ListItem\",\"position\":1,\"name\":\"Dom\u016f\",\"item\":\"https:\/\/old.limityjsmemy.cz\/en\/\"},{\"@type\":\"ListItem\",\"position\":2,\"name\":\"About us\"}]},{\"@type\":\"WebSite\",\"@id\":\"https:\/\/old.limityjsmemy.cz\/#website\",\"url\":\"https:\/\/old.limityjsmemy.cz\/\",\"name\":\"Limity jsme my\",\"description\":\"Hnut\u00ed za zachov\u00e1n\u00ed limit\u016f t\u011b\u017eby hn\u011bd\u00e9ho uhl\u00ed!\",\"publisher\":{\"@id\":\"https:\/\/old.limityjsmemy.cz\/#organization\"},\"potentialAction\":[{\"@type\":\"SearchAction\",\"target\":{\"@type\":\"EntryPoint\",\"urlTemplate\":\"https:\/\/old.limityjsmemy.cz\/?s={search_term_string}\"},\"query-input\":\"required name=search_term_string\"}],\"inLanguage\":\"en-US\"},{\"@type\":\"Organization\",\"@id\":\"https:\/\/old.limityjsmemy.cz\/#organization\",\"name\":\"Limity jsme my\",\"url\":\"https:\/\/old.limityjsmemy.cz\/\",\"logo\":{\"@type\":\"ImageObject\",\"inLanguage\":\"en-US\",\"@id\":\"https:\/\/old.limityjsmemy.cz\/#\/schema\/logo\/image\/\",\"url\":\"https:\/\/limityjsmemy.cz\/wp-content\/uploads\/2017\/06\/LimityJsmeMy.png\",\"contentUrl\":\"https:\/\/limityjsmemy.cz\/wp-content\/uploads\/2017\/06\/LimityJsmeMy.png\",\"width\":2257,\"height\":1506,\"caption\":\"Limity jsme my\"},\"image\":{\"@id\":\"https:\/\/old.limityjsmemy.cz\/#\/schema\/logo\/image\/\"},\"sameAs\":[\"https:\/\/facebook.com\/limityjsmemy\/\",\"https:\/\/twitter.com\/LimityJsmeMy\",\"https:\/\/www.instagram.com\/limityjsmemy\/\",\"https:\/\/www.youtube.com\/channel\/UCypVOtjZXGV1SXDJUGtx0EQ\"]}]}<\/script>\n<!-- \/ Yoast SEO plugin. -->","yoast_head_json":{"title":"About us &#8212; Limity jsme my","description":"We are an open grassroots civic movement against coal mining and coal burning.","robots":{"index":"index","follow":"follow","max-snippet":"max-snippet:-1","max-image-preview":"max-image-preview:large","max-video-preview":"max-video-preview:-1"},"canonical":"https:\/\/old.limityjsmemy.cz\/en\/about\/","og_locale":"en_US","og_type":"article","og_title":"About us &#8212; Limity jsme my","og_description":"We are an open grassroots civic movement against coal mining and coal burning.","og_url":"https:\/\/old.limityjsmemy.cz\/en\/about\/","og_site_name":"Limity jsme my","article_publisher":"https:\/\/facebook.com\/limityjsmemy\/","article_modified_time":"2024-10-09T11:35:00+00:00","og_image":[{"url":"https:\/\/limityjsmemy.cz\/wp-content\/uploads\/2015\/12\/limity_osobnosti.jpg"}],"twitter_card":"summary_large_image","twitter_site":"@LimityJsmeMy","twitter_misc":{"Est. reading time":"6 minutes"},"schema":{"@context":"https:\/\/schema.org","@graph":[{"@type":"WebPage","@id":"https:\/\/old.limityjsmemy.cz\/en\/about\/","url":"https:\/\/old.limityjsmemy.cz\/en\/about\/","name":"About us &#8212; Limity jsme my","isPartOf":{"@id":"https:\/\/old.limityjsmemy.cz\/#website"},"datePublished":"2015-12-23T22:22:28+00:00","dateModified":"2024-10-09T11:35:00+00:00","description":"We are an open grassroots civic movement against coal mining and coal burning.","breadcrumb":{"@id":"https:\/\/old.limityjsmemy.cz\/en\/about\/#breadcrumb"},"inLanguage":"en-US","potentialAction":[{"@type":"ReadAction","target":["https:\/\/old.limityjsmemy.cz\/en\/about\/"]}]},{"@type":"BreadcrumbList","@id":"https:\/\/old.limityjsmemy.cz\/en\/about\/#breadcrumb","itemListElement":[{"@type":"ListItem","position":1,"name":"Dom\u016f","item":"https:\/\/old.limityjsmemy.cz\/en\/"},{"@type":"ListItem","position":2,"name":"About us"}]},{"@type":"WebSite","@id":"https:\/\/old.limityjsmemy.cz\/#website","url":"https:\/\/old.limityjsmemy.cz\/","name":"Limity jsme my","description":"Hnut\u00ed za zachov\u00e1n\u00ed limit\u016f t\u011b\u017eby hn\u011bd\u00e9ho uhl\u00ed!","publisher":{"@id":"https:\/\/old.limityjsmemy.cz\/#organization"},"potentialAction":[{"@type":"SearchAction","target":{"@type":"EntryPoint","urlTemplate":"https:\/\/old.limityjsmemy.cz\/?s={search_term_string}"},"query-input":"required name=search_term_string"}],"inLanguage":"en-US"},{"@type":"Organization","@id":"https:\/\/old.limityjsmemy.cz\/#organization","name":"Limity jsme my","url":"https:\/\/old.limityjsmemy.cz\/","logo":{"@type":"ImageObject","inLanguage":"en-US","@id":"https:\/\/old.limityjsmemy.cz\/#\/schema\/logo\/image\/","url":"https:\/\/limityjsmemy.cz\/wp-content\/uploads\/2017\/06\/LimityJsmeMy.png","contentUrl":"https:\/\/limityjsmemy.cz\/wp-content\/uploads\/2017\/06\/LimityJsmeMy.png","width":2257,"height":1506,"caption":"Limity jsme my"},"image":{"@id":"https:\/\/old.limityjsmemy.cz\/#\/schema\/logo\/image\/"},"sameAs":["https:\/\/facebook.com\/limityjsmemy\/","https:\/\/twitter.com\/LimityJsmeMy","https:\/\/www.instagram.com\/limityjsmemy\/","https:\/\/www.youtube.com\/channel\/UCypVOtjZXGV1SXDJUGtx0EQ"]}]}},"_links":{"self":[{"href":"https:\/\/old.limityjsmemy.cz\/en\/wp-json\/wp\/v2\/pages\/2778"}],"collection":[{"href":"https:\/\/old.limityjsmemy.cz\/en\/wp-json\/wp\/v2\/pages"}],"about":[{"href":"https:\/\/old.limityjsmemy.cz\/en\/wp-json\/wp\/v2\/types\/page"}],"author":[{"embeddable":true,"href":"https:\/\/old.limityjsmemy.cz\/en\/wp-json\/wp\/v2\/users\/1"}],"replies":[{"embeddable":true,"href":"https:\/\/old.limityjsmemy.cz\/en\/wp-json\/wp\/v2\/comments?post=2778"}],"version-history":[{"count":5,"href":"https:\/\/old.limityjsmemy.cz\/en\/wp-json\/wp\/v2\/pages\/2778\/revisions"}],"predecessor-version":[{"id":5785,"href":"https:\/\/old.limityjsmemy.cz\/en\/wp-json\/wp\/v2\/pages\/2778\/revisions\/5785"}],"wp:attachment":[{"href":"https:\/\/old.limityjsmemy.cz\/en\/wp-json\/wp\/v2\/media?parent=2778"}],"curies":[{"name":"wp","href":"https:\/\/api.w.org\/{rel}","templated":true}]}}