{"id":3277,"date":"2017-07-27T04:49:29","date_gmt":"2017-07-27T02:49:29","guid":{"rendered":"https:\/\/limityjsmemy.cz\/?page_id=3277\/"},"modified":"2018-02-15T23:11:22","modified_gmt":"2018-02-15T22:11:22","slug":"klimakemp-2017","status":"publish","type":"page","link":"https:\/\/old.limityjsmemy.cz\/en\/klimakemp-2017\/","title":{"rendered":"After Klimakemp 2017"},"content":{"rendered":"<p><section   class=\"fw-main-row-custom fw-main-row-top  fw_theme_bg_fw-custom fw-section-image auto  fw-section-position-back tf-sh-5b97578cf907d18402bbd3b941628164\"  style=\" background-image:url(https:\/\/limityjsmemy.cz\/wp-content\/uploads\/2017\/06\/Zewlakk-Ende-Ga\u0308lende-2016.jpg); background-repeat: no-repeat; background-position: center center; background-size: cover;\"  >\n\t\t\t<div class=\"fw-container-fluid\" >\n\t\t<div class=\"fw-row\">\n\t<div id=\"column-69dccf8c72a66\" class=\"fw-col-sm-12 tf-sh-6316de6144874e1ea897dc67f725ba2b\" >\n\t<div class=\"fw-wrap-col-inner clearfix  \"   >\n\t\t\t\t<div class=\"fw-col-inner\">\n\t\t\t<div class=\"fw-heading fw-heading-center  tf-sh-8bcef2fffaf42dfcf374399bc9f8cb13\" >\n\t\t\t<h1 class=\"fw-special-title\">Klimakemp 2017<\/h1>\n\t\n\t\n\t<\/div>\t\t<\/div>\n\t<\/div>\n<\/div><\/div>\n\n\t<\/div>\n\t<\/section><section   class=\"fw-main-row-custom fw-section-no-padding  auto  fw-section-position-back tf-sh-32497f72cd3870d422c99bfe41ea6287\"    >\n\t\t\t<div class=\"fw-container\" >\n\t\t<div class=\"fw-row\">\n\t<div id=\"column-69dccf8c745cd\" class=\"fw-col-sm-12 tf-sh-4a9ba837df1d91150ca66dc2f27c3d49\" >\n\t<div class=\"fw-wrap-col-inner clearfix  \"   >\n\t\t\t\t<div class=\"fw-col-inner\">\n\t\t\t<div class=\"fw-divider-space space-sm  clearfix\"  ><\/div>\t\t<\/div>\n\t<\/div>\n<\/div><\/div>\n\n<div class=\"fw-row\">\n\t<div id=\"column-69dccf8c75961\" class=\"fw-col-sm-12 tf-sh-86d3dd8ce6a14b7505614ffa5358298a\" >\n\t<div class=\"fw-wrap-col-inner clearfix  \"   >\n\t\t\t\t<div class=\"fw-col-inner\">\n\t\t\t<div class=\"fw-text-box tf-sh-3a8dbc615826b1725c38b44926e2c264 \" >\n\t<div class=\"fw-text-inner\">\n\t\t<p>We thank the community of Horn\u00ed Ji\u0159et\u00edn for their hospitality and unforgettable experiences during our struggle for climate justice and future without coal! Together we were the limits!<\/p>\n<p><strong>Don\u2019t hesitate to reach us in case of any legal consequences due to civil disobedience on <a href=\"pravo@riseup.net\">our legal team email<\/a>.<\/strong><\/p>\n<p>The last year has been the hottest ever recorded, just as the one before it, and the one before that, and so on\u2026 Science tells us that our planet is warming fast \u2013 and human actions are the cause. If we\u2019re supposed to avoid a catastrophe of warming above 2 degrees Celsius, we need to leave more than 80% of all known fossil fuel reserves <strong>in the ground<\/strong>. But the fossil fuel industry is planning to dig them out \u2013 and burn them.<\/p>\n<p>That\u2019s why, all over the world, a mass <strong>movement for climate justice<\/strong> is stepping up, resisting the current state of affairs, where the big polluters are making immense profits on resource-extraction, while the millions of those, who are have not substantially contributed to the climate crisis are suffering its consequences. Thousands of people are joining actions of <strong>civil disobedience<\/strong>, physically disrupting the operation of opencast mines, coal export-terminals or pipelines under construction, using every non-violent method to demand the fastest possible end to the burning of fossil fuels.<\/p>\n<p>It is about time we started to <strong>resist in the Czech Republic<\/strong>, too. Two years ago, our government has breached the so-called environmental limits to mining on the B\u00edlina mine and allowed the state-owned energy utility, \u010cEZ, to dig for millions of tons of lignite more. The coal companies, whether state-owned or private, are threatening people\u2019s homes, wrecking the climate and the health of the people and ravaging the beautiful landscapes of north Bohemia. And despite their sweet talk in Paris, the politicians are doing nothing.<\/p>\n<p>We will not stand for this. Inspired by other brave acts of civil disobedience during the Break Free mobilisation last year, we have decided to act and to stand up to the coal industry. <strong>We, together with more than three hundred people from all over Europe, organised KLIMAKEMP in the north-Bohemian mining region (by the town of Most) between 21 and 25 June 2017.<\/strong> It was an opportunity to learn from each other, share our experience, have fun protesting and non-violently disrupt the operation of one of the nearby mines or power-plants.<\/p>\n\t<\/div>\n<\/div>\t\t<\/div>\n\t<\/div>\n<\/div><\/div>\n\n<div class=\"fw-row\">\n\t<div id=\"column-69dccf8c76e28\" class=\"fw-col-sm-12 tf-sh-676a3da7f769ad6477058579cea0596c\" >\n\t<div class=\"fw-wrap-col-inner clearfix  \"   >\n\t\t\t\t<div class=\"fw-col-inner\">\n\t\t\t\t<div  class=\"fw-divider tf-sh-c5f0ec3608f2b5604ab44941368f3543  fw-divider-align-left fw-divider-full-width fw-line-solid fw-divider-line space-md  fw_theme_border_only_fw-custom\"  style=\"width: auto;  \" ><\/div>\n<div class=\"fw-raw-code \">\n\t<a data-flickr-embed=\"true\"  href=\"https:\/\/www.flickr.com\/photos\/limityjsmemy\/albums\/72157682776182813\" title=\"Masov\u00e1 akce nen\u00e1siln\u00e9 ob\u010dansk\u00e9 neposlu\u0161nosti\/ Mass nonviolent civil desobedience 24. 6. 2017\"><img src=\"https:\/\/farm5.staticflickr.com\/4233\/35192798240_e07ab0c3ca_h.jpg\" width=\"1170\" height=\"774\" alt=\"Masov\u00e1 akce nen\u00e1siln\u00e9 ob\u010dansk\u00e9 neposlu\u0161nosti\/ Mass nonviolent civil desobedience 24. 6. 2017\"><\/a><\/div><div class=\"fw-raw-code \">\n\t<a data-flickr-embed=\"true\"  href=\"https:\/\/www.flickr.com\/photos\/limityjsmemy\/albums\/72157685530515636\" title=\"Klimakemp Limity jsme my 2017\"><img src=\"https:\/\/farm5.staticflickr.com\/4111\/35209892270_3cd7290e95_h.jpg\" width=\"1170\" height=\"774\" alt=\"Klimakemp Limity jsme my 2017\"><\/a><\/div><div class=\"fw-raw-code \">\n\t<a data-flickr-embed=\"true\"  href=\"https:\/\/www.flickr.com\/photos\/limityjsmemy\/albums\/72157683283013551\" title=\"Pochod proti uhl\u00ed\/ March against coal 24.6. 2017\"><img src=\"https:\/\/farm5.staticflickr.com\/4140\/35430489082_9024511915_h.jpg\" width=\"1170\" height=\"774\" alt=\"Pochod proti uhl\u00ed\/ March against coal 24.6. 2017\"><\/a><script async src=\"\/\/embedr.flickr.com\/assets\/client-code.js\" charset=\"utf-8\"><\/script><\/div><div class=\"fw-raw-code \">\n\t<a data-flickr-embed=\"true\"  href=\"https:\/\/www.flickr.com\/photos\/limityjsmemy\/albums\/72157682798522264\" title=\"Solid\u00e1rn\u00ed demonstrace\/Solidarity demonstration 25.6. 2017\"><img src=\"https:\/\/farm5.staticflickr.com\/4150\/35242047090_99b598d94d_h.jpg\" width=\"1170\" height=\"774\" alt=\"Solid\u00e1rn\u00ed demonstrace\/Solidarity demonstration 25.6. 2017\"><\/a><\/div><div class=\"fw-raw-code \">\n\t<a data-flickr-embed=\"true\"  href=\"https:\/\/www.flickr.com\/photos\/limityjsmemy\/albums\/72157683592559110\" title=\"Dal\u0161\u00ed sobotn\u00ed akce \/ Another Saturday&#x27;s action 24. 6. 2017\"><img src=\"https:\/\/farm5.staticflickr.com\/4236\/34829192973_e4352c8b32_h.jpg\" width=\"1170\" height=\"774\" alt=\"Dal\u0161\u00ed sobotn\u00ed akce \/ Another Saturday&#x27;s action 24. 6. 2017\"><\/a><\/div><div class=\"fw-raw-code \">\n\t<script async src=\"\/\/embedr.flickr.com\/assets\/client-code.js\" charset=\"utf-8\"><\/script><\/div><div class=\"fw-text-box tf-sh-144407faeaed1ae2f6e96858282277eb \" >\n\t<div class=\"fw-text-inner\">\n\t\t<p>Big thanks goes to photographers: <a href=\"https:\/\/www.facebook.com\/zewlakk\">Petr \u201eZewlakk\u201c Vrabec<\/a>, <a href=\"http:\/\/majdafoto.cz\" hreflang=\"cs\">Majda Sl\u00e1mov\u00e1<\/a>, Johana Drl\u00edkov\u00e1, <a href=\"https:\/\/vimeo.com\/ondrabarton\">Ond\u0159ej Barto\u0148<\/a>, <a href=\"https:\/\/www.facebook.com\/Vladim\u00edr-\u010ci\u010dmanec-Photogra\u03c6-523151288075272\/\">Vladim\u00edr \u010ci\u010dmanec<\/a> a Zby\u0161ek.<\/p>\n\t<\/div>\n<\/div>\t\t<\/div>\n\t<\/div>\n<\/div><\/div>\n\n<div class=\"fw-row\">\n\t<div id=\"column-69dccf8c7a427\" class=\"fw-col-sm-12 tf-sh-4a9ba837df1d91150ca66dc2f27c3d49\" >\n\t<div class=\"fw-wrap-col-inner clearfix  \"   >\n\t\t\t\t<div class=\"fw-col-inner\">\n\t\t\t<div class=\"fw-divider-space space-md  clearfix\"  ><\/div>\t\t<\/div>\n\t<\/div>\n<\/div><\/div>\n\n\t<\/div>\n\t<\/section><\/p>\n","protected":false},"excerpt":{"rendered":"<p>Klimakemp 2017 We thank the community of Horn\u00ed Ji\u0159et\u00edn for their hospitality and unforgettable experiences during our struggle for climate justice and future without coal! Together we were the limits! Don\u2019t hesitate to reach us in case of any legal consequences due to civil disobedience on our legal team email. The last year has been [&hellip;]<\/p>\n","protected":false},"author":3,"featured_media":0,"parent":0,"menu_order":0,"comment_status":"closed","ping_status":"closed","template":"visual-builder-template.php","meta":[],"yoast_head":"<!-- This site is optimized with the Yoast SEO plugin v21.2 - https:\/\/yoast.com\/wordpress\/plugins\/seo\/ -->\n<title>Klimakemp 2017 - Limity jsme my<\/title>\n<meta name=\"description\" content=\"Inspired by other acts of civil disobedience for climate justice, we have decided to act and to stand up to the coal industry. Look back how was Klimakemp!\" \/>\n<meta name=\"robots\" content=\"index, follow, max-snippet:-1, max-image-preview:large, max-video-preview:-1\" \/>\n<link rel=\"canonical\" href=\"https:\/\/old.limityjsmemy.cz\/en\/klimakemp-2017\/\" \/>\n<meta property=\"og:locale\" content=\"en_US\" \/>\n<meta property=\"og:type\" content=\"article\" \/>\n<meta property=\"og:title\" content=\"Klimakemp 2017 - Limity jsme my\" \/>\n<meta property=\"og:description\" content=\"Inspired by other acts of civil disobedience for climate justice, we have decided to act and to stand up to the coal industry. Look back how was Klimakemp!\" \/>\n<meta property=\"og:url\" content=\"https:\/\/old.limityjsmemy.cz\/en\/klimakemp-2017\/\" \/>\n<meta property=\"og:site_name\" content=\"Limity jsme my\" \/>\n<meta property=\"article:publisher\" content=\"https:\/\/facebook.com\/limityjsmemy\/\" \/>\n<meta property=\"article:modified_time\" content=\"2018-02-15T22:11:22+00:00\" \/>\n<meta property=\"og:image\" content=\"https:\/\/farm5.staticflickr.com\/4233\/35192798240_e07ab0c3ca_h.jpg\" \/>\n<meta name=\"twitter:card\" content=\"summary_large_image\" \/>\n<meta name=\"twitter:site\" content=\"@LimityJsmeMy\" \/>\n<meta name=\"twitter:label1\" content=\"Est. reading time\" \/>\n\t<meta name=\"twitter:data1\" content=\"2 minutes\" \/>\n<script type=\"application\/ld+json\" class=\"yoast-schema-graph\">{\"@context\":\"https:\/\/schema.org\",\"@graph\":[{\"@type\":\"WebPage\",\"@id\":\"https:\/\/old.limityjsmemy.cz\/en\/klimakemp-2017\/\",\"url\":\"https:\/\/old.limityjsmemy.cz\/en\/klimakemp-2017\/\",\"name\":\"Klimakemp 2017 - Limity jsme my\",\"isPartOf\":{\"@id\":\"https:\/\/old.limityjsmemy.cz\/#website\"},\"datePublished\":\"2017-07-27T02:49:29+00:00\",\"dateModified\":\"2018-02-15T22:11:22+00:00\",\"description\":\"Inspired by other acts of civil disobedience for climate justice, we have decided to act and to stand up to the coal industry. Look back how was Klimakemp!\",\"breadcrumb\":{\"@id\":\"https:\/\/old.limityjsmemy.cz\/en\/klimakemp-2017\/#breadcrumb\"},\"inLanguage\":\"en-US\",\"potentialAction\":[{\"@type\":\"ReadAction\",\"target\":[\"https:\/\/old.limityjsmemy.cz\/en\/klimakemp-2017\/\"]}]},{\"@type\":\"BreadcrumbList\",\"@id\":\"https:\/\/old.limityjsmemy.cz\/en\/klimakemp-2017\/#breadcrumb\",\"itemListElement\":[{\"@type\":\"ListItem\",\"position\":1,\"name\":\"Dom\u016f\",\"item\":\"https:\/\/old.limityjsmemy.cz\/en\/\"},{\"@type\":\"ListItem\",\"position\":2,\"name\":\"After Klimakemp 2017\"}]},{\"@type\":\"WebSite\",\"@id\":\"https:\/\/old.limityjsmemy.cz\/#website\",\"url\":\"https:\/\/old.limityjsmemy.cz\/\",\"name\":\"Limity jsme my\",\"description\":\"Hnut\u00ed za zachov\u00e1n\u00ed limit\u016f t\u011b\u017eby hn\u011bd\u00e9ho uhl\u00ed!\",\"publisher\":{\"@id\":\"https:\/\/old.limityjsmemy.cz\/#organization\"},\"potentialAction\":[{\"@type\":\"SearchAction\",\"target\":{\"@type\":\"EntryPoint\",\"urlTemplate\":\"https:\/\/old.limityjsmemy.cz\/?s={search_term_string}\"},\"query-input\":\"required name=search_term_string\"}],\"inLanguage\":\"en-US\"},{\"@type\":\"Organization\",\"@id\":\"https:\/\/old.limityjsmemy.cz\/#organization\",\"name\":\"Limity jsme my\",\"url\":\"https:\/\/old.limityjsmemy.cz\/\",\"logo\":{\"@type\":\"ImageObject\",\"inLanguage\":\"en-US\",\"@id\":\"https:\/\/old.limityjsmemy.cz\/#\/schema\/logo\/image\/\",\"url\":\"https:\/\/limityjsmemy.cz\/wp-content\/uploads\/2017\/06\/LimityJsmeMy.png\",\"contentUrl\":\"https:\/\/limityjsmemy.cz\/wp-content\/uploads\/2017\/06\/LimityJsmeMy.png\",\"width\":2257,\"height\":1506,\"caption\":\"Limity jsme my\"},\"image\":{\"@id\":\"https:\/\/old.limityjsmemy.cz\/#\/schema\/logo\/image\/\"},\"sameAs\":[\"https:\/\/facebook.com\/limityjsmemy\/\",\"https:\/\/twitter.com\/LimityJsmeMy\",\"https:\/\/www.instagram.com\/limityjsmemy\/\",\"https:\/\/www.youtube.com\/channel\/UCypVOtjZXGV1SXDJUGtx0EQ\"]}]}<\/script>\n<!-- \/ Yoast SEO plugin. -->","yoast_head_json":{"title":"Klimakemp 2017 - Limity jsme my","description":"Inspired by other acts of civil disobedience for climate justice, we have decided to act and to stand up to the coal industry. Look back how was Klimakemp!","robots":{"index":"index","follow":"follow","max-snippet":"max-snippet:-1","max-image-preview":"max-image-preview:large","max-video-preview":"max-video-preview:-1"},"canonical":"https:\/\/old.limityjsmemy.cz\/en\/klimakemp-2017\/","og_locale":"en_US","og_type":"article","og_title":"Klimakemp 2017 - Limity jsme my","og_description":"Inspired by other acts of civil disobedience for climate justice, we have decided to act and to stand up to the coal industry. Look back how was Klimakemp!","og_url":"https:\/\/old.limityjsmemy.cz\/en\/klimakemp-2017\/","og_site_name":"Limity jsme my","article_publisher":"https:\/\/facebook.com\/limityjsmemy\/","article_modified_time":"2018-02-15T22:11:22+00:00","og_image":[{"url":"https:\/\/farm5.staticflickr.com\/4233\/35192798240_e07ab0c3ca_h.jpg"}],"twitter_card":"summary_large_image","twitter_site":"@LimityJsmeMy","twitter_misc":{"Est. reading time":"2 minutes"},"schema":{"@context":"https:\/\/schema.org","@graph":[{"@type":"WebPage","@id":"https:\/\/old.limityjsmemy.cz\/en\/klimakemp-2017\/","url":"https:\/\/old.limityjsmemy.cz\/en\/klimakemp-2017\/","name":"Klimakemp 2017 - Limity jsme my","isPartOf":{"@id":"https:\/\/old.limityjsmemy.cz\/#website"},"datePublished":"2017-07-27T02:49:29+00:00","dateModified":"2018-02-15T22:11:22+00:00","description":"Inspired by other acts of civil disobedience for climate justice, we have decided to act and to stand up to the coal industry. Look back how was Klimakemp!","breadcrumb":{"@id":"https:\/\/old.limityjsmemy.cz\/en\/klimakemp-2017\/#breadcrumb"},"inLanguage":"en-US","potentialAction":[{"@type":"ReadAction","target":["https:\/\/old.limityjsmemy.cz\/en\/klimakemp-2017\/"]}]},{"@type":"BreadcrumbList","@id":"https:\/\/old.limityjsmemy.cz\/en\/klimakemp-2017\/#breadcrumb","itemListElement":[{"@type":"ListItem","position":1,"name":"Dom\u016f","item":"https:\/\/old.limityjsmemy.cz\/en\/"},{"@type":"ListItem","position":2,"name":"After Klimakemp 2017"}]},{"@type":"WebSite","@id":"https:\/\/old.limityjsmemy.cz\/#website","url":"https:\/\/old.limityjsmemy.cz\/","name":"Limity jsme my","description":"Hnut\u00ed za zachov\u00e1n\u00ed limit\u016f t\u011b\u017eby hn\u011bd\u00e9ho uhl\u00ed!","publisher":{"@id":"https:\/\/old.limityjsmemy.cz\/#organization"},"potentialAction":[{"@type":"SearchAction","target":{"@type":"EntryPoint","urlTemplate":"https:\/\/old.limityjsmemy.cz\/?s={search_term_string}"},"query-input":"required name=search_term_string"}],"inLanguage":"en-US"},{"@type":"Organization","@id":"https:\/\/old.limityjsmemy.cz\/#organization","name":"Limity jsme my","url":"https:\/\/old.limityjsmemy.cz\/","logo":{"@type":"ImageObject","inLanguage":"en-US","@id":"https:\/\/old.limityjsmemy.cz\/#\/schema\/logo\/image\/","url":"https:\/\/limityjsmemy.cz\/wp-content\/uploads\/2017\/06\/LimityJsmeMy.png","contentUrl":"https:\/\/limityjsmemy.cz\/wp-content\/uploads\/2017\/06\/LimityJsmeMy.png","width":2257,"height":1506,"caption":"Limity jsme my"},"image":{"@id":"https:\/\/old.limityjsmemy.cz\/#\/schema\/logo\/image\/"},"sameAs":["https:\/\/facebook.com\/limityjsmemy\/","https:\/\/twitter.com\/LimityJsmeMy","https:\/\/www.instagram.com\/limityjsmemy\/","https:\/\/www.youtube.com\/channel\/UCypVOtjZXGV1SXDJUGtx0EQ"]}]}},"_links":{"self":[{"href":"https:\/\/old.limityjsmemy.cz\/en\/wp-json\/wp\/v2\/pages\/3277"}],"collection":[{"href":"https:\/\/old.limityjsmemy.cz\/en\/wp-json\/wp\/v2\/pages"}],"about":[{"href":"https:\/\/old.limityjsmemy.cz\/en\/wp-json\/wp\/v2\/types\/page"}],"author":[{"embeddable":true,"href":"https:\/\/old.limityjsmemy.cz\/en\/wp-json\/wp\/v2\/users\/3"}],"replies":[{"embeddable":true,"href":"https:\/\/old.limityjsmemy.cz\/en\/wp-json\/wp\/v2\/comments?post=3277"}],"version-history":[{"count":12,"href":"https:\/\/old.limityjsmemy.cz\/en\/wp-json\/wp\/v2\/pages\/3277\/revisions"}],"predecessor-version":[{"id":3531,"href":"https:\/\/old.limityjsmemy.cz\/en\/wp-json\/wp\/v2\/pages\/3277\/revisions\/3531"}],"wp:attachment":[{"href":"https:\/\/old.limityjsmemy.cz\/en\/wp-json\/wp\/v2\/media?parent=3277"}],"curies":[{"name":"wp","href":"https:\/\/api.w.org\/{rel}","templated":true}]}}