{"id":3751,"date":"2018-06-11T08:35:27","date_gmt":"2018-06-11T06:35:27","guid":{"rendered":"https:\/\/limityjsmemy.cz\/?page_id=3751"},"modified":"2018-06-12T12:12:43","modified_gmt":"2018-06-12T10:12:43","slug":"transport","status":"publish","type":"page","link":"https:\/\/old.limityjsmemy.cz\/en\/klimakemp2018\/transport\/","title":{"rendered":"Transport"},"content":{"rendered":"<p><strong>How to reach Klimakemp?<\/strong><br \/>\nCamp place: <em>Louka u Litv\u00ednova \u2013 50\u00b035\u203210,4\u2033N 13\u00b038\u203229,2\u2033E<\/em><\/p>\n<h2>Train<\/h2>\n<p>You can easily get into the camp by train, as train station is only kilometer and half way from camp place (see the <a href=\"https:\/\/goo.gl\/maps\/6duXPE9tD3o\">route on Google Maps<\/a>). From Prague you can get into the station Louka u Litv\u00ednova with one change in \u00dast\u00ed nad Labem or Teplice v \u010cech\u00e1ch. From Dresden or Leipzig, you can change in \u00dast\u00ed nad Labem or take bus from Litv\u00ednov.<\/p>\n<p><a href=\"https:\/\/goo.gl\/maps\/6duXPE9tD3o\" title=\"Open detailed route on Google Maps\"><img decoding=\"async\" alt=\"Detailed visualization of the route from the train station in Louka to the camp venue.\" src=\"https:\/\/maps.googleapis.com\/maps\/api\/staticmap?size=640x400&#038;markers=anchor:center%7Cicon:https:%2F%2Flimityjsmemy.cz%2Fwp-content%2Fuploads%2F2017%2F04%2Fcropped-LimitLogo-32x32.png%7Clabel:K%7C50.587833,13.640406&#038;path=color:0x6DAB4477%7C50.593369,13.631041%7C50.593626,13.630685%7C50.593393,13.630121%7C50.593363,13.629186%7C50.593482,13.628405%7C50.593475,13.628142%7C50.593435,13.628009%7C50.593346,13.628095%7C50.593063,13.628147%7C50.592971,13.628264%7C50.592835,13.628679%7C50.592647,13.628999%7C50.590859,13.631563%7C50.590182,13.632078%7C50.589925,13.63236%7C50.589044,13.634796%7C50.588897,13.635136%7C50.588698,13.635417%7C50.587929,13.636479%7C50.588296,13.636993%7C50.588354,13.637089%7C50.588458,13.637329%7C50.58852,13.637534%7C50.588666,13.638166%7C50.587833,13.640406&#038;key=AIzaSyDA4fr6x26c4Wkpr2ESSJDTaGMecLMfLH0&#038;signature=3jIRgip0yIYXWMhA6gJsOjw0XWg=\" style=\"width: 100%; max-width: 640px; height: auto; object-fit: contain;\"><\/a><\/p>\n<h2>Bus<\/h2>\n<p>From train station Litv\u00ednov there are buses coming into the town. Get off at the station Louka u Litv\u00ednova U Ma\u0159\u00edk\u016f (4 bus stops). It\u2019s really close to the camp.<\/p>\n<h2>By car, ugh? Rather by bike!<\/h2>\n<p>Try to leave your car at home please, as it is not ecological and we don&#8217;t have enough space for parking. Do not hesitate to travel by bike, we will have bike repair workroom at the camp provided by Bike Kitchen Brno. If it is really necessary to arrive by car, take highway D8 and leave it on exit 48 \u2013 Lovosice. Than follow the route to Most and afterward to Litv\u00ednov. Please try to offer place for other people on <a href=\"https:\/\/www.facebook.com\/events\/1515426468504626\/\">Klimakemp Facebook event<\/a>.<\/p>\n","protected":false},"excerpt":{"rendered":"<p>How to reach Klimakemp? Camp place: Louka u Litv\u00ednova \u2013 50\u00b035\u203210,4\u2033N 13\u00b038\u203229,2\u2033E Train You can easily get into the camp by train, as train station is only kilometer and half way from camp place (see the route on Google Maps). From Prague you can get into the station Louka u Litv\u00ednova with one change in [&hellip;]<\/p>\n","protected":false},"author":5,"featured_media":3729,"parent":3755,"menu_order":0,"comment_status":"closed","ping_status":"closed","template":"","meta":[],"yoast_head":"<!-- This site is optimized with the Yoast SEO plugin v21.2 - https:\/\/yoast.com\/wordpress\/plugins\/seo\/ -->\n<title>Transport to Klimakemp 2018: train, bus, car, bike \u2014 Limity jsme my<\/title>\n<meta name=\"description\" content=\"We&#039;ll be in Louka u Litv\u00ednova. The most comfortable travel is by train\u2014e.g., from Prague or Dresden transfer in \u00dast\u00ed n. L. You can go by bus, car or bike.\" \/>\n<meta name=\"robots\" content=\"index, follow, max-snippet:-1, max-image-preview:large, max-video-preview:-1\" \/>\n<link rel=\"canonical\" href=\"https:\/\/old.limityjsmemy.cz\/en\/klimakemp2018\/transport\/\" \/>\n<meta property=\"og:locale\" content=\"en_US\" \/>\n<meta property=\"og:type\" content=\"article\" \/>\n<meta property=\"og:title\" content=\"Transport to Klimakemp 2018: train, bus, car, bike \u2014 Limity jsme my\" \/>\n<meta property=\"og:description\" content=\"We&#039;ll be in Louka u Litv\u00ednova. The most comfortable travel is by train\u2014e.g., from Prague or Dresden transfer in \u00dast\u00ed n. L. You can go by bus, car or bike.\" \/>\n<meta property=\"og:url\" content=\"https:\/\/old.limityjsmemy.cz\/en\/klimakemp2018\/transport\/\" \/>\n<meta property=\"og:site_name\" content=\"Limity jsme my\" \/>\n<meta property=\"article:publisher\" content=\"https:\/\/facebook.com\/limityjsmemy\/\" \/>\n<meta property=\"article:modified_time\" content=\"2018-06-12T10:12:43+00:00\" \/>\n<meta property=\"og:image\" content=\"https:\/\/old.limityjsmemy.cz\/wp-content\/uploads\/2018\/06\/jakoze-v-aute.jpg\" \/>\n\t<meta property=\"og:image:width\" content=\"1024\" \/>\n\t<meta property=\"og:image:height\" content=\"683\" \/>\n\t<meta property=\"og:image:type\" content=\"image\/jpeg\" \/>\n<meta name=\"twitter:card\" content=\"summary_large_image\" \/>\n<meta name=\"twitter:site\" content=\"@LimityJsmeMy\" \/>\n<meta name=\"twitter:label1\" content=\"Est. reading time\" \/>\n\t<meta name=\"twitter:data1\" content=\"1 minute\" \/>\n<script type=\"application\/ld+json\" class=\"yoast-schema-graph\">{\"@context\":\"https:\/\/schema.org\",\"@graph\":[{\"@type\":\"WebPage\",\"@id\":\"https:\/\/old.limityjsmemy.cz\/en\/klimakemp2018\/transport\/\",\"url\":\"https:\/\/old.limityjsmemy.cz\/en\/klimakemp2018\/transport\/\",\"name\":\"Transport to Klimakemp 2018: train, bus, car, bike \u2014 Limity jsme my\",\"isPartOf\":{\"@id\":\"https:\/\/old.limityjsmemy.cz\/#website\"},\"datePublished\":\"2018-06-11T06:35:27+00:00\",\"dateModified\":\"2018-06-12T10:12:43+00:00\",\"description\":\"We'll be in Louka u Litv\u00ednova. The most comfortable travel is by train\u2014e.g., from Prague or Dresden transfer in \u00dast\u00ed n. L. You can go by bus, car or bike.\",\"breadcrumb\":{\"@id\":\"https:\/\/old.limityjsmemy.cz\/en\/klimakemp2018\/transport\/#breadcrumb\"},\"inLanguage\":\"en-US\",\"potentialAction\":[{\"@type\":\"ReadAction\",\"target\":[\"https:\/\/old.limityjsmemy.cz\/en\/klimakemp2018\/transport\/\"]}]},{\"@type\":\"BreadcrumbList\",\"@id\":\"https:\/\/old.limityjsmemy.cz\/en\/klimakemp2018\/transport\/#breadcrumb\",\"itemListElement\":[{\"@type\":\"ListItem\",\"position\":1,\"name\":\"Dom\u016f\",\"item\":\"https:\/\/old.limityjsmemy.cz\/en\/\"},{\"@type\":\"ListItem\",\"position\":2,\"name\":\"Klimakemp 2018\",\"item\":\"https:\/\/old.limityjsmemy.cz\/en\/klimakemp2018\/\"},{\"@type\":\"ListItem\",\"position\":3,\"name\":\"Transport\"}]},{\"@type\":\"WebSite\",\"@id\":\"https:\/\/old.limityjsmemy.cz\/#website\",\"url\":\"https:\/\/old.limityjsmemy.cz\/\",\"name\":\"Limity jsme my\",\"description\":\"Hnut\u00ed za zachov\u00e1n\u00ed limit\u016f t\u011b\u017eby hn\u011bd\u00e9ho uhl\u00ed!\",\"publisher\":{\"@id\":\"https:\/\/old.limityjsmemy.cz\/#organization\"},\"potentialAction\":[{\"@type\":\"SearchAction\",\"target\":{\"@type\":\"EntryPoint\",\"urlTemplate\":\"https:\/\/old.limityjsmemy.cz\/?s={search_term_string}\"},\"query-input\":\"required name=search_term_string\"}],\"inLanguage\":\"en-US\"},{\"@type\":\"Organization\",\"@id\":\"https:\/\/old.limityjsmemy.cz\/#organization\",\"name\":\"Limity jsme my\",\"url\":\"https:\/\/old.limityjsmemy.cz\/\",\"logo\":{\"@type\":\"ImageObject\",\"inLanguage\":\"en-US\",\"@id\":\"https:\/\/old.limityjsmemy.cz\/#\/schema\/logo\/image\/\",\"url\":\"https:\/\/limityjsmemy.cz\/wp-content\/uploads\/2017\/06\/LimityJsmeMy.png\",\"contentUrl\":\"https:\/\/limityjsmemy.cz\/wp-content\/uploads\/2017\/06\/LimityJsmeMy.png\",\"width\":2257,\"height\":1506,\"caption\":\"Limity jsme my\"},\"image\":{\"@id\":\"https:\/\/old.limityjsmemy.cz\/#\/schema\/logo\/image\/\"},\"sameAs\":[\"https:\/\/facebook.com\/limityjsmemy\/\",\"https:\/\/twitter.com\/LimityJsmeMy\",\"https:\/\/www.instagram.com\/limityjsmemy\/\",\"https:\/\/www.youtube.com\/channel\/UCypVOtjZXGV1SXDJUGtx0EQ\"]}]}<\/script>\n<!-- \/ Yoast SEO plugin. -->","yoast_head_json":{"title":"Transport to Klimakemp 2018: train, bus, car, bike \u2014 Limity jsme my","description":"We'll be in Louka u Litv\u00ednova. The most comfortable travel is by train\u2014e.g., from Prague or Dresden transfer in \u00dast\u00ed n. L. You can go by bus, car or bike.","robots":{"index":"index","follow":"follow","max-snippet":"max-snippet:-1","max-image-preview":"max-image-preview:large","max-video-preview":"max-video-preview:-1"},"canonical":"https:\/\/old.limityjsmemy.cz\/en\/klimakemp2018\/transport\/","og_locale":"en_US","og_type":"article","og_title":"Transport to Klimakemp 2018: train, bus, car, bike \u2014 Limity jsme my","og_description":"We'll be in Louka u Litv\u00ednova. The most comfortable travel is by train\u2014e.g., from Prague or Dresden transfer in \u00dast\u00ed n. L. You can go by bus, car or bike.","og_url":"https:\/\/old.limityjsmemy.cz\/en\/klimakemp2018\/transport\/","og_site_name":"Limity jsme my","article_publisher":"https:\/\/facebook.com\/limityjsmemy\/","article_modified_time":"2018-06-12T10:12:43+00:00","og_image":[{"width":1024,"height":683,"url":"https:\/\/old.limityjsmemy.cz\/wp-content\/uploads\/2018\/06\/jakoze-v-aute.jpg","type":"image\/jpeg"}],"twitter_card":"summary_large_image","twitter_site":"@LimityJsmeMy","twitter_misc":{"Est. reading time":"1 minute"},"schema":{"@context":"https:\/\/schema.org","@graph":[{"@type":"WebPage","@id":"https:\/\/old.limityjsmemy.cz\/en\/klimakemp2018\/transport\/","url":"https:\/\/old.limityjsmemy.cz\/en\/klimakemp2018\/transport\/","name":"Transport to Klimakemp 2018: train, bus, car, bike \u2014 Limity jsme my","isPartOf":{"@id":"https:\/\/old.limityjsmemy.cz\/#website"},"datePublished":"2018-06-11T06:35:27+00:00","dateModified":"2018-06-12T10:12:43+00:00","description":"We'll be in Louka u Litv\u00ednova. The most comfortable travel is by train\u2014e.g., from Prague or Dresden transfer in \u00dast\u00ed n. L. You can go by bus, car or bike.","breadcrumb":{"@id":"https:\/\/old.limityjsmemy.cz\/en\/klimakemp2018\/transport\/#breadcrumb"},"inLanguage":"en-US","potentialAction":[{"@type":"ReadAction","target":["https:\/\/old.limityjsmemy.cz\/en\/klimakemp2018\/transport\/"]}]},{"@type":"BreadcrumbList","@id":"https:\/\/old.limityjsmemy.cz\/en\/klimakemp2018\/transport\/#breadcrumb","itemListElement":[{"@type":"ListItem","position":1,"name":"Dom\u016f","item":"https:\/\/old.limityjsmemy.cz\/en\/"},{"@type":"ListItem","position":2,"name":"Klimakemp 2018","item":"https:\/\/old.limityjsmemy.cz\/en\/klimakemp2018\/"},{"@type":"ListItem","position":3,"name":"Transport"}]},{"@type":"WebSite","@id":"https:\/\/old.limityjsmemy.cz\/#website","url":"https:\/\/old.limityjsmemy.cz\/","name":"Limity jsme my","description":"Hnut\u00ed za zachov\u00e1n\u00ed limit\u016f t\u011b\u017eby hn\u011bd\u00e9ho uhl\u00ed!","publisher":{"@id":"https:\/\/old.limityjsmemy.cz\/#organization"},"potentialAction":[{"@type":"SearchAction","target":{"@type":"EntryPoint","urlTemplate":"https:\/\/old.limityjsmemy.cz\/?s={search_term_string}"},"query-input":"required name=search_term_string"}],"inLanguage":"en-US"},{"@type":"Organization","@id":"https:\/\/old.limityjsmemy.cz\/#organization","name":"Limity jsme my","url":"https:\/\/old.limityjsmemy.cz\/","logo":{"@type":"ImageObject","inLanguage":"en-US","@id":"https:\/\/old.limityjsmemy.cz\/#\/schema\/logo\/image\/","url":"https:\/\/limityjsmemy.cz\/wp-content\/uploads\/2017\/06\/LimityJsmeMy.png","contentUrl":"https:\/\/limityjsmemy.cz\/wp-content\/uploads\/2017\/06\/LimityJsmeMy.png","width":2257,"height":1506,"caption":"Limity jsme my"},"image":{"@id":"https:\/\/old.limityjsmemy.cz\/#\/schema\/logo\/image\/"},"sameAs":["https:\/\/facebook.com\/limityjsmemy\/","https:\/\/twitter.com\/LimityJsmeMy","https:\/\/www.instagram.com\/limityjsmemy\/","https:\/\/www.youtube.com\/channel\/UCypVOtjZXGV1SXDJUGtx0EQ"]}]}},"_links":{"self":[{"href":"https:\/\/old.limityjsmemy.cz\/en\/wp-json\/wp\/v2\/pages\/3751"}],"collection":[{"href":"https:\/\/old.limityjsmemy.cz\/en\/wp-json\/wp\/v2\/pages"}],"about":[{"href":"https:\/\/old.limityjsmemy.cz\/en\/wp-json\/wp\/v2\/types\/page"}],"author":[{"embeddable":true,"href":"https:\/\/old.limityjsmemy.cz\/en\/wp-json\/wp\/v2\/users\/5"}],"replies":[{"embeddable":true,"href":"https:\/\/old.limityjsmemy.cz\/en\/wp-json\/wp\/v2\/comments?post=3751"}],"version-history":[{"count":7,"href":"https:\/\/old.limityjsmemy.cz\/en\/wp-json\/wp\/v2\/pages\/3751\/revisions"}],"predecessor-version":[{"id":3807,"href":"https:\/\/old.limityjsmemy.cz\/en\/wp-json\/wp\/v2\/pages\/3751\/revisions\/3807"}],"up":[{"embeddable":true,"href":"https:\/\/old.limityjsmemy.cz\/en\/wp-json\/wp\/v2\/pages\/3755"}],"wp:featuredmedia":[{"embeddable":true,"href":"https:\/\/old.limityjsmemy.cz\/en\/wp-json\/wp\/v2\/media\/3729"}],"wp:attachment":[{"href":"https:\/\/old.limityjsmemy.cz\/en\/wp-json\/wp\/v2\/media?parent=3751"}],"curies":[{"name":"wp","href":"https:\/\/api.w.org\/{rel}","templated":true}]}}