{"id":3759,"date":"2018-06-11T08:48:16","date_gmt":"2018-06-11T06:48:16","guid":{"rendered":"https:\/\/limityjsmemy.cz\/?page_id=3759"},"modified":"2018-06-11T09:36:45","modified_gmt":"2018-06-11T07:36:45","slug":"action-consensus","status":"publish","type":"page","link":"https:\/\/old.limityjsmemy.cz\/en\/klimakemp2018\/action-consensus\/","title":{"rendered":"Action consensus"},"content":{"rendered":"<p style=\"margin-top: -2.5em\"><strong style=\"text-transform: uppercase\">for plausible action of civil disobedience<\/strong><\/p>\n<p>The year 2017 was one of the hottest year in the recorded history. Scientists agree that our planet is warming. They suggest that to avoid a catastrophic temperature increase of more than 2 degrees Celsius, it is crucial to keep at least 80% of all known fossil fuels under the surface. However, fossil companies plan to extract and burn them nevertheless. Thus it is time for us to go beyond our own limits and stop the fossil industry.<\/p>\n<p>After considering the urgency of the climate crisis, we decided to take the protests against coal industry a step further, to go from words to action. During the Czech Climate Camp, we are going to realize non-violent civil disobedience actions against one of the coal infrastructures  in the brown coal district of Most. We are going to force the extraction operators to stop their common work by our presence inside or nearby the mine, a power station or another technical infrastructure. For a moment, we will limit mining and coal burning &#8211; the most crucial sources of the climate change and its dramatic consequences.<\/p>\n<p>The planned action is a publicly announced act of civil disobedience that is directed against one of the local coal infrastructures. Anyone can take part regardless their previous experience with similar protests. We are going to participate in legal demonstrations or in more daring non-violent actions of civil disobedience against one of the local coal infrastructures.<\/p>\n<p>We will prepare for the action through a training, we will learn to organize ourselves in <a href=\"\/en\/klimakemp2018\/practical-information\/#affinity-group\">affinity groups<\/a>, to take decisions non-hierarchically and to block effectively. We will behave calmly and non-violently. We won\u2019t provoke escalation in order not to put anyone in danger. We will block and occupy only with our own bodies or equipment for passive resistance, we won\u2019t destroy nor damage any equipment. We will go along the police lines or barriers and we will avoid any physical contact with the police and security guards. In all circumstances, we will follow the principles of nonviolence, we won\u2019t react to any possible provocations. Our action is not directed against the workers of the coal industry, nor against police. The safety of all participants and workers will be our top priority. We will try to make the action as creative and accessible to broader public as possible.<\/p>\n<p>All together we take the responsibility for the success of the action, we will support each other. Should anyone consciously break this action consensus, they cannot claim the right to support from the others in case of any legal, financial and other consequences of the action. We are the limits of fossil industry. Limity jsme my! (Limits are us!)<\/p>\n","protected":false},"excerpt":{"rendered":"<p>for plausible action of civil disobedience The year 2017 was one of the hottest year in the recorded history. Scientists agree that our planet is warming. They suggest that to avoid a catastrophic temperature increase of more than 2 degrees Celsius, it is crucial to keep at least 80% of all known fossil fuels under [&hellip;]<\/p>\n","protected":false},"author":5,"featured_media":0,"parent":3755,"menu_order":0,"comment_status":"closed","ping_status":"closed","template":"","meta":[],"yoast_head":"<!-- This site is optimized with the Yoast SEO plugin v21.2 - https:\/\/yoast.com\/wordpress\/plugins\/seo\/ -->\n<title>Action consensus for plausible action of civil disobedience during Klimakempu 2018 \u2014 Limity jsme my<\/title>\n<meta name=\"description\" content=\"Nonviolence, inclusion, preparation,\u00a0safety and\u00a0conflict deescalation should be a framework for participants in actions with plausible civil disobedience.\" \/>\n<meta name=\"robots\" content=\"index, follow, max-snippet:-1, max-image-preview:large, max-video-preview:-1\" \/>\n<link rel=\"canonical\" href=\"https:\/\/old.limityjsmemy.cz\/en\/klimakemp2018\/action-consensus\/\" \/>\n<meta property=\"og:locale\" content=\"en_US\" \/>\n<meta property=\"og:type\" content=\"article\" \/>\n<meta property=\"og:title\" content=\"Action consensus for plausible action of civil disobedience during Klimakempu 2018 \u2014 Limity jsme my\" \/>\n<meta property=\"og:description\" content=\"Nonviolence, inclusion, preparation,\u00a0safety and\u00a0conflict deescalation should be a framework for participants in actions with plausible civil disobedience.\" \/>\n<meta property=\"og:url\" content=\"https:\/\/old.limityjsmemy.cz\/en\/klimakemp2018\/action-consensus\/\" \/>\n<meta property=\"og:site_name\" content=\"Limity jsme my\" \/>\n<meta property=\"article:publisher\" content=\"https:\/\/facebook.com\/limityjsmemy\/\" \/>\n<meta property=\"article:modified_time\" content=\"2018-06-11T07:36:45+00:00\" \/>\n<meta name=\"twitter:card\" content=\"summary_large_image\" \/>\n<meta name=\"twitter:site\" content=\"@LimityJsmeMy\" \/>\n<meta name=\"twitter:label1\" content=\"Est. reading time\" \/>\n\t<meta name=\"twitter:data1\" content=\"2 minutes\" \/>\n<script type=\"application\/ld+json\" class=\"yoast-schema-graph\">{\"@context\":\"https:\/\/schema.org\",\"@graph\":[{\"@type\":\"WebPage\",\"@id\":\"https:\/\/old.limityjsmemy.cz\/en\/klimakemp2018\/action-consensus\/\",\"url\":\"https:\/\/old.limityjsmemy.cz\/en\/klimakemp2018\/action-consensus\/\",\"name\":\"Action consensus for plausible action of civil disobedience during Klimakempu 2018 \u2014 Limity jsme my\",\"isPartOf\":{\"@id\":\"https:\/\/old.limityjsmemy.cz\/#website\"},\"datePublished\":\"2018-06-11T06:48:16+00:00\",\"dateModified\":\"2018-06-11T07:36:45+00:00\",\"description\":\"Nonviolence, inclusion, preparation,\u00a0safety and\u00a0conflict deescalation should be a framework for participants in actions with plausible civil disobedience.\",\"breadcrumb\":{\"@id\":\"https:\/\/old.limityjsmemy.cz\/en\/klimakemp2018\/action-consensus\/#breadcrumb\"},\"inLanguage\":\"en-US\",\"potentialAction\":[{\"@type\":\"ReadAction\",\"target\":[\"https:\/\/old.limityjsmemy.cz\/en\/klimakemp2018\/action-consensus\/\"]}]},{\"@type\":\"BreadcrumbList\",\"@id\":\"https:\/\/old.limityjsmemy.cz\/en\/klimakemp2018\/action-consensus\/#breadcrumb\",\"itemListElement\":[{\"@type\":\"ListItem\",\"position\":1,\"name\":\"Dom\u016f\",\"item\":\"https:\/\/old.limityjsmemy.cz\/en\/\"},{\"@type\":\"ListItem\",\"position\":2,\"name\":\"Klimakemp 2018\",\"item\":\"https:\/\/old.limityjsmemy.cz\/en\/klimakemp2018\/\"},{\"@type\":\"ListItem\",\"position\":3,\"name\":\"Action consensus\"}]},{\"@type\":\"WebSite\",\"@id\":\"https:\/\/old.limityjsmemy.cz\/#website\",\"url\":\"https:\/\/old.limityjsmemy.cz\/\",\"name\":\"Limity jsme my\",\"description\":\"Hnut\u00ed za zachov\u00e1n\u00ed limit\u016f t\u011b\u017eby hn\u011bd\u00e9ho uhl\u00ed!\",\"publisher\":{\"@id\":\"https:\/\/old.limityjsmemy.cz\/#organization\"},\"potentialAction\":[{\"@type\":\"SearchAction\",\"target\":{\"@type\":\"EntryPoint\",\"urlTemplate\":\"https:\/\/old.limityjsmemy.cz\/?s={search_term_string}\"},\"query-input\":\"required name=search_term_string\"}],\"inLanguage\":\"en-US\"},{\"@type\":\"Organization\",\"@id\":\"https:\/\/old.limityjsmemy.cz\/#organization\",\"name\":\"Limity jsme my\",\"url\":\"https:\/\/old.limityjsmemy.cz\/\",\"logo\":{\"@type\":\"ImageObject\",\"inLanguage\":\"en-US\",\"@id\":\"https:\/\/old.limityjsmemy.cz\/#\/schema\/logo\/image\/\",\"url\":\"https:\/\/limityjsmemy.cz\/wp-content\/uploads\/2017\/06\/LimityJsmeMy.png\",\"contentUrl\":\"https:\/\/limityjsmemy.cz\/wp-content\/uploads\/2017\/06\/LimityJsmeMy.png\",\"width\":2257,\"height\":1506,\"caption\":\"Limity jsme my\"},\"image\":{\"@id\":\"https:\/\/old.limityjsmemy.cz\/#\/schema\/logo\/image\/\"},\"sameAs\":[\"https:\/\/facebook.com\/limityjsmemy\/\",\"https:\/\/twitter.com\/LimityJsmeMy\",\"https:\/\/www.instagram.com\/limityjsmemy\/\",\"https:\/\/www.youtube.com\/channel\/UCypVOtjZXGV1SXDJUGtx0EQ\"]}]}<\/script>\n<!-- \/ Yoast SEO plugin. -->","yoast_head_json":{"title":"Action consensus for plausible action of civil disobedience during Klimakempu 2018 \u2014 Limity jsme my","description":"Nonviolence, inclusion, preparation,\u00a0safety and\u00a0conflict deescalation should be a framework for participants in actions with plausible civil disobedience.","robots":{"index":"index","follow":"follow","max-snippet":"max-snippet:-1","max-image-preview":"max-image-preview:large","max-video-preview":"max-video-preview:-1"},"canonical":"https:\/\/old.limityjsmemy.cz\/en\/klimakemp2018\/action-consensus\/","og_locale":"en_US","og_type":"article","og_title":"Action consensus for plausible action of civil disobedience during Klimakempu 2018 \u2014 Limity jsme my","og_description":"Nonviolence, inclusion, preparation,\u00a0safety and\u00a0conflict deescalation should be a framework for participants in actions with plausible civil disobedience.","og_url":"https:\/\/old.limityjsmemy.cz\/en\/klimakemp2018\/action-consensus\/","og_site_name":"Limity jsme my","article_publisher":"https:\/\/facebook.com\/limityjsmemy\/","article_modified_time":"2018-06-11T07:36:45+00:00","twitter_card":"summary_large_image","twitter_site":"@LimityJsmeMy","twitter_misc":{"Est. reading time":"2 minutes"},"schema":{"@context":"https:\/\/schema.org","@graph":[{"@type":"WebPage","@id":"https:\/\/old.limityjsmemy.cz\/en\/klimakemp2018\/action-consensus\/","url":"https:\/\/old.limityjsmemy.cz\/en\/klimakemp2018\/action-consensus\/","name":"Action consensus for plausible action of civil disobedience during Klimakempu 2018 \u2014 Limity jsme my","isPartOf":{"@id":"https:\/\/old.limityjsmemy.cz\/#website"},"datePublished":"2018-06-11T06:48:16+00:00","dateModified":"2018-06-11T07:36:45+00:00","description":"Nonviolence, inclusion, preparation,\u00a0safety and\u00a0conflict deescalation should be a framework for participants in actions with plausible civil disobedience.","breadcrumb":{"@id":"https:\/\/old.limityjsmemy.cz\/en\/klimakemp2018\/action-consensus\/#breadcrumb"},"inLanguage":"en-US","potentialAction":[{"@type":"ReadAction","target":["https:\/\/old.limityjsmemy.cz\/en\/klimakemp2018\/action-consensus\/"]}]},{"@type":"BreadcrumbList","@id":"https:\/\/old.limityjsmemy.cz\/en\/klimakemp2018\/action-consensus\/#breadcrumb","itemListElement":[{"@type":"ListItem","position":1,"name":"Dom\u016f","item":"https:\/\/old.limityjsmemy.cz\/en\/"},{"@type":"ListItem","position":2,"name":"Klimakemp 2018","item":"https:\/\/old.limityjsmemy.cz\/en\/klimakemp2018\/"},{"@type":"ListItem","position":3,"name":"Action consensus"}]},{"@type":"WebSite","@id":"https:\/\/old.limityjsmemy.cz\/#website","url":"https:\/\/old.limityjsmemy.cz\/","name":"Limity jsme my","description":"Hnut\u00ed za zachov\u00e1n\u00ed limit\u016f t\u011b\u017eby hn\u011bd\u00e9ho uhl\u00ed!","publisher":{"@id":"https:\/\/old.limityjsmemy.cz\/#organization"},"potentialAction":[{"@type":"SearchAction","target":{"@type":"EntryPoint","urlTemplate":"https:\/\/old.limityjsmemy.cz\/?s={search_term_string}"},"query-input":"required name=search_term_string"}],"inLanguage":"en-US"},{"@type":"Organization","@id":"https:\/\/old.limityjsmemy.cz\/#organization","name":"Limity jsme my","url":"https:\/\/old.limityjsmemy.cz\/","logo":{"@type":"ImageObject","inLanguage":"en-US","@id":"https:\/\/old.limityjsmemy.cz\/#\/schema\/logo\/image\/","url":"https:\/\/limityjsmemy.cz\/wp-content\/uploads\/2017\/06\/LimityJsmeMy.png","contentUrl":"https:\/\/limityjsmemy.cz\/wp-content\/uploads\/2017\/06\/LimityJsmeMy.png","width":2257,"height":1506,"caption":"Limity jsme my"},"image":{"@id":"https:\/\/old.limityjsmemy.cz\/#\/schema\/logo\/image\/"},"sameAs":["https:\/\/facebook.com\/limityjsmemy\/","https:\/\/twitter.com\/LimityJsmeMy","https:\/\/www.instagram.com\/limityjsmemy\/","https:\/\/www.youtube.com\/channel\/UCypVOtjZXGV1SXDJUGtx0EQ"]}]}},"_links":{"self":[{"href":"https:\/\/old.limityjsmemy.cz\/en\/wp-json\/wp\/v2\/pages\/3759"}],"collection":[{"href":"https:\/\/old.limityjsmemy.cz\/en\/wp-json\/wp\/v2\/pages"}],"about":[{"href":"https:\/\/old.limityjsmemy.cz\/en\/wp-json\/wp\/v2\/types\/page"}],"author":[{"embeddable":true,"href":"https:\/\/old.limityjsmemy.cz\/en\/wp-json\/wp\/v2\/users\/5"}],"replies":[{"embeddable":true,"href":"https:\/\/old.limityjsmemy.cz\/en\/wp-json\/wp\/v2\/comments?post=3759"}],"version-history":[{"count":4,"href":"https:\/\/old.limityjsmemy.cz\/en\/wp-json\/wp\/v2\/pages\/3759\/revisions"}],"predecessor-version":[{"id":3785,"href":"https:\/\/old.limityjsmemy.cz\/en\/wp-json\/wp\/v2\/pages\/3759\/revisions\/3785"}],"up":[{"embeddable":true,"href":"https:\/\/old.limityjsmemy.cz\/en\/wp-json\/wp\/v2\/pages\/3755"}],"wp:attachment":[{"href":"https:\/\/old.limityjsmemy.cz\/en\/wp-json\/wp\/v2\/media?parent=3759"}],"curies":[{"name":"wp","href":"https:\/\/api.w.org\/{rel}","templated":true}]}}