{"id":3763,"date":"2018-06-11T07:06:49","date_gmt":"2018-06-11T05:06:49","guid":{"rendered":"https:\/\/limityjsmemy.cz\/klimakemp2018\/prakticke-informace\/"},"modified":"2018-06-25T10:57:55","modified_gmt":"2018-06-25T08:57:55","slug":"practical-information","status":"publish","type":"page","link":"https:\/\/old.limityjsmemy.cz\/en\/klimakemp2018\/practical-information\/","title":{"rendered":"Practical information"},"content":{"rendered":"<p><strong>In case of questions, please don&#8217;t hesitate to call the number +420 605 934 841<\/strong><\/p>\n<p><strong>Where is it taking place?<\/strong><br \/>\nKlimakemp is taking place in the area of Most coalfield, close to the town Louka u Litv\u00ednova. We recommend to follow <a href=\"\/en\/klimakemp2018\/transport\/\">our page about transport<\/a> and the <a href=\"https:\/\/www.facebook.com\/events\/1515426468504626\/\">facebook event<\/a>.<\/p>\n<p><strong>Is it legal? Can I get arrested?<\/strong><br \/>\nThe camp itself is perfectly legal. It will also stage an announced and permitted demonstration. Please be aware that your participation on other possible non-violent actions that might stand out of the legal system framework is on your own responsibility.<\/p>\n<p><strong>I\u2019m under-eighteen. Can I join?<\/strong><br \/>\nKlimakemp will be in a safe environment so everyone, including the juveniles, is very welcome. However, children under-fifteen need to be accompanied by their parents. If you are between fifteen and eighteen years old and you plan to participate in Klimakemp without your caregiver, please consider the possible risks. Despite our full determination, we might not be able to provide you with all necessary legal information on time. Hence be aware that we cannot vouch for any consequences that might result from your participation in Klimakemp or possible protests.<\/p>\n<p><strong>I don\u2019t speak Czech. Can I participate?<\/strong><br \/>\nThe climate change has no boundaries and neither does our camp. We welcome participants from other countries. You\u2019ll get an information brochure in English and there will be an infopoint with English speaking volunteers. The lectures held in Czech will be individually translated when possible. We\u2019ll appreciate if you actively search for someone in the camp to help you with the translations. The Czech currency is a Czech koruna (CZK) also known as crown. \u20ac1 is equals approximately to 27 crowns. You can withdraw money from an ATM or exchange them in a nearby city of Litv\u00ednov. Please do not forget to bring your ID.<\/p>\n<h2>Transportation<\/h2>\n<p>You can easily get into the camp by train, as train station is only kilometer and half way from camp place (see the <a href=\"https:\/\/bit.ly\/2Jm42y4\">map<\/a>). From Prague you can get into the station Louka u Litv\u00ednova with one change in \u00dast\u00ed nad Labem or Teplice v \u010cech\u00e1ch. From Dresden or Leipzig you can change in \u00dast\u00ed nad Labem or take bus from Litv\u00ednov.<\/p>\n<p>From train station Litv\u00ednov there are buses coming into the town. Get off at the station Louka u Litv\u00ednova U Ma\u0159\u00edk\u016f (4 bus stops). It really close to the camp.<\/p>\n<p>Try to leave your car at home please, as it is not ecological and we don&#8217;t have enough space for parking. Do not hesitate to travel by bike, we will have bike repair workroom at the camp provided by Bike Kitchen Brno. If it is really necessary to arrive by car, take highway D8 and leave it on exit 48 \u2013 Lovosice. Than follow the route to Most and afterward to Litv\u00ednov. Please try to offer place for other people on <a href=\"https:\/\/www.facebook.com\/events\/1515426468504626\/\">Klimakemp Facebook event<\/a>.<\/p>\n<h2>Life in the camp<\/h2>\n<p><strong>Where are we going to sleep?<\/strong><br \/>\nWe\u2019re going to sleep in the field. Please take a tent, sleeping bag and sleeping mat.<\/p>\n<p><strong>What else should I bring?<\/strong><br \/>\nWe recommend having camping equipment: a sleeping bag, sleeping mat, tent, plate, cup, cutlery, food, drinks and water bottle. Think carefully about the clothing. It might be useful to have a warm sweater, raincoat or waterproof jacket, sunglasses, head cover and sturdy shoes. Do not forget your ID, money and medicine if you take any. People with musical instruments tend to be very popular.<\/p>\n<p><strong>Leave-at-home items<\/strong><br \/>\nKlimakemp should be a welcoming and safe space. Hence leave at home any weapons, explosives, strong alcoholic beverages, drugs and other narcotics. Also do not bring unreasonably long knives, glass bottles and liquids of unknown origin. Generally, please leave at home any items that could be considered a weapon. We also recommend leaving at home your valuables.<\/p>\n<p><strong>What\u2019s on the programme?<\/strong><br \/>\nMany events. We plan two blocks of day lectures, discussions and workshops. The first block is going to be dedicated to the topic Degrowth. The second one is going to be opened to the participants. This is your chance to organize your own lecture or workshop.<\/p>\n<p>The educational dimension is going to be extended by cultural events and community volunteering in the evening. The camp is going to peak at the action weekend which is going to be full of possibilities to stand against coal mining.<\/p>\n<p><strong>What are we going to eat?<\/strong><br \/>\nWe are going to prepare a common vegan breakfast, lunch and dinner. Don\u2019t forget to bring a durable bowl or plate, a cup and cutlery. Volunteers in the kitchen will undoubtedly appreciate your help so don\u2019t hesitate to offer it. There will be drinking water and a bar at the location.<\/p>\n<p><strong>What about hygiene?<\/strong><br \/>\nThere will be composting toilets and provisional showers. However, the shower capacity will be limited. Hence please follow the basic hygiene procedures such as hand washing to avoid trouble.<\/p>\n<p><strong>Do I have to pay anything?<\/strong><br \/>\nOrganizing the camp is of course quite costly by which we mean that it is actually quite expensive (consider the food, programme etc.). Therefore, we greatly appreciate your voluntary financial support to cover the food and accommodation expenses. The recommended amount is 200 CZK per day per a participant (6-9 euros). Higher contributions to help to finance other expenses is very welcome.  You can send the money through our account on darujme.cz, put them in the money box in the camp or you can send it to our bank account:  2201148764\/2010, IBAN: CZ6820100000002201148764, BIC\/SWIFT: FIOBCZPPXXX<\/p>\n<p><strong>Can I bring my pet?<\/strong><br \/>\nIt\u2019s up to you to consider whether it is a good idea or not. If you decide to bring your pet, please make sure you have it under control for the full duration of the camp. Bear in mind that some people might not feel comfortable in their presence.<\/p>\n<p><strong>What else can I do to participate in Klimakemp?<\/strong><br \/>\nBy coming. Klimakemp is an event that will work on the principals of sustainability and solidarity. We don\u2019t make it for you, we make it with you. We are going to be at the location already at the weekend of the 17th and 18th of June. We will welcome your help with setting up the camp. We will also need different materials and things such as tools, sawdust and eating tables. If you\u2019re interested in helping to pitch the camp, please <a href=\"limityjsmemy@riseup.net\">send us an email<\/a>.<\/p>\n<h2>Civil Disobedience<\/h2>\n<p><strong>Is civil disobedience going to be included?<\/strong><br \/>\nCivil disobedience is a common and widely used method to stand against unjust or untenable actions. By non-violent rule breaking, we demonstrate that we are ready to bear the consequences of breaking the law in order to point out to a very serious problem ignored by the political and legislative powers. It is generally agreed upon that humans cause the climate change and that the emissions of carbon dioxide from fossil fuels need to be strictly reduced. <\/p>\n<p>It is also undeniable that the climate change negatively affects millions of people, mainly those who contributed to the change the least. The extraction and fossil fuel burning have a negative effect on the Czech landscape and damages the health of thousands of people. The Czech and foreign politicians do not search for solutions. Instead they give empty promises and create environment that allows further extraction and burning of fossil fuels, extension of mines and selling of old power plants to coal barons. The Paris climate conference brought an agreement to keep the warming under 1,5 degrees Celsius but it doesn\u2019t appear to be actively implemented.<\/p>\n<p>That is an unbearable injustice. To peacefully stand against the coal infrastructure might mean to commit a minor offense. However, it is legitimate and even necessary within the current political situation. It means to uphold the long tradition of civil disobedience which places individual consciousness above formal law as was the case of Charta 77 or the pre-revolution demonstrations for clean air in North Bohemia.<\/p>\n<p><strong>What is the link between the camp and the civil disobedience action?<\/strong><br \/>\nKlimakemp is a place that is to give the participants space for coordination, networking and autonomous civil action. However, we plead that all participants follow the agreed and approved <a href=\"\/en\/klimakemp2018\/action-consensus\/\">action consensus<\/a>. It was established non-hierarchically through a discussion of members of the movement. It specifies the conditions in which they are ready to take action themselves. Should anyone ignore the consensus, they cannot count on our support in their actions or in dealing with the consequences. <\/p>\n<p><strong>I don\u2019t want to take part in civil disobedience. Can I join the camp?<\/strong><br \/>\nSure! There will be also demonstrations against the climate change, fossil fuels and for climate justice. There will be space for anyone to voice your opinion.<\/p>\n<p><strong>I have never participated in civil disobedience<\/strong><br \/>\nWe want people in the Czech Republic to join actions of civil disobedience. We plan several training sessions during the camp. They will provide the participants with the necessary preparation. Everyone should be given the chance to gain the knowledge necessary for similar actions from the more experienced participants.<\/p>\n<p><strong id=\"affinity-group\">What is an affinity group? Should I have to join one?<\/strong><br \/>\nIt is better to participate in legal demonstrations or civil disobedience actions in a group of four to ten people for its better coordination. Such groups are called affinity groups. Their members can trust each other, they take care of one another and they take common decisions and actions. It is mostly important to have a common goal. Every affinity group can send their delegates with the group\u2019s suggestions to a collective plenum. The plenum will decide on further collective actions by consensus. We recommend forming an affinity group before the camp, but there should be space to form yours during the camp. Don\u2019t hesitate to ask someone at the camp to help you with the non-hierarchical organization. Its practical use is one of the Klimakemp goals.<\/p>\n<p><strong>What to do in case of civil disobedience?<\/strong><br \/>\nWe ask everyone who wants to take part in civil disobedience to follow the <a href=\"\/en\/klimakemp2018\/action-consensus\/\">action consensus<\/a> and to strictly avoid violence. Take care of your affinity group, mainly of one of its members who you are paired with as buddies.<\/p>\n<p><strong>What are the possible legal consequences?<\/strong><br \/>\nIt is probable that you will commit a minor offense by civil disobedience &#8211; mainly disobeying a police call. That can lead to up to 48-hour-detention and a fine. Should you get arrested during the camp, be sure that you won\u2019t be left alone &#8211; the other participants will do their best to achieve your release and they will help you to bear the consequences.<\/p>\n<p>We are going to publish here a legal analysis of the most common offenses that could be committed during the camp. There will be also a voluntary civil team of lawyers whose support will be available to everyone following the action consensus. If you study the law or you are a lawyer and you\u2019d like to join the team, please <a href=\"limityjsmemy@riseup.net\">send us an email<\/a>.<\/p>\n<p><strong>What if something happens to me at the camp or the events?<\/strong><br \/>\nEveryone will take care of everyone at Klimakemp. There will be also a medical team ready to help if needed. If you study medicine or you are a paramedic, please <a href=\"limityjsmemy@riseup.net\">send us an email<\/a> if you want to join the team.<\/p>\n","protected":false},"excerpt":{"rendered":"<p>In case of questions, please don&#8217;t hesitate to call the number +420 605 934 841 Where is it taking place? Klimakemp is taking place in the area of Most coalfield, close to the town Louka u Litv\u00ednova. We recommend to follow our page about transport and the facebook event. Is it legal? Can I get [&hellip;]<\/p>\n","protected":false},"author":5,"featured_media":0,"parent":3755,"menu_order":0,"comment_status":"closed","ping_status":"closed","template":"","meta":[],"yoast_head":"<!-- This site is optimized with the Yoast SEO plugin v21.2 - https:\/\/yoast.com\/wordpress\/plugins\/seo\/ -->\n<title>Practical information before attending Klimakemp 2018 \u2014 Limity jsme my<\/title>\n<meta name=\"description\" content=\"Place, programme, food, sleeping, clarification of civil disobedience, joining organizers etc. before attending climate justice camp with no leaders.\" \/>\n<meta name=\"robots\" content=\"index, follow, max-snippet:-1, max-image-preview:large, max-video-preview:-1\" \/>\n<link rel=\"canonical\" href=\"https:\/\/old.limityjsmemy.cz\/en\/klimakemp2018\/practical-information\/\" \/>\n<meta property=\"og:locale\" content=\"en_US\" \/>\n<meta property=\"og:type\" content=\"article\" \/>\n<meta property=\"og:title\" content=\"Practical information before attending Klimakemp 2018 \u2014 Limity jsme my\" \/>\n<meta property=\"og:description\" content=\"Place, programme, food, sleeping, clarification of civil disobedience, joining organizers etc. before attending climate justice camp with no leaders.\" \/>\n<meta property=\"og:url\" content=\"https:\/\/old.limityjsmemy.cz\/en\/klimakemp2018\/practical-information\/\" \/>\n<meta property=\"og:site_name\" content=\"Limity jsme my\" \/>\n<meta property=\"article:publisher\" content=\"https:\/\/facebook.com\/limityjsmemy\/\" \/>\n<meta property=\"article:modified_time\" content=\"2018-06-25T08:57:55+00:00\" \/>\n<meta name=\"twitter:card\" content=\"summary_large_image\" \/>\n<meta name=\"twitter:site\" content=\"@LimityJsmeMy\" \/>\n<meta name=\"twitter:label1\" content=\"Est. reading time\" \/>\n\t<meta name=\"twitter:data1\" content=\"9 minutes\" \/>\n<script type=\"application\/ld+json\" class=\"yoast-schema-graph\">{\"@context\":\"https:\/\/schema.org\",\"@graph\":[{\"@type\":\"WebPage\",\"@id\":\"https:\/\/old.limityjsmemy.cz\/en\/klimakemp2018\/practical-information\/\",\"url\":\"https:\/\/old.limityjsmemy.cz\/en\/klimakemp2018\/practical-information\/\",\"name\":\"Practical information before attending Klimakemp 2018 \u2014 Limity jsme my\",\"isPartOf\":{\"@id\":\"https:\/\/old.limityjsmemy.cz\/#website\"},\"datePublished\":\"2018-06-11T05:06:49+00:00\",\"dateModified\":\"2018-06-25T08:57:55+00:00\",\"description\":\"Place, programme, food, sleeping, clarification of civil disobedience, joining organizers etc. before attending climate justice camp with no leaders.\",\"breadcrumb\":{\"@id\":\"https:\/\/old.limityjsmemy.cz\/en\/klimakemp2018\/practical-information\/#breadcrumb\"},\"inLanguage\":\"en-US\",\"potentialAction\":[{\"@type\":\"ReadAction\",\"target\":[\"https:\/\/old.limityjsmemy.cz\/en\/klimakemp2018\/practical-information\/\"]}]},{\"@type\":\"BreadcrumbList\",\"@id\":\"https:\/\/old.limityjsmemy.cz\/en\/klimakemp2018\/practical-information\/#breadcrumb\",\"itemListElement\":[{\"@type\":\"ListItem\",\"position\":1,\"name\":\"Dom\u016f\",\"item\":\"https:\/\/old.limityjsmemy.cz\/en\/\"},{\"@type\":\"ListItem\",\"position\":2,\"name\":\"Klimakemp 2018\",\"item\":\"https:\/\/old.limityjsmemy.cz\/en\/klimakemp2018\/\"},{\"@type\":\"ListItem\",\"position\":3,\"name\":\"Practical information\"}]},{\"@type\":\"WebSite\",\"@id\":\"https:\/\/old.limityjsmemy.cz\/#website\",\"url\":\"https:\/\/old.limityjsmemy.cz\/\",\"name\":\"Limity jsme my\",\"description\":\"Hnut\u00ed za zachov\u00e1n\u00ed limit\u016f t\u011b\u017eby hn\u011bd\u00e9ho uhl\u00ed!\",\"publisher\":{\"@id\":\"https:\/\/old.limityjsmemy.cz\/#organization\"},\"potentialAction\":[{\"@type\":\"SearchAction\",\"target\":{\"@type\":\"EntryPoint\",\"urlTemplate\":\"https:\/\/old.limityjsmemy.cz\/?s={search_term_string}\"},\"query-input\":\"required name=search_term_string\"}],\"inLanguage\":\"en-US\"},{\"@type\":\"Organization\",\"@id\":\"https:\/\/old.limityjsmemy.cz\/#organization\",\"name\":\"Limity jsme my\",\"url\":\"https:\/\/old.limityjsmemy.cz\/\",\"logo\":{\"@type\":\"ImageObject\",\"inLanguage\":\"en-US\",\"@id\":\"https:\/\/old.limityjsmemy.cz\/#\/schema\/logo\/image\/\",\"url\":\"https:\/\/limityjsmemy.cz\/wp-content\/uploads\/2017\/06\/LimityJsmeMy.png\",\"contentUrl\":\"https:\/\/limityjsmemy.cz\/wp-content\/uploads\/2017\/06\/LimityJsmeMy.png\",\"width\":2257,\"height\":1506,\"caption\":\"Limity jsme my\"},\"image\":{\"@id\":\"https:\/\/old.limityjsmemy.cz\/#\/schema\/logo\/image\/\"},\"sameAs\":[\"https:\/\/facebook.com\/limityjsmemy\/\",\"https:\/\/twitter.com\/LimityJsmeMy\",\"https:\/\/www.instagram.com\/limityjsmemy\/\",\"https:\/\/www.youtube.com\/channel\/UCypVOtjZXGV1SXDJUGtx0EQ\"]}]}<\/script>\n<!-- \/ Yoast SEO plugin. -->","yoast_head_json":{"title":"Practical information before attending Klimakemp 2018 \u2014 Limity jsme my","description":"Place, programme, food, sleeping, clarification of civil disobedience, joining organizers etc. before attending climate justice camp with no leaders.","robots":{"index":"index","follow":"follow","max-snippet":"max-snippet:-1","max-image-preview":"max-image-preview:large","max-video-preview":"max-video-preview:-1"},"canonical":"https:\/\/old.limityjsmemy.cz\/en\/klimakemp2018\/practical-information\/","og_locale":"en_US","og_type":"article","og_title":"Practical information before attending Klimakemp 2018 \u2014 Limity jsme my","og_description":"Place, programme, food, sleeping, clarification of civil disobedience, joining organizers etc. before attending climate justice camp with no leaders.","og_url":"https:\/\/old.limityjsmemy.cz\/en\/klimakemp2018\/practical-information\/","og_site_name":"Limity jsme my","article_publisher":"https:\/\/facebook.com\/limityjsmemy\/","article_modified_time":"2018-06-25T08:57:55+00:00","twitter_card":"summary_large_image","twitter_site":"@LimityJsmeMy","twitter_misc":{"Est. reading time":"9 minutes"},"schema":{"@context":"https:\/\/schema.org","@graph":[{"@type":"WebPage","@id":"https:\/\/old.limityjsmemy.cz\/en\/klimakemp2018\/practical-information\/","url":"https:\/\/old.limityjsmemy.cz\/en\/klimakemp2018\/practical-information\/","name":"Practical information before attending Klimakemp 2018 \u2014 Limity jsme my","isPartOf":{"@id":"https:\/\/old.limityjsmemy.cz\/#website"},"datePublished":"2018-06-11T05:06:49+00:00","dateModified":"2018-06-25T08:57:55+00:00","description":"Place, programme, food, sleeping, clarification of civil disobedience, joining organizers etc. before attending climate justice camp with no leaders.","breadcrumb":{"@id":"https:\/\/old.limityjsmemy.cz\/en\/klimakemp2018\/practical-information\/#breadcrumb"},"inLanguage":"en-US","potentialAction":[{"@type":"ReadAction","target":["https:\/\/old.limityjsmemy.cz\/en\/klimakemp2018\/practical-information\/"]}]},{"@type":"BreadcrumbList","@id":"https:\/\/old.limityjsmemy.cz\/en\/klimakemp2018\/practical-information\/#breadcrumb","itemListElement":[{"@type":"ListItem","position":1,"name":"Dom\u016f","item":"https:\/\/old.limityjsmemy.cz\/en\/"},{"@type":"ListItem","position":2,"name":"Klimakemp 2018","item":"https:\/\/old.limityjsmemy.cz\/en\/klimakemp2018\/"},{"@type":"ListItem","position":3,"name":"Practical information"}]},{"@type":"WebSite","@id":"https:\/\/old.limityjsmemy.cz\/#website","url":"https:\/\/old.limityjsmemy.cz\/","name":"Limity jsme my","description":"Hnut\u00ed za zachov\u00e1n\u00ed limit\u016f t\u011b\u017eby hn\u011bd\u00e9ho uhl\u00ed!","publisher":{"@id":"https:\/\/old.limityjsmemy.cz\/#organization"},"potentialAction":[{"@type":"SearchAction","target":{"@type":"EntryPoint","urlTemplate":"https:\/\/old.limityjsmemy.cz\/?s={search_term_string}"},"query-input":"required name=search_term_string"}],"inLanguage":"en-US"},{"@type":"Organization","@id":"https:\/\/old.limityjsmemy.cz\/#organization","name":"Limity jsme my","url":"https:\/\/old.limityjsmemy.cz\/","logo":{"@type":"ImageObject","inLanguage":"en-US","@id":"https:\/\/old.limityjsmemy.cz\/#\/schema\/logo\/image\/","url":"https:\/\/limityjsmemy.cz\/wp-content\/uploads\/2017\/06\/LimityJsmeMy.png","contentUrl":"https:\/\/limityjsmemy.cz\/wp-content\/uploads\/2017\/06\/LimityJsmeMy.png","width":2257,"height":1506,"caption":"Limity jsme my"},"image":{"@id":"https:\/\/old.limityjsmemy.cz\/#\/schema\/logo\/image\/"},"sameAs":["https:\/\/facebook.com\/limityjsmemy\/","https:\/\/twitter.com\/LimityJsmeMy","https:\/\/www.instagram.com\/limityjsmemy\/","https:\/\/www.youtube.com\/channel\/UCypVOtjZXGV1SXDJUGtx0EQ"]}]}},"_links":{"self":[{"href":"https:\/\/old.limityjsmemy.cz\/en\/wp-json\/wp\/v2\/pages\/3763"}],"collection":[{"href":"https:\/\/old.limityjsmemy.cz\/en\/wp-json\/wp\/v2\/pages"}],"about":[{"href":"https:\/\/old.limityjsmemy.cz\/en\/wp-json\/wp\/v2\/types\/page"}],"author":[{"embeddable":true,"href":"https:\/\/old.limityjsmemy.cz\/en\/wp-json\/wp\/v2\/users\/5"}],"replies":[{"embeddable":true,"href":"https:\/\/old.limityjsmemy.cz\/en\/wp-json\/wp\/v2\/comments?post=3763"}],"version-history":[{"count":4,"href":"https:\/\/old.limityjsmemy.cz\/en\/wp-json\/wp\/v2\/pages\/3763\/revisions"}],"predecessor-version":[{"id":3841,"href":"https:\/\/old.limityjsmemy.cz\/en\/wp-json\/wp\/v2\/pages\/3763\/revisions\/3841"}],"up":[{"embeddable":true,"href":"https:\/\/old.limityjsmemy.cz\/en\/wp-json\/wp\/v2\/pages\/3755"}],"wp:attachment":[{"href":"https:\/\/old.limityjsmemy.cz\/en\/wp-json\/wp\/v2\/media?parent=3763"}],"curies":[{"name":"wp","href":"https:\/\/api.w.org\/{rel}","templated":true}]}}