{"id":4191,"date":"2019-02-19T16:36:55","date_gmt":"2019-02-19T15:36:55","guid":{"rendered":"https:\/\/limityjsmemy.cz\/?page_id=4191"},"modified":"2019-07-02T00:35:22","modified_gmt":"2019-07-01T22:35:22","slug":"klimakemp2019","status":"publish","type":"page","link":"https:\/\/old.limityjsmemy.cz\/en\/klimakemp2019\/","title":{"rendered":"Klimakemp 2019"},"content":{"rendered":"<nav style=\"margin-top: -30px; margin-bottom: 2px;\">\n<ul style=\"display: flex; flex-wrap: wrap; justify-content: space-between; justify-items: center; list-style: none; padding-left: 0; text-align: center;\">\n<li style=\"display: block; margin-left: auto; margin-right: auto;\"><a href=\".\/practical-information\/\">Practical info<\/a><\/li>\n<li style=\"display: block; margin-left: auto; margin-right: auto;\"><a href=\".\/transport\/\">Transport<\/a><\/li>\n<li style=\"display: block; margin-left: auto; margin-right: auto;\"><a href=\".\/action-consensus\/\">Action consensus<\/a><\/li>\n<\/ul>\n<\/nav>\n<nav>\n<ul style=\"display: flex; flex-wrap: wrap; justify-content: space-between; justify-items: center; list-style: none; padding-left: 0; text-align: center;\">\n<li style=\"display: block; flex: 1 1 100%; margin-left: auto; margin-right: auto;\"><a href=\"https:\/\/www.facebook.com\/events\/368166290685752\">Facebook event<\/a><\/li>\n<\/ul>\n<\/nav>\n<nav>\n<ul style=\"display: flex; flex-wrap: wrap; justify-content: space-between; justify-items: center; list-style: none; padding-left: 0; text-align: center;\">\n<li style=\"display: block; flex: 1 1 50%; margin-left: auto; margin-right: auto;\"><a href=\"https:\/\/limityjsmemy.cz\/wp-content\/uploads\/2019\/06\/booklet-en.pdf\">Information booklet<\/a><\/li>\n<li style=\"display: block; flex: 1 1 50%; margin-left: auto; margin-right: auto;\"><a href=\"https:\/\/limityjsmemy.cz\/wp-content\/uploads\/2019\/07\/programme-en.pdf\">Programme timetable<\/a><\/li>\n<\/ul>\n<\/nav>\n<p>Klimakemp takes place in Veltruby near Kol\u00edn, Czech Republic right now until 9.\u00a07. We thank local community for their warm welcome!<\/p>\n<p><strong>Climate justice summer school<\/strong> takes place from 30.\u00a06. \u2013 3.\u00a07.<br \/>\n<strong>Action days<\/strong> are announced on 5.\u00a07. \u2013 7.\u00a07.<\/strong><\/p>\n<p>Klimakemp (climate camp) is a summer school and camp without leaders, featuring lectures and workshops by experts and activists from all over Europe. The operation and programme of the camp is decided by all of us together. We try to make it sustainable and generate our own renewable energy. Klimakemp is a safe and open space for learning, meeting people, having fun and creating. Besides that, every visitor can join various protests against coal mining and burning.<\/p>\n<p>The climate change currently poses the biggest threat for the humankind. If we don\u2019t adopt radical measures quickly, the state of the planet and the life on it will dramatically worsen \u2013 in our lifetime. Scientists across the world agree that if the planet\u2019s warming continues with the same speed, we will reach the critical increase in temperature of 1.5\u00b0 C between 2030 and 2052. To keep the Earth\u2019s future safe, we need to decrease CO\u2082 emissions by approximately a half before 2030. By 2050, we need net-zero carbon emissions.<\/p>\n<p>The Czech Republic still operates a fleet of old dirty coal-fired power stations, mostly generating power to be exported abroad. Company Severo\u010desk\u00e9 doly (\u201cnorth-bohemian mining company\u201d) is planning to expand mining in the B\u00edlina lignite mine. \u010cEZ group is going to sell the Po\u010derady coal power station, one of the biggest ones in the country, to coal tycoons Tyka\u010d and Dienstl who wish to go ahead with its operation for decades. It is the very same coal tycoons who request exceptions from EU pollution limits so that they could extend the lifespan of the Chvaletice power station. However, no exceptions can be tolerated. Coal power stations need to be closed if we want to avoid disastrous impacts of the climate change.<\/p>\n<p>Grassroots movement Limity jsme my (\u201cwe are the limits\u201d) is part of global efforts for climate justice and future without dirty fossil fuels, especially coal. Our goals are to end coal mining and burning in Czechia as soon as possible and to ensure a just transition to renewables. Join the growing movement and set limits to the fossil industry!<\/p>\n<p>Until the last mine and the last coal power station are closed, we set the limits \u2013 we are the limits!<\/p>\n","protected":false},"excerpt":{"rendered":"<p>Practical info Transport Action consensus Facebook event Information booklet Programme timetable Klimakemp takes place in Veltruby near Kol\u00edn, Czech Republic right now until 9.\u00a07. We thank local community for their warm welcome! Climate justice summer school takes place from 30.\u00a06. \u2013 3.\u00a07. Action days are announced on 5.\u00a07. \u2013 7.\u00a07. Klimakemp (climate camp) is a [&hellip;]<\/p>\n","protected":false},"author":6,"featured_media":0,"parent":0,"menu_order":0,"comment_status":"closed","ping_status":"closed","template":"","meta":[],"yoast_head":"<!-- This site is optimized with the Yoast SEO plugin v21.2 - https:\/\/yoast.com\/wordpress\/plugins\/seo\/ -->\n<title>Klimakemp 2019 &#8212; Limity jsme my<\/title>\n<meta name=\"robots\" content=\"index, follow, max-snippet:-1, max-image-preview:large, max-video-preview:-1\" \/>\n<link rel=\"canonical\" href=\"https:\/\/old.limityjsmemy.cz\/en\/klimakemp2019\/\" \/>\n<meta property=\"og:locale\" content=\"en_US\" \/>\n<meta property=\"og:type\" content=\"article\" \/>\n<meta property=\"og:title\" content=\"Klimakemp 2019 &#8212; Limity jsme my\" \/>\n<meta property=\"og:description\" content=\"Practical info Transport Action consensus Facebook event Information booklet Programme timetable Klimakemp takes place in Veltruby near Kol\u00edn, Czech Republic right now until 9.\u00a07. We thank local community for their warm welcome! Climate justice summer school takes place from 30.\u00a06. \u2013 3.\u00a07. Action days are announced on 5.\u00a07. \u2013 7.\u00a07. Klimakemp (climate camp) is a [&hellip;]\" \/>\n<meta property=\"og:url\" content=\"https:\/\/old.limityjsmemy.cz\/en\/klimakemp2019\/\" \/>\n<meta property=\"og:site_name\" content=\"Limity jsme my\" \/>\n<meta property=\"article:publisher\" content=\"https:\/\/facebook.com\/limityjsmemy\/\" \/>\n<meta property=\"article:modified_time\" content=\"2019-07-01T22:35:22+00:00\" \/>\n<meta name=\"twitter:card\" content=\"summary_large_image\" \/>\n<meta name=\"twitter:site\" content=\"@LimityJsmeMy\" \/>\n<meta name=\"twitter:label1\" content=\"Est. reading time\" \/>\n\t<meta name=\"twitter:data1\" content=\"2 minutes\" \/>\n<script type=\"application\/ld+json\" class=\"yoast-schema-graph\">{\"@context\":\"https:\/\/schema.org\",\"@graph\":[{\"@type\":\"WebPage\",\"@id\":\"https:\/\/old.limityjsmemy.cz\/en\/klimakemp2019\/\",\"url\":\"https:\/\/old.limityjsmemy.cz\/en\/klimakemp2019\/\",\"name\":\"Klimakemp 2019 &#8212; Limity jsme my\",\"isPartOf\":{\"@id\":\"https:\/\/old.limityjsmemy.cz\/#website\"},\"datePublished\":\"2019-02-19T15:36:55+00:00\",\"dateModified\":\"2019-07-01T22:35:22+00:00\",\"breadcrumb\":{\"@id\":\"https:\/\/old.limityjsmemy.cz\/en\/klimakemp2019\/#breadcrumb\"},\"inLanguage\":\"en-US\",\"potentialAction\":[{\"@type\":\"ReadAction\",\"target\":[\"https:\/\/old.limityjsmemy.cz\/en\/klimakemp2019\/\"]}]},{\"@type\":\"BreadcrumbList\",\"@id\":\"https:\/\/old.limityjsmemy.cz\/en\/klimakemp2019\/#breadcrumb\",\"itemListElement\":[{\"@type\":\"ListItem\",\"position\":1,\"name\":\"Dom\u016f\",\"item\":\"https:\/\/old.limityjsmemy.cz\/en\/\"},{\"@type\":\"ListItem\",\"position\":2,\"name\":\"Klimakemp 2019\"}]},{\"@type\":\"WebSite\",\"@id\":\"https:\/\/old.limityjsmemy.cz\/#website\",\"url\":\"https:\/\/old.limityjsmemy.cz\/\",\"name\":\"Limity jsme my\",\"description\":\"Hnut\u00ed za zachov\u00e1n\u00ed limit\u016f t\u011b\u017eby hn\u011bd\u00e9ho uhl\u00ed!\",\"publisher\":{\"@id\":\"https:\/\/old.limityjsmemy.cz\/#organization\"},\"potentialAction\":[{\"@type\":\"SearchAction\",\"target\":{\"@type\":\"EntryPoint\",\"urlTemplate\":\"https:\/\/old.limityjsmemy.cz\/?s={search_term_string}\"},\"query-input\":\"required name=search_term_string\"}],\"inLanguage\":\"en-US\"},{\"@type\":\"Organization\",\"@id\":\"https:\/\/old.limityjsmemy.cz\/#organization\",\"name\":\"Limity jsme my\",\"url\":\"https:\/\/old.limityjsmemy.cz\/\",\"logo\":{\"@type\":\"ImageObject\",\"inLanguage\":\"en-US\",\"@id\":\"https:\/\/old.limityjsmemy.cz\/#\/schema\/logo\/image\/\",\"url\":\"https:\/\/limityjsmemy.cz\/wp-content\/uploads\/2017\/06\/LimityJsmeMy.png\",\"contentUrl\":\"https:\/\/limityjsmemy.cz\/wp-content\/uploads\/2017\/06\/LimityJsmeMy.png\",\"width\":2257,\"height\":1506,\"caption\":\"Limity jsme my\"},\"image\":{\"@id\":\"https:\/\/old.limityjsmemy.cz\/#\/schema\/logo\/image\/\"},\"sameAs\":[\"https:\/\/facebook.com\/limityjsmemy\/\",\"https:\/\/twitter.com\/LimityJsmeMy\",\"https:\/\/www.instagram.com\/limityjsmemy\/\",\"https:\/\/www.youtube.com\/channel\/UCypVOtjZXGV1SXDJUGtx0EQ\"]}]}<\/script>\n<!-- \/ Yoast SEO plugin. -->","yoast_head_json":{"title":"Klimakemp 2019 &#8212; Limity jsme my","robots":{"index":"index","follow":"follow","max-snippet":"max-snippet:-1","max-image-preview":"max-image-preview:large","max-video-preview":"max-video-preview:-1"},"canonical":"https:\/\/old.limityjsmemy.cz\/en\/klimakemp2019\/","og_locale":"en_US","og_type":"article","og_title":"Klimakemp 2019 &#8212; Limity jsme my","og_description":"Practical info Transport Action consensus Facebook event Information booklet Programme timetable Klimakemp takes place in Veltruby near Kol\u00edn, Czech Republic right now until 9.\u00a07. We thank local community for their warm welcome! Climate justice summer school takes place from 30.\u00a06. \u2013 3.\u00a07. Action days are announced on 5.\u00a07. \u2013 7.\u00a07. Klimakemp (climate camp) is a [&hellip;]","og_url":"https:\/\/old.limityjsmemy.cz\/en\/klimakemp2019\/","og_site_name":"Limity jsme my","article_publisher":"https:\/\/facebook.com\/limityjsmemy\/","article_modified_time":"2019-07-01T22:35:22+00:00","twitter_card":"summary_large_image","twitter_site":"@LimityJsmeMy","twitter_misc":{"Est. reading time":"2 minutes"},"schema":{"@context":"https:\/\/schema.org","@graph":[{"@type":"WebPage","@id":"https:\/\/old.limityjsmemy.cz\/en\/klimakemp2019\/","url":"https:\/\/old.limityjsmemy.cz\/en\/klimakemp2019\/","name":"Klimakemp 2019 &#8212; Limity jsme my","isPartOf":{"@id":"https:\/\/old.limityjsmemy.cz\/#website"},"datePublished":"2019-02-19T15:36:55+00:00","dateModified":"2019-07-01T22:35:22+00:00","breadcrumb":{"@id":"https:\/\/old.limityjsmemy.cz\/en\/klimakemp2019\/#breadcrumb"},"inLanguage":"en-US","potentialAction":[{"@type":"ReadAction","target":["https:\/\/old.limityjsmemy.cz\/en\/klimakemp2019\/"]}]},{"@type":"BreadcrumbList","@id":"https:\/\/old.limityjsmemy.cz\/en\/klimakemp2019\/#breadcrumb","itemListElement":[{"@type":"ListItem","position":1,"name":"Dom\u016f","item":"https:\/\/old.limityjsmemy.cz\/en\/"},{"@type":"ListItem","position":2,"name":"Klimakemp 2019"}]},{"@type":"WebSite","@id":"https:\/\/old.limityjsmemy.cz\/#website","url":"https:\/\/old.limityjsmemy.cz\/","name":"Limity jsme my","description":"Hnut\u00ed za zachov\u00e1n\u00ed limit\u016f t\u011b\u017eby hn\u011bd\u00e9ho uhl\u00ed!","publisher":{"@id":"https:\/\/old.limityjsmemy.cz\/#organization"},"potentialAction":[{"@type":"SearchAction","target":{"@type":"EntryPoint","urlTemplate":"https:\/\/old.limityjsmemy.cz\/?s={search_term_string}"},"query-input":"required name=search_term_string"}],"inLanguage":"en-US"},{"@type":"Organization","@id":"https:\/\/old.limityjsmemy.cz\/#organization","name":"Limity jsme my","url":"https:\/\/old.limityjsmemy.cz\/","logo":{"@type":"ImageObject","inLanguage":"en-US","@id":"https:\/\/old.limityjsmemy.cz\/#\/schema\/logo\/image\/","url":"https:\/\/limityjsmemy.cz\/wp-content\/uploads\/2017\/06\/LimityJsmeMy.png","contentUrl":"https:\/\/limityjsmemy.cz\/wp-content\/uploads\/2017\/06\/LimityJsmeMy.png","width":2257,"height":1506,"caption":"Limity jsme my"},"image":{"@id":"https:\/\/old.limityjsmemy.cz\/#\/schema\/logo\/image\/"},"sameAs":["https:\/\/facebook.com\/limityjsmemy\/","https:\/\/twitter.com\/LimityJsmeMy","https:\/\/www.instagram.com\/limityjsmemy\/","https:\/\/www.youtube.com\/channel\/UCypVOtjZXGV1SXDJUGtx0EQ"]}]}},"_links":{"self":[{"href":"https:\/\/old.limityjsmemy.cz\/en\/wp-json\/wp\/v2\/pages\/4191"}],"collection":[{"href":"https:\/\/old.limityjsmemy.cz\/en\/wp-json\/wp\/v2\/pages"}],"about":[{"href":"https:\/\/old.limityjsmemy.cz\/en\/wp-json\/wp\/v2\/types\/page"}],"author":[{"embeddable":true,"href":"https:\/\/old.limityjsmemy.cz\/en\/wp-json\/wp\/v2\/users\/6"}],"replies":[{"embeddable":true,"href":"https:\/\/old.limityjsmemy.cz\/en\/wp-json\/wp\/v2\/comments?post=4191"}],"version-history":[{"count":10,"href":"https:\/\/old.limityjsmemy.cz\/en\/wp-json\/wp\/v2\/pages\/4191\/revisions"}],"predecessor-version":[{"id":4727,"href":"https:\/\/old.limityjsmemy.cz\/en\/wp-json\/wp\/v2\/pages\/4191\/revisions\/4727"}],"wp:attachment":[{"href":"https:\/\/old.limityjsmemy.cz\/en\/wp-json\/wp\/v2\/media?parent=4191"}],"curies":[{"name":"wp","href":"https:\/\/api.w.org\/{rel}","templated":true}]}}