{"id":4309,"date":"2019-03-25T01:58:43","date_gmt":"2019-03-25T00:58:43","guid":{"rendered":"https:\/\/limityjsmemy.cz\/?page_id=4309"},"modified":"2019-03-25T13:40:53","modified_gmt":"2019-03-25T12:40:53","slug":"join","status":"publish","type":"page","link":"https:\/\/old.limityjsmemy.cz\/en\/join\/","title":{"rendered":"Join"},"content":{"rendered":"<p><section   class=\"fw-main-row-custom fw-main-row-top fw-section-no-padding  fw_theme_bg_fw-custom fw-section-image auto  fw-section-position-back tf-sh-fbeb55cbd18e72c55e55817bfe995892\"  style=\" background-image:url(https:\/\/limityjsmemy.cz\/wp-content\/uploads\/2018\/06\/klima-hnuti-ve-stanu.jpg); background-repeat: no-repeat; background-position: center center; background-size: cover;\"  >\n\t\t\t<div class=\"fw-container-fluid\" >\n\t\t<div class=\"fw-row\">\n\t<div id=\"column-69dccf8de7f10\" class=\"fw-col-sm-12 tf-sh-8c390ad74535bc3edd7b7280bb3043d2\" >\n\t<div class=\"fw-wrap-col-inner clearfix  \"   >\n\t\t\t\t<div class=\"fw-col-inner\">\n\t\t\t<div class=\"fw-divider-space space-md  clearfix\"  ><\/div><div class=\"fw-heading fw-heading-center  tf-sh-9dfbd90023a2c28aa97cec1a86aebbd3\" >\n\t\t\t<h1 class=\"fw-special-title\">Join<\/h1>\n\t\n\t\n\t<\/div>\t\t<\/div>\n\t<\/div>\n<\/div><\/div>\n\n\t<\/div>\n\t<\/section><section   class=\"fw-main-row  auto  fw-section-position-back\"    >\n\t\t\t<div class=\"fw-container\" >\n\t\t<div class=\"fw-row\">\n\t<div id=\"column-69dccf8de9f0c\" class=\"fw-col-sm-12 tf-sh-735e0a06d0fa98c3cea65ee73ed4eabb\" >\n\t<div class=\"fw-wrap-col-inner clearfix  \"   >\n\t\t\t\t<div class=\"fw-col-inner\">\n\t\t\t<div class=\"fw-divider-space space-md  clearfix\"  ><\/div>\t\t<\/div>\n\t<\/div>\n<\/div><\/div>\n\n<div class=\"fw-row\">\n\t<div id=\"column-69dccf8deb2ce\" class=\"fw-col-sm-12 tf-sh-735e0a06d0fa98c3cea65ee73ed4eabb\" >\n\t<div class=\"fw-wrap-col-inner clearfix  \"   >\n\t\t\t\t<div class=\"fw-col-inner\">\n\t\t\t<div class=\"fw-divider-space space-md  clearfix\"  ><\/div>\t\t<\/div>\n\t<\/div>\n<\/div><\/div>\n\n\t<\/div>\n\t<\/section><\/p>\n","protected":false},"excerpt":{"rendered":"<p>Join<\/p>\n","protected":false},"author":10,"featured_media":0,"parent":0,"menu_order":0,"comment_status":"closed","ping_status":"closed","template":"visual-builder-template.php","meta":[],"yoast_head":"<!-- This site is optimized with the Yoast SEO plugin v21.2 - https:\/\/yoast.com\/wordpress\/plugins\/seo\/ -->\n<title>Join &#8212; Limity jsme my<\/title>\n<meta name=\"robots\" content=\"index, follow, max-snippet:-1, max-image-preview:large, max-video-preview:-1\" \/>\n<link rel=\"canonical\" href=\"https:\/\/old.limityjsmemy.cz\/en\/join\/\" \/>\n<meta property=\"og:locale\" content=\"en_US\" \/>\n<meta property=\"og:type\" content=\"article\" \/>\n<meta property=\"og:title\" content=\"Join &#8212; Limity jsme my\" \/>\n<meta property=\"og:description\" content=\"Join\" \/>\n<meta property=\"og:url\" content=\"https:\/\/old.limityjsmemy.cz\/en\/join\/\" \/>\n<meta property=\"og:site_name\" content=\"Limity jsme my\" \/>\n<meta property=\"article:publisher\" content=\"https:\/\/facebook.com\/limityjsmemy\/\" \/>\n<meta property=\"article:modified_time\" content=\"2019-03-25T12:40:53+00:00\" \/>\n<meta name=\"twitter:card\" content=\"summary_large_image\" \/>\n<meta name=\"twitter:site\" content=\"@LimityJsmeMy\" \/>\n<script type=\"application\/ld+json\" class=\"yoast-schema-graph\">{\"@context\":\"https:\/\/schema.org\",\"@graph\":[{\"@type\":\"WebPage\",\"@id\":\"https:\/\/old.limityjsmemy.cz\/en\/join\/\",\"url\":\"https:\/\/old.limityjsmemy.cz\/en\/join\/\",\"name\":\"Join &#8212; Limity jsme my\",\"isPartOf\":{\"@id\":\"https:\/\/old.limityjsmemy.cz\/#website\"},\"datePublished\":\"2019-03-25T00:58:43+00:00\",\"dateModified\":\"2019-03-25T12:40:53+00:00\",\"breadcrumb\":{\"@id\":\"https:\/\/old.limityjsmemy.cz\/en\/join\/#breadcrumb\"},\"inLanguage\":\"en-US\",\"potentialAction\":[{\"@type\":\"ReadAction\",\"target\":[\"https:\/\/old.limityjsmemy.cz\/en\/join\/\"]}]},{\"@type\":\"BreadcrumbList\",\"@id\":\"https:\/\/old.limityjsmemy.cz\/en\/join\/#breadcrumb\",\"itemListElement\":[{\"@type\":\"ListItem\",\"position\":1,\"name\":\"Dom\u016f\",\"item\":\"https:\/\/old.limityjsmemy.cz\/en\/\"},{\"@type\":\"ListItem\",\"position\":2,\"name\":\"Join\"}]},{\"@type\":\"WebSite\",\"@id\":\"https:\/\/old.limityjsmemy.cz\/#website\",\"url\":\"https:\/\/old.limityjsmemy.cz\/\",\"name\":\"Limity jsme my\",\"description\":\"Hnut\u00ed za zachov\u00e1n\u00ed limit\u016f t\u011b\u017eby hn\u011bd\u00e9ho uhl\u00ed!\",\"publisher\":{\"@id\":\"https:\/\/old.limityjsmemy.cz\/#organization\"},\"potentialAction\":[{\"@type\":\"SearchAction\",\"target\":{\"@type\":\"EntryPoint\",\"urlTemplate\":\"https:\/\/old.limityjsmemy.cz\/?s={search_term_string}\"},\"query-input\":\"required name=search_term_string\"}],\"inLanguage\":\"en-US\"},{\"@type\":\"Organization\",\"@id\":\"https:\/\/old.limityjsmemy.cz\/#organization\",\"name\":\"Limity jsme my\",\"url\":\"https:\/\/old.limityjsmemy.cz\/\",\"logo\":{\"@type\":\"ImageObject\",\"inLanguage\":\"en-US\",\"@id\":\"https:\/\/old.limityjsmemy.cz\/#\/schema\/logo\/image\/\",\"url\":\"https:\/\/limityjsmemy.cz\/wp-content\/uploads\/2017\/06\/LimityJsmeMy.png\",\"contentUrl\":\"https:\/\/limityjsmemy.cz\/wp-content\/uploads\/2017\/06\/LimityJsmeMy.png\",\"width\":2257,\"height\":1506,\"caption\":\"Limity jsme my\"},\"image\":{\"@id\":\"https:\/\/old.limityjsmemy.cz\/#\/schema\/logo\/image\/\"},\"sameAs\":[\"https:\/\/facebook.com\/limityjsmemy\/\",\"https:\/\/twitter.com\/LimityJsmeMy\",\"https:\/\/www.instagram.com\/limityjsmemy\/\",\"https:\/\/www.youtube.com\/channel\/UCypVOtjZXGV1SXDJUGtx0EQ\"]}]}<\/script>\n<!-- \/ Yoast SEO plugin. -->","yoast_head_json":{"title":"Join &#8212; Limity jsme my","robots":{"index":"index","follow":"follow","max-snippet":"max-snippet:-1","max-image-preview":"max-image-preview:large","max-video-preview":"max-video-preview:-1"},"canonical":"https:\/\/old.limityjsmemy.cz\/en\/join\/","og_locale":"en_US","og_type":"article","og_title":"Join &#8212; Limity jsme my","og_description":"Join","og_url":"https:\/\/old.limityjsmemy.cz\/en\/join\/","og_site_name":"Limity jsme my","article_publisher":"https:\/\/facebook.com\/limityjsmemy\/","article_modified_time":"2019-03-25T12:40:53+00:00","twitter_card":"summary_large_image","twitter_site":"@LimityJsmeMy","schema":{"@context":"https:\/\/schema.org","@graph":[{"@type":"WebPage","@id":"https:\/\/old.limityjsmemy.cz\/en\/join\/","url":"https:\/\/old.limityjsmemy.cz\/en\/join\/","name":"Join &#8212; Limity jsme my","isPartOf":{"@id":"https:\/\/old.limityjsmemy.cz\/#website"},"datePublished":"2019-03-25T00:58:43+00:00","dateModified":"2019-03-25T12:40:53+00:00","breadcrumb":{"@id":"https:\/\/old.limityjsmemy.cz\/en\/join\/#breadcrumb"},"inLanguage":"en-US","potentialAction":[{"@type":"ReadAction","target":["https:\/\/old.limityjsmemy.cz\/en\/join\/"]}]},{"@type":"BreadcrumbList","@id":"https:\/\/old.limityjsmemy.cz\/en\/join\/#breadcrumb","itemListElement":[{"@type":"ListItem","position":1,"name":"Dom\u016f","item":"https:\/\/old.limityjsmemy.cz\/en\/"},{"@type":"ListItem","position":2,"name":"Join"}]},{"@type":"WebSite","@id":"https:\/\/old.limityjsmemy.cz\/#website","url":"https:\/\/old.limityjsmemy.cz\/","name":"Limity jsme my","description":"Hnut\u00ed za zachov\u00e1n\u00ed limit\u016f t\u011b\u017eby hn\u011bd\u00e9ho uhl\u00ed!","publisher":{"@id":"https:\/\/old.limityjsmemy.cz\/#organization"},"potentialAction":[{"@type":"SearchAction","target":{"@type":"EntryPoint","urlTemplate":"https:\/\/old.limityjsmemy.cz\/?s={search_term_string}"},"query-input":"required name=search_term_string"}],"inLanguage":"en-US"},{"@type":"Organization","@id":"https:\/\/old.limityjsmemy.cz\/#organization","name":"Limity jsme my","url":"https:\/\/old.limityjsmemy.cz\/","logo":{"@type":"ImageObject","inLanguage":"en-US","@id":"https:\/\/old.limityjsmemy.cz\/#\/schema\/logo\/image\/","url":"https:\/\/limityjsmemy.cz\/wp-content\/uploads\/2017\/06\/LimityJsmeMy.png","contentUrl":"https:\/\/limityjsmemy.cz\/wp-content\/uploads\/2017\/06\/LimityJsmeMy.png","width":2257,"height":1506,"caption":"Limity jsme my"},"image":{"@id":"https:\/\/old.limityjsmemy.cz\/#\/schema\/logo\/image\/"},"sameAs":["https:\/\/facebook.com\/limityjsmemy\/","https:\/\/twitter.com\/LimityJsmeMy","https:\/\/www.instagram.com\/limityjsmemy\/","https:\/\/www.youtube.com\/channel\/UCypVOtjZXGV1SXDJUGtx0EQ"]}]}},"_links":{"self":[{"href":"https:\/\/old.limityjsmemy.cz\/en\/wp-json\/wp\/v2\/pages\/4309"}],"collection":[{"href":"https:\/\/old.limityjsmemy.cz\/en\/wp-json\/wp\/v2\/pages"}],"about":[{"href":"https:\/\/old.limityjsmemy.cz\/en\/wp-json\/wp\/v2\/types\/page"}],"author":[{"embeddable":true,"href":"https:\/\/old.limityjsmemy.cz\/en\/wp-json\/wp\/v2\/users\/10"}],"replies":[{"embeddable":true,"href":"https:\/\/old.limityjsmemy.cz\/en\/wp-json\/wp\/v2\/comments?post=4309"}],"version-history":[{"count":24,"href":"https:\/\/old.limityjsmemy.cz\/en\/wp-json\/wp\/v2\/pages\/4309\/revisions"}],"predecessor-version":[{"id":4336,"href":"https:\/\/old.limityjsmemy.cz\/en\/wp-json\/wp\/v2\/pages\/4309\/revisions\/4336"}],"wp:attachment":[{"href":"https:\/\/old.limityjsmemy.cz\/en\/wp-json\/wp\/v2\/media?parent=4309"}],"curies":[{"name":"wp","href":"https:\/\/api.w.org\/{rel}","templated":true}]}}