{"id":4606,"date":"2019-06-18T06:22:30","date_gmt":"2019-06-18T04:22:30","guid":{"rendered":"https:\/\/limityjsmemy.cz\/?page_id=4606"},"modified":"2019-07-02T00:37:15","modified_gmt":"2019-07-01T22:37:15","slug":"practical-information","status":"publish","type":"page","link":"https:\/\/old.limityjsmemy.cz\/en\/klimakemp2019\/practical-information\/","title":{"rendered":"Practical information"},"content":{"rendered":"<h3>Where is it taking place?<\/h3>\n<p>Klimakemp is taking place in small town Veltruby, near Kol\u00edn and not far from coal power plan Chvaletice, one of the dirtiest power plants in the Czech Republic. Look at <a href=\"..\/transport\/\">details about transport options<\/a>. In case you get lost, call info number <a href=\"tel:+420-735-050-287\">+420\u00a0735\u00a0050\u00a0287<\/a>.<\/p>\n<h3>Is it legal? Can I get arrested?<\/h3>\n<p>The camp itself is perfectly legal. Announced and permitted demonstration will take place during action days from July 5 to 7. Please be aware that your participation on other possible non-violent actions that might stand out of the legal system framework is on your own responsibility. More information can be found in, for example, <a href=\"..\/action-consensus\/\">action consensus<\/a> of informal civil initiative Ob\u010dan\u00e9 za konec doby uheln\u00e9 <small>[<abbr title=\"literally\">lit.<\/abbr>: Citizens for the end of the coal era]<\/small>.<\/p>\n<p>We encountered that police requested IDs from people coming to the camp in past years. <strong>Always ask for the reason of this procedure, for every particular detail, and video record everything if possible.<\/strong> We will dispute possible illegal identifications. Phone number to legal aid in case you need is <a href=\"tel:+420-910-128-501\">+420\u00a0910\u00a0128\u00a0501<\/a>.<\/p>\n<h3>I\u2019m under-eighteen. Can I join?<\/h3>\n<p>Klimakemp will create a safe environment so everyone, including the minors, is very welcome. However, children under-fifteen need to be accompanied by their parents. If you are between fifteen and eighteen years old and you plan to participate in Klimakemp without your caregiver, please consider the possible risks. Despite our full determination, we might not be able to provide you with all necessary legal information in time. Hence be aware that we cannot vouch for any consequences that might result from your participation in Klimakemp or possible protests.<\/p>\n<h3>I don\u2019t speak Czech. Can I participate?<\/h3>\n<p>The climate change has no boundaries and neither does our camp. We welcome participants from other countries. You\u2019ll get an information brochure in English and there will be an infopoint with English speaking volunteers. The lectures held in Czech will be individually translated when possible. We\u2019ll appreciate if you actively search for someone in the camp to help you with the translations. The Czech currency is a Czech koruna (CZK) also known as crown. \u20ac1 equals approximately to 26 crowns. Please do not forget to bring your ID.<\/p>\n<h3>What if something happens to me at the camp or the events?<\/h3>\n<p>Everyone will take care of everyone at Klimakemp. There will also be a medical team ready to help if needed. If you study medicine or you are a paramedic, please <a href=\"mailto:ahoy@limityjsmemy.cz\">send us an email<\/a> if you want to join the team.<\/p>\n<h2>Transportation<\/h2>\n<p>Detailed information are only on <a href=\"..\/transport\/\">dedicated page<\/a> for now.<\/p>\n<h2>Action days<\/h2>\n<p>Informal civil initiative Ob\u010dan\u00e9 za konec doby<small>[lit.: citizens for the end of the coal era]<\/small> announced coal action days. You can find more in their <a href=\"..\/action-consensus\/\">action consensus and action-specific practical information<\/a>, which are also publishing on our website.<\/p>\n<h3>What is going to happen during action days?<\/h3>\n<p>There\u2019s going to be space for lots of different forms of nonviolent protest to end the coal era. Together with locals from Zastavme elektr\u00e1rnu Chvaletice <small>[lit.: stop power plant Chvaletice]<\/small>, we are organizing legally announced demonstration against weakened emission limits for the Chvaletice power plant and for end of the coal era. Informal civil initiative Ob\u010dan\u00e9 za konec doby uheln\u00e9 <small>[lit.: citizens for the end of the coal era]<\/small> also calls for nonviolent actions of civil disobedience which are supported by other ecological organizations, scientists, artists and other well-known individuals.<\/p>\n<h3>I don\u2019t want to take part in civil disobedience. Can I join the camp?<\/h3>\n<p>Sure! As we mentioned before, there\u2019s going to be a legal demonstrations against weakened emission limits for coal barons (private fossil business owners), climate change, fossil fuels and for climate justice near Chvaletice power plant. There will be space for anyone to voice their opinion. Moreover, Klimakemp needs someone to keep everything going even during action weekend but to support all protesters as well in case you don\u2019t want to participate in any action.<\/p>\n","protected":false},"excerpt":{"rendered":"<p>Where is it taking place? Klimakemp is taking place in small town Veltruby, near Kol\u00edn and not far from coal power plan Chvaletice, one of the dirtiest power plants in the Czech Republic. Look at details about transport options. In case you get lost, call info number +420\u00a0735\u00a0050\u00a0287. Is it legal? Can I get arrested? [&hellip;]<\/p>\n","protected":false},"author":5,"featured_media":0,"parent":4191,"menu_order":0,"comment_status":"closed","ping_status":"closed","template":"","meta":[],"yoast_head":"<!-- This site is optimized with the Yoast SEO plugin v21.2 - https:\/\/yoast.com\/wordpress\/plugins\/seo\/ -->\n<title>Practical information for attending Klimakemp 2019 &#8212; Limity jsme my<\/title>\n<meta name=\"robots\" content=\"index, follow, max-snippet:-1, max-image-preview:large, max-video-preview:-1\" \/>\n<link rel=\"canonical\" href=\"https:\/\/old.limityjsmemy.cz\/en\/klimakemp2019\/practical-information\/\" \/>\n<meta property=\"og:locale\" content=\"en_US\" \/>\n<meta property=\"og:type\" content=\"article\" \/>\n<meta property=\"og:title\" content=\"Practical information for attending Klimakemp 2019 &#8212; Limity jsme my\" \/>\n<meta property=\"og:description\" content=\"Where is it taking place? Klimakemp is taking place in small town Veltruby, near Kol\u00edn and not far from coal power plan Chvaletice, one of the dirtiest power plants in the Czech Republic. Look at details about transport options. In case you get lost, call info number +420\u00a0735\u00a0050\u00a0287. Is it legal? Can I get arrested? [&hellip;]\" \/>\n<meta property=\"og:url\" content=\"https:\/\/old.limityjsmemy.cz\/en\/klimakemp2019\/practical-information\/\" \/>\n<meta property=\"og:site_name\" content=\"Limity jsme my\" \/>\n<meta property=\"article:publisher\" content=\"https:\/\/facebook.com\/limityjsmemy\/\" \/>\n<meta property=\"article:modified_time\" content=\"2019-07-01T22:37:15+00:00\" \/>\n<meta name=\"twitter:card\" content=\"summary_large_image\" \/>\n<meta name=\"twitter:site\" content=\"@LimityJsmeMy\" \/>\n<meta name=\"twitter:label1\" content=\"Est. reading time\" \/>\n\t<meta name=\"twitter:data1\" content=\"3 minutes\" \/>\n<script type=\"application\/ld+json\" class=\"yoast-schema-graph\">{\"@context\":\"https:\/\/schema.org\",\"@graph\":[{\"@type\":\"WebPage\",\"@id\":\"https:\/\/old.limityjsmemy.cz\/en\/klimakemp2019\/practical-information\/\",\"url\":\"https:\/\/old.limityjsmemy.cz\/en\/klimakemp2019\/practical-information\/\",\"name\":\"Practical information for attending Klimakemp 2019 &#8212; Limity jsme my\",\"isPartOf\":{\"@id\":\"https:\/\/old.limityjsmemy.cz\/#website\"},\"datePublished\":\"2019-06-18T04:22:30+00:00\",\"dateModified\":\"2019-07-01T22:37:15+00:00\",\"breadcrumb\":{\"@id\":\"https:\/\/old.limityjsmemy.cz\/en\/klimakemp2019\/practical-information\/#breadcrumb\"},\"inLanguage\":\"en-US\",\"potentialAction\":[{\"@type\":\"ReadAction\",\"target\":[\"https:\/\/old.limityjsmemy.cz\/en\/klimakemp2019\/practical-information\/\"]}]},{\"@type\":\"BreadcrumbList\",\"@id\":\"https:\/\/old.limityjsmemy.cz\/en\/klimakemp2019\/practical-information\/#breadcrumb\",\"itemListElement\":[{\"@type\":\"ListItem\",\"position\":1,\"name\":\"Dom\u016f\",\"item\":\"https:\/\/old.limityjsmemy.cz\/en\/\"},{\"@type\":\"ListItem\",\"position\":2,\"name\":\"Klimakemp 2019\",\"item\":\"https:\/\/old.limityjsmemy.cz\/en\/klimakemp2019\/\"},{\"@type\":\"ListItem\",\"position\":3,\"name\":\"Practical information\"}]},{\"@type\":\"WebSite\",\"@id\":\"https:\/\/old.limityjsmemy.cz\/#website\",\"url\":\"https:\/\/old.limityjsmemy.cz\/\",\"name\":\"Limity jsme my\",\"description\":\"Hnut\u00ed za zachov\u00e1n\u00ed limit\u016f t\u011b\u017eby hn\u011bd\u00e9ho uhl\u00ed!\",\"publisher\":{\"@id\":\"https:\/\/old.limityjsmemy.cz\/#organization\"},\"potentialAction\":[{\"@type\":\"SearchAction\",\"target\":{\"@type\":\"EntryPoint\",\"urlTemplate\":\"https:\/\/old.limityjsmemy.cz\/?s={search_term_string}\"},\"query-input\":\"required name=search_term_string\"}],\"inLanguage\":\"en-US\"},{\"@type\":\"Organization\",\"@id\":\"https:\/\/old.limityjsmemy.cz\/#organization\",\"name\":\"Limity jsme my\",\"url\":\"https:\/\/old.limityjsmemy.cz\/\",\"logo\":{\"@type\":\"ImageObject\",\"inLanguage\":\"en-US\",\"@id\":\"https:\/\/old.limityjsmemy.cz\/#\/schema\/logo\/image\/\",\"url\":\"https:\/\/limityjsmemy.cz\/wp-content\/uploads\/2017\/06\/LimityJsmeMy.png\",\"contentUrl\":\"https:\/\/limityjsmemy.cz\/wp-content\/uploads\/2017\/06\/LimityJsmeMy.png\",\"width\":2257,\"height\":1506,\"caption\":\"Limity jsme my\"},\"image\":{\"@id\":\"https:\/\/old.limityjsmemy.cz\/#\/schema\/logo\/image\/\"},\"sameAs\":[\"https:\/\/facebook.com\/limityjsmemy\/\",\"https:\/\/twitter.com\/LimityJsmeMy\",\"https:\/\/www.instagram.com\/limityjsmemy\/\",\"https:\/\/www.youtube.com\/channel\/UCypVOtjZXGV1SXDJUGtx0EQ\"]}]}<\/script>\n<!-- \/ Yoast SEO plugin. -->","yoast_head_json":{"title":"Practical information for attending Klimakemp 2019 &#8212; Limity jsme my","robots":{"index":"index","follow":"follow","max-snippet":"max-snippet:-1","max-image-preview":"max-image-preview:large","max-video-preview":"max-video-preview:-1"},"canonical":"https:\/\/old.limityjsmemy.cz\/en\/klimakemp2019\/practical-information\/","og_locale":"en_US","og_type":"article","og_title":"Practical information for attending Klimakemp 2019 &#8212; Limity jsme my","og_description":"Where is it taking place? Klimakemp is taking place in small town Veltruby, near Kol\u00edn and not far from coal power plan Chvaletice, one of the dirtiest power plants in the Czech Republic. Look at details about transport options. In case you get lost, call info number +420\u00a0735\u00a0050\u00a0287. Is it legal? Can I get arrested? [&hellip;]","og_url":"https:\/\/old.limityjsmemy.cz\/en\/klimakemp2019\/practical-information\/","og_site_name":"Limity jsme my","article_publisher":"https:\/\/facebook.com\/limityjsmemy\/","article_modified_time":"2019-07-01T22:37:15+00:00","twitter_card":"summary_large_image","twitter_site":"@LimityJsmeMy","twitter_misc":{"Est. reading time":"3 minutes"},"schema":{"@context":"https:\/\/schema.org","@graph":[{"@type":"WebPage","@id":"https:\/\/old.limityjsmemy.cz\/en\/klimakemp2019\/practical-information\/","url":"https:\/\/old.limityjsmemy.cz\/en\/klimakemp2019\/practical-information\/","name":"Practical information for attending Klimakemp 2019 &#8212; Limity jsme my","isPartOf":{"@id":"https:\/\/old.limityjsmemy.cz\/#website"},"datePublished":"2019-06-18T04:22:30+00:00","dateModified":"2019-07-01T22:37:15+00:00","breadcrumb":{"@id":"https:\/\/old.limityjsmemy.cz\/en\/klimakemp2019\/practical-information\/#breadcrumb"},"inLanguage":"en-US","potentialAction":[{"@type":"ReadAction","target":["https:\/\/old.limityjsmemy.cz\/en\/klimakemp2019\/practical-information\/"]}]},{"@type":"BreadcrumbList","@id":"https:\/\/old.limityjsmemy.cz\/en\/klimakemp2019\/practical-information\/#breadcrumb","itemListElement":[{"@type":"ListItem","position":1,"name":"Dom\u016f","item":"https:\/\/old.limityjsmemy.cz\/en\/"},{"@type":"ListItem","position":2,"name":"Klimakemp 2019","item":"https:\/\/old.limityjsmemy.cz\/en\/klimakemp2019\/"},{"@type":"ListItem","position":3,"name":"Practical information"}]},{"@type":"WebSite","@id":"https:\/\/old.limityjsmemy.cz\/#website","url":"https:\/\/old.limityjsmemy.cz\/","name":"Limity jsme my","description":"Hnut\u00ed za zachov\u00e1n\u00ed limit\u016f t\u011b\u017eby hn\u011bd\u00e9ho uhl\u00ed!","publisher":{"@id":"https:\/\/old.limityjsmemy.cz\/#organization"},"potentialAction":[{"@type":"SearchAction","target":{"@type":"EntryPoint","urlTemplate":"https:\/\/old.limityjsmemy.cz\/?s={search_term_string}"},"query-input":"required name=search_term_string"}],"inLanguage":"en-US"},{"@type":"Organization","@id":"https:\/\/old.limityjsmemy.cz\/#organization","name":"Limity jsme my","url":"https:\/\/old.limityjsmemy.cz\/","logo":{"@type":"ImageObject","inLanguage":"en-US","@id":"https:\/\/old.limityjsmemy.cz\/#\/schema\/logo\/image\/","url":"https:\/\/limityjsmemy.cz\/wp-content\/uploads\/2017\/06\/LimityJsmeMy.png","contentUrl":"https:\/\/limityjsmemy.cz\/wp-content\/uploads\/2017\/06\/LimityJsmeMy.png","width":2257,"height":1506,"caption":"Limity jsme my"},"image":{"@id":"https:\/\/old.limityjsmemy.cz\/#\/schema\/logo\/image\/"},"sameAs":["https:\/\/facebook.com\/limityjsmemy\/","https:\/\/twitter.com\/LimityJsmeMy","https:\/\/www.instagram.com\/limityjsmemy\/","https:\/\/www.youtube.com\/channel\/UCypVOtjZXGV1SXDJUGtx0EQ"]}]}},"_links":{"self":[{"href":"https:\/\/old.limityjsmemy.cz\/en\/wp-json\/wp\/v2\/pages\/4606"}],"collection":[{"href":"https:\/\/old.limityjsmemy.cz\/en\/wp-json\/wp\/v2\/pages"}],"about":[{"href":"https:\/\/old.limityjsmemy.cz\/en\/wp-json\/wp\/v2\/types\/page"}],"author":[{"embeddable":true,"href":"https:\/\/old.limityjsmemy.cz\/en\/wp-json\/wp\/v2\/users\/5"}],"replies":[{"embeddable":true,"href":"https:\/\/old.limityjsmemy.cz\/en\/wp-json\/wp\/v2\/comments?post=4606"}],"version-history":[{"count":9,"href":"https:\/\/old.limityjsmemy.cz\/en\/wp-json\/wp\/v2\/pages\/4606\/revisions"}],"predecessor-version":[{"id":4728,"href":"https:\/\/old.limityjsmemy.cz\/en\/wp-json\/wp\/v2\/pages\/4606\/revisions\/4728"}],"up":[{"embeddable":true,"href":"https:\/\/old.limityjsmemy.cz\/en\/wp-json\/wp\/v2\/pages\/4191"}],"wp:attachment":[{"href":"https:\/\/old.limityjsmemy.cz\/en\/wp-json\/wp\/v2\/media?parent=4606"}],"curies":[{"name":"wp","href":"https:\/\/api.w.org\/{rel}","templated":true}]}}