{"id":4627,"date":"2019-06-18T06:48:47","date_gmt":"2019-06-18T04:48:47","guid":{"rendered":"https:\/\/limityjsmemy.cz\/?page_id=4627"},"modified":"2019-07-01T23:49:58","modified_gmt":"2019-07-01T21:49:58","slug":"action-consensus","status":"publish","type":"page","link":"https:\/\/old.limityjsmemy.cz\/en\/klimakemp2019\/action-consensus\/","title":{"rendered":"Action consensus"},"content":{"rendered":"<div id=\"text\">\n<p style=\"margin-top: -2.5em; text-align: center;\"><em>for plausible non-violent actions of civil disobedience<\/em><\/p>\n<p>The year 2018 was again one of the hottest years in the recorded history. Scientists agree that our planet is warming. They suggest that to avoid a catastrophic temperature increase of more than 1,5 degrees Celsius, it is crucial to radically reduce greenhouse gas emissions and keep at least 80% of all known fossil fuels under the surface. Nevertheless, fossil companies plan to extract and burn them.<\/p>\n<p>After considering the urgency of the climate crisis and the long-term unwillingness of politicians to solve this problem, we again decided to take action. During the Czech Climate Camp, we are going to realize non-violent civil disobedience actions against one of the coal infrastructures in the region. For a moment, we will limit mining and coal burning \u2013 the most crucial sources of the climate change and its dramatic consequences.<\/p>\n<p>The planned action is a publicly announced act of civil disobedience that is directed against one of the local coal infrastructures. Anyone can take part regardless their previous experience with similar protests. We are going to participate in legal demonstrations or in more daring non-violent actions of civil disobedience against one of the local coal infrastructures.<\/p>\n<p>We will prepare for the action through a training, we will learn to organize ourselves in <a href=\"#affinity-group\">affinity groups<\/a>, to take decisions non-hierarchically and to block effectively. We will behave calmly and non-violently. We won\u2019t provoke escalation in order not to put anyone in danger. We will block and occupy only with our own bodies or equipment for passive resistance, we won\u2019t destroy nor damage any equipment. We will go along the police lines or barriers and we will avoid any physical contact with the police and security guards. In all circumstances, we will follow the principles of nonviolence, we won\u2019t react to any possible provocations. Our action is not directed against the workers of the coal industry, nor against police. The safety of all participants and workers will be our top priority. We will try to make the action as creative and accessible to broader public as possible.<\/p>\n<p>All together we take the responsibility for the success of the action, we will support each other. Should anyone consciously break this action consensus, they cannot claim the right to support from the others in case of any legal, financial and other consequences of the action.<\/p>\n<p>Initiative <em lang=\"cs\">Ob\u010dan\u00e9 za konec doby uheln\u00e9<\/em><br \/>\n<small>[<abbr title=\"literally\">lit.<\/abbr>: citizens for the end of the coal era]<\/small>\n<\/div>\n<h2>Practical information about action days<\/h2>\n<h3>What is going to happen during action days?<\/h3>\n<p>There\u2019s going to be space for lots of different forms of nonviolent protest to end the coal era. Grassroots movement Limity jsme my together with locals from Zastavme elektr\u00e1rnu Chvaletice <small>[<abbr title=\"literally\">lit.<\/abbr>: stop power plant Chvaletice]<\/small> are organizing legally announced demonstration against weakened emission limits for the Chvaletice power plant and for end of the coal era. Our civil initiative Ob\u010dan\u00e9 za konec doby uheln\u00e9 <small>[<abbr title=\"literally\">lit.<\/abbr>: citizens for the end of the coal era]<\/small> calls for nonviolent actions of civil disobedience which are supported by other ecological organizations, scientists, artists and other well-known individuals.<\/p>\n<h3>Is civil disobedience going to be included?<\/h3>\n<p>Civil disobedience is a common and widely used method to stand against unjust or untenable actions. By breaking the rules non-violently, we demonstrate that we are ready to bear the consequences of breaking the law in order to point out very serious problem ignored by the political and legislative powers. It is generally agreed upon that humans cause the climate change and that the emissions of carbon dioxide from fossil fuels need to be strictly reduced.<\/p>\n<p>It is also undeniable that the climate change negatively affects millions of people, mainly those who contributed to the change the least. The extraction and fossil fuel burning have a negative effect on the Czech landscape and damages the health of thousands of people. The Czech and foreign politicians do not search for solutions. Instead they give empty promises and create environment that allows further extraction and burning of fossil fuels, extension of mines and selling of old power plants to coal barons. The Paris climate conference brought an agreement to keep the warming under 1,5 degrees Celsius but it doesn\u2019t appear to be actively implemented.<\/p>\n<p>That is an unbearable injustice. To peacefully stand against the coal infrastructure might mean to commit a minor offense. However, it is legitimate and even necessary within the current political situation. It means to uphold the long tradition of civil disobedience which places individual consciousness above formal legislation as was the case of Charter 77 or the pre-revolution demonstrations for clean air in North Bohemia.<\/p>\n<h3>What is the link between the camp and the civil disobedience action?<\/h3>\n<p>Klimakemp is a place that gives its participants space for coordination, networking and autonomous civil action. This year\u2019s actions of civil disobedience have been called for by our initiative Ob\u010dasn\u00e9 za konec doby uheln\u00e9 <small>[<abbr title=\"literally\">lit.<\/abbr>: citizens for the end of the coal era]<\/small>. However, we plead that all participants follow the agreed and approved <a href=\"#text\">action consensus<\/a>. It was established non-hierarchically through a discussion among people participating on preparations of direct actions. It specifies the conditions in which they are ready to take action themselves. Should anyone ignore the consensus, they cannot count on our support in their actions or in dealing with the consequences.<\/p>\n<h3>I don\u2019t want to take part in civil disobedience. Can I join the camp?<\/h3>\n<p>Sure! As we mentioned before, there\u2019s going to be a legal demonstrations against weakened emission limits for coal barons (private fossil business owners), climate change, fossil fuels and for climate justice near Chvaletice power plant. There will be space for anyone to voice their opinion. Moreover, Klimakemp needs someone to keep everything going even during action weekend but to support all protesters as well in case you don\u2019t want to participate in any action.<\/p>\n<h3>I have never participated in civil disobedience<\/h3>\n<p>We want people in the Czech Republic join actions of civil disobedience. We plan several training sessions during the camp. They will provide the participants with the necessary preparation. Everyone should be given a chance to gain the knowledge necessary for similar actions from more experienced participants.<\/p>\n<h3 id=\"affinity-group\">What is an affinity group? Should I have to join one?<\/h3>\n<p>It is better to participate in legal demonstrations or civil disobedience actions in a group of four to ten people for its better coordination. Such groups are called affinity groups. Their members can trust each other, they take care of one another and they take common decisions and actions. It is mostly important to have a common goal. Every affinity group can send their delegates with group\u2019s suggestions to collective plenary. The plenary will decide on further collective actions by consensus. We recommend forming an affinity group before the camp, but there should be space to form yours during the camp. Don\u2019t hesitate to ask someone at the camp to help you with the non-hierarchical organization. Its practical use is one of the Klimakemp goals.<\/p>\n<h3>What to do in case of civil disobedience?<\/h3>\n<p>We ask everyone who wants to take part in civil disobedience to follow the <a href=\"#text\">action consensus<\/a> and to strictly avoid violence. Take care of your <a href=\"#affinity-group\">affinity group<\/a>, mainly of one of its members who you are paired with as a buddy.<\/p>\n<h3>What are the possible legal consequences?<\/h3>\n<p>It is probable that you will commit a minor offense by civil disobedience \u2013 mainly disobeying a police call. That can lead to up-to-48-hour detention and a fine. Should you get arrested during the camp, be sure that you won\u2019t be left alone \u2013 the other participants will do their best to achieve your release and they will help you to bear the consequences.<\/p>\n<p>One part of the camp will be an autonomous legal aid run by voluntary civil team of lawyers whose services will be available to everyone following <a href=\"#text\">action consensus<\/a>. It\u2019s possible to contact them via email <a href=\"mailto:pravo@limityjsmemy.cz\">pravo@limityjsmemy.cz<\/a> or via phone number <a href=\"tel:+420-910-128-501\">+420\u00a0910\u00a0128\u00a0501<\/a>. We are going to publish a legal analysis of the most common offenses that could be committed during the camp.<\/p>\n<p>If you study the law or you are a lawyer and you\u2019d like to join the team, please <a href=\"mailto:pravo@limityjsmemy.cz\">send an email to legal team<\/a>.<\/p>\n<h3>What if something happens to me at the camp or the events?<\/h3>\n<p>Everyone will take care of everyone at Klimakemp. There will also be a medical team ready to help if needed. If you study medicine or you are a paramedic, please <a href=\"mailto:ahoy@limityjsmemy.cz\">send an email to Limity jsme my<\/a> if you want to join the team.<\/p>\n","protected":false},"excerpt":{"rendered":"<p>for plausible non-violent actions of civil disobedience The year 2018 was again one of the hottest years in the recorded history. Scientists agree that our planet is warming. They suggest that to avoid a catastrophic temperature increase of more than 1,5 degrees Celsius, it is crucial to radically reduce greenhouse gas emissions and keep at [&hellip;]<\/p>\n","protected":false},"author":5,"featured_media":0,"parent":4191,"menu_order":0,"comment_status":"closed","ping_status":"closed","template":"","meta":[],"yoast_head":"<!-- This site is optimized with the Yoast SEO plugin v21.2 - https:\/\/yoast.com\/wordpress\/plugins\/seo\/ -->\n<title>Action consensus for actions during Klimakemp 2019 &#8212; Limity jsme my<\/title>\n<meta name=\"robots\" content=\"index, follow, max-snippet:-1, max-image-preview:large, max-video-preview:-1\" \/>\n<link rel=\"canonical\" href=\"https:\/\/old.limityjsmemy.cz\/en\/klimakemp2019\/action-consensus\/\" \/>\n<meta property=\"og:locale\" content=\"en_US\" \/>\n<meta property=\"og:type\" content=\"article\" \/>\n<meta property=\"og:title\" content=\"Action consensus for actions during Klimakemp 2019 &#8212; Limity jsme my\" \/>\n<meta property=\"og:description\" content=\"for plausible non-violent actions of civil disobedience The year 2018 was again one of the hottest years in the recorded history. Scientists agree that our planet is warming. They suggest that to avoid a catastrophic temperature increase of more than 1,5 degrees Celsius, it is crucial to radically reduce greenhouse gas emissions and keep at [&hellip;]\" \/>\n<meta property=\"og:url\" content=\"https:\/\/old.limityjsmemy.cz\/en\/klimakemp2019\/action-consensus\/\" \/>\n<meta property=\"og:site_name\" content=\"Limity jsme my\" \/>\n<meta property=\"article:publisher\" content=\"https:\/\/facebook.com\/limityjsmemy\/\" \/>\n<meta property=\"article:modified_time\" content=\"2019-07-01T21:49:58+00:00\" \/>\n<meta name=\"twitter:card\" content=\"summary_large_image\" \/>\n<meta name=\"twitter:site\" content=\"@LimityJsmeMy\" \/>\n<meta name=\"twitter:label1\" content=\"Est. reading time\" \/>\n\t<meta name=\"twitter:data1\" content=\"7 minutes\" \/>\n<script type=\"application\/ld+json\" class=\"yoast-schema-graph\">{\"@context\":\"https:\/\/schema.org\",\"@graph\":[{\"@type\":\"WebPage\",\"@id\":\"https:\/\/old.limityjsmemy.cz\/en\/klimakemp2019\/action-consensus\/\",\"url\":\"https:\/\/old.limityjsmemy.cz\/en\/klimakemp2019\/action-consensus\/\",\"name\":\"Action consensus for actions during Klimakemp 2019 &#8212; Limity jsme my\",\"isPartOf\":{\"@id\":\"https:\/\/old.limityjsmemy.cz\/#website\"},\"datePublished\":\"2019-06-18T04:48:47+00:00\",\"dateModified\":\"2019-07-01T21:49:58+00:00\",\"breadcrumb\":{\"@id\":\"https:\/\/old.limityjsmemy.cz\/en\/klimakemp2019\/action-consensus\/#breadcrumb\"},\"inLanguage\":\"en-US\",\"potentialAction\":[{\"@type\":\"ReadAction\",\"target\":[\"https:\/\/old.limityjsmemy.cz\/en\/klimakemp2019\/action-consensus\/\"]}]},{\"@type\":\"BreadcrumbList\",\"@id\":\"https:\/\/old.limityjsmemy.cz\/en\/klimakemp2019\/action-consensus\/#breadcrumb\",\"itemListElement\":[{\"@type\":\"ListItem\",\"position\":1,\"name\":\"Dom\u016f\",\"item\":\"https:\/\/old.limityjsmemy.cz\/en\/\"},{\"@type\":\"ListItem\",\"position\":2,\"name\":\"Klimakemp 2019\",\"item\":\"https:\/\/old.limityjsmemy.cz\/en\/klimakemp2019\/\"},{\"@type\":\"ListItem\",\"position\":3,\"name\":\"Action consensus\"}]},{\"@type\":\"WebSite\",\"@id\":\"https:\/\/old.limityjsmemy.cz\/#website\",\"url\":\"https:\/\/old.limityjsmemy.cz\/\",\"name\":\"Limity jsme my\",\"description\":\"Hnut\u00ed za zachov\u00e1n\u00ed limit\u016f t\u011b\u017eby hn\u011bd\u00e9ho uhl\u00ed!\",\"publisher\":{\"@id\":\"https:\/\/old.limityjsmemy.cz\/#organization\"},\"potentialAction\":[{\"@type\":\"SearchAction\",\"target\":{\"@type\":\"EntryPoint\",\"urlTemplate\":\"https:\/\/old.limityjsmemy.cz\/?s={search_term_string}\"},\"query-input\":\"required name=search_term_string\"}],\"inLanguage\":\"en-US\"},{\"@type\":\"Organization\",\"@id\":\"https:\/\/old.limityjsmemy.cz\/#organization\",\"name\":\"Limity jsme my\",\"url\":\"https:\/\/old.limityjsmemy.cz\/\",\"logo\":{\"@type\":\"ImageObject\",\"inLanguage\":\"en-US\",\"@id\":\"https:\/\/old.limityjsmemy.cz\/#\/schema\/logo\/image\/\",\"url\":\"https:\/\/limityjsmemy.cz\/wp-content\/uploads\/2017\/06\/LimityJsmeMy.png\",\"contentUrl\":\"https:\/\/limityjsmemy.cz\/wp-content\/uploads\/2017\/06\/LimityJsmeMy.png\",\"width\":2257,\"height\":1506,\"caption\":\"Limity jsme my\"},\"image\":{\"@id\":\"https:\/\/old.limityjsmemy.cz\/#\/schema\/logo\/image\/\"},\"sameAs\":[\"https:\/\/facebook.com\/limityjsmemy\/\",\"https:\/\/twitter.com\/LimityJsmeMy\",\"https:\/\/www.instagram.com\/limityjsmemy\/\",\"https:\/\/www.youtube.com\/channel\/UCypVOtjZXGV1SXDJUGtx0EQ\"]}]}<\/script>\n<!-- \/ Yoast SEO plugin. -->","yoast_head_json":{"title":"Action consensus for actions during Klimakemp 2019 &#8212; Limity jsme my","robots":{"index":"index","follow":"follow","max-snippet":"max-snippet:-1","max-image-preview":"max-image-preview:large","max-video-preview":"max-video-preview:-1"},"canonical":"https:\/\/old.limityjsmemy.cz\/en\/klimakemp2019\/action-consensus\/","og_locale":"en_US","og_type":"article","og_title":"Action consensus for actions during Klimakemp 2019 &#8212; Limity jsme my","og_description":"for plausible non-violent actions of civil disobedience The year 2018 was again one of the hottest years in the recorded history. Scientists agree that our planet is warming. They suggest that to avoid a catastrophic temperature increase of more than 1,5 degrees Celsius, it is crucial to radically reduce greenhouse gas emissions and keep at [&hellip;]","og_url":"https:\/\/old.limityjsmemy.cz\/en\/klimakemp2019\/action-consensus\/","og_site_name":"Limity jsme my","article_publisher":"https:\/\/facebook.com\/limityjsmemy\/","article_modified_time":"2019-07-01T21:49:58+00:00","twitter_card":"summary_large_image","twitter_site":"@LimityJsmeMy","twitter_misc":{"Est. reading time":"7 minutes"},"schema":{"@context":"https:\/\/schema.org","@graph":[{"@type":"WebPage","@id":"https:\/\/old.limityjsmemy.cz\/en\/klimakemp2019\/action-consensus\/","url":"https:\/\/old.limityjsmemy.cz\/en\/klimakemp2019\/action-consensus\/","name":"Action consensus for actions during Klimakemp 2019 &#8212; Limity jsme my","isPartOf":{"@id":"https:\/\/old.limityjsmemy.cz\/#website"},"datePublished":"2019-06-18T04:48:47+00:00","dateModified":"2019-07-01T21:49:58+00:00","breadcrumb":{"@id":"https:\/\/old.limityjsmemy.cz\/en\/klimakemp2019\/action-consensus\/#breadcrumb"},"inLanguage":"en-US","potentialAction":[{"@type":"ReadAction","target":["https:\/\/old.limityjsmemy.cz\/en\/klimakemp2019\/action-consensus\/"]}]},{"@type":"BreadcrumbList","@id":"https:\/\/old.limityjsmemy.cz\/en\/klimakemp2019\/action-consensus\/#breadcrumb","itemListElement":[{"@type":"ListItem","position":1,"name":"Dom\u016f","item":"https:\/\/old.limityjsmemy.cz\/en\/"},{"@type":"ListItem","position":2,"name":"Klimakemp 2019","item":"https:\/\/old.limityjsmemy.cz\/en\/klimakemp2019\/"},{"@type":"ListItem","position":3,"name":"Action consensus"}]},{"@type":"WebSite","@id":"https:\/\/old.limityjsmemy.cz\/#website","url":"https:\/\/old.limityjsmemy.cz\/","name":"Limity jsme my","description":"Hnut\u00ed za zachov\u00e1n\u00ed limit\u016f t\u011b\u017eby hn\u011bd\u00e9ho uhl\u00ed!","publisher":{"@id":"https:\/\/old.limityjsmemy.cz\/#organization"},"potentialAction":[{"@type":"SearchAction","target":{"@type":"EntryPoint","urlTemplate":"https:\/\/old.limityjsmemy.cz\/?s={search_term_string}"},"query-input":"required name=search_term_string"}],"inLanguage":"en-US"},{"@type":"Organization","@id":"https:\/\/old.limityjsmemy.cz\/#organization","name":"Limity jsme my","url":"https:\/\/old.limityjsmemy.cz\/","logo":{"@type":"ImageObject","inLanguage":"en-US","@id":"https:\/\/old.limityjsmemy.cz\/#\/schema\/logo\/image\/","url":"https:\/\/limityjsmemy.cz\/wp-content\/uploads\/2017\/06\/LimityJsmeMy.png","contentUrl":"https:\/\/limityjsmemy.cz\/wp-content\/uploads\/2017\/06\/LimityJsmeMy.png","width":2257,"height":1506,"caption":"Limity jsme my"},"image":{"@id":"https:\/\/old.limityjsmemy.cz\/#\/schema\/logo\/image\/"},"sameAs":["https:\/\/facebook.com\/limityjsmemy\/","https:\/\/twitter.com\/LimityJsmeMy","https:\/\/www.instagram.com\/limityjsmemy\/","https:\/\/www.youtube.com\/channel\/UCypVOtjZXGV1SXDJUGtx0EQ"]}]}},"_links":{"self":[{"href":"https:\/\/old.limityjsmemy.cz\/en\/wp-json\/wp\/v2\/pages\/4627"}],"collection":[{"href":"https:\/\/old.limityjsmemy.cz\/en\/wp-json\/wp\/v2\/pages"}],"about":[{"href":"https:\/\/old.limityjsmemy.cz\/en\/wp-json\/wp\/v2\/types\/page"}],"author":[{"embeddable":true,"href":"https:\/\/old.limityjsmemy.cz\/en\/wp-json\/wp\/v2\/users\/5"}],"replies":[{"embeddable":true,"href":"https:\/\/old.limityjsmemy.cz\/en\/wp-json\/wp\/v2\/comments?post=4627"}],"version-history":[{"count":6,"href":"https:\/\/old.limityjsmemy.cz\/en\/wp-json\/wp\/v2\/pages\/4627\/revisions"}],"predecessor-version":[{"id":4718,"href":"https:\/\/old.limityjsmemy.cz\/en\/wp-json\/wp\/v2\/pages\/4627\/revisions\/4718"}],"up":[{"embeddable":true,"href":"https:\/\/old.limityjsmemy.cz\/en\/wp-json\/wp\/v2\/pages\/4191"}],"wp:attachment":[{"href":"https:\/\/old.limityjsmemy.cz\/en\/wp-json\/wp\/v2\/media?parent=4627"}],"curies":[{"name":"wp","href":"https:\/\/api.w.org\/{rel}","templated":true}]}}