{"id":4645,"date":"2019-06-20T13:04:23","date_gmt":"2019-06-20T11:04:23","guid":{"rendered":"https:\/\/limityjsmemy.cz\/?page_id=4645"},"modified":"2019-06-20T13:11:57","modified_gmt":"2019-06-20T11:11:57","slug":"transport","status":"publish","type":"page","link":"https:\/\/old.limityjsmemy.cz\/en\/klimakemp2019\/transport\/","title":{"rendered":"How to reach the camp?"},"content":{"rendered":"<p><strong>Location: <\/strong>Town Veltruby \u2013 50\u00b003\u203248.2\u2033N 15\u00b010\u203240.8\u2033E<br \/>\n<strong>Route<\/strong>: <a href=\"http:\/\/maps.apple.com\/?daddr=50.0633889,15.1780000\">Apple Maps<\/a>, <a href=\"http:\/\/maps.google.com\/?daddr=50.0633889,15.1780000\">Google Maps<\/a>, <a href=\"https:\/\/mapy.cz\/s\/3u2wb\">Mapy.cz<\/a><\/p>\n<h2>Train<\/h2>\n<p>Klimakemp can be easily reached by train. You need to take train to railway station Kol\u00edn. From Kol\u00edn there is another train going directly to Veltruby. The train from Kol\u00edn to Veltruby goes regularly every hour, less often during weekends. From the railway station in Veltruby you can reach the camp in about twenty-five minutes by a pleasant walk through the village.\u00a0<a href=\"https:\/\/www.google.com\/maps\/dir\/Veltruby,+280+02\/50\u00b003'48.2%22N+15\u00b010'40.8%22E\/\">See the route from the train station on Google Maps.<\/a><\/p>\n<h2>Bus<\/h2>\n<p>You can also get to the place by bus. We again recommend you to arrive in Kol\u00edn. Bus in the direction to Veltruby leaves several times a day from railway station. It is worthwhile to get off at the station Veltruby, I (close to cultural center and the pub), from where it is only five minutes walk to the campsite. <a href=\"https:\/\/www.google.com\/maps\/dir\/Kulturn%C3%AD+d\u016fm,+Hradi\u0161\u0165sk\u00e1+34,+280+02+Veltruby,+Czechia\/50\u00b003'48.2%22N+15\u00b010'40.8%22E\/\">See the route from local cultural center on Google Maps.<\/a><\/p>\n<h2><strong>Car? Better bike or hike!<\/strong><\/h2>\n<p>Klimakemp is an event focused on climate protection. Therefore, we strongly recommend not to arrive by car, because of the environmental and capacity reasons. On the contrary, it is highly recommended to come by bike. We also recommend a walking route from Kol\u00edn to Veltruby, which is only six kilometers long.<\/p>\n<p>If you have no choice and you have to come by car, you can get there from Prague by the route E67 the D11 motorway. Alternatively from Brno via D1 motorway and after Jihlava turn towards Kutn\u00e1 hora and Kol\u00edn.<\/p>\n<p>&nbsp;<\/p>\n","protected":false},"excerpt":{"rendered":"<p>Location: Town Veltruby \u2013 50\u00b003\u203248.2\u2033N 15\u00b010\u203240.8\u2033E Route: Apple Maps, Google Maps, Mapy.cz Train Klimakemp can be easily reached by train. You need to take train to railway station Kol\u00edn. From Kol\u00edn there is another train going directly to Veltruby. The train from Kol\u00edn to Veltruby goes regularly every hour, less often during weekends. From the [&hellip;]<\/p>\n","protected":false},"author":5,"featured_media":0,"parent":4191,"menu_order":0,"comment_status":"closed","ping_status":"closed","template":"","meta":[],"yoast_head":"<!-- This site is optimized with the Yoast SEO plugin v21.2 - https:\/\/yoast.com\/wordpress\/plugins\/seo\/ -->\n<title>Transport to Klimakemp 2019 &#8212; Limity jsme my<\/title>\n<meta name=\"robots\" content=\"index, follow, max-snippet:-1, max-image-preview:large, max-video-preview:-1\" \/>\n<link rel=\"canonical\" href=\"https:\/\/old.limityjsmemy.cz\/en\/klimakemp2019\/transport\/\" \/>\n<meta property=\"og:locale\" content=\"en_US\" \/>\n<meta property=\"og:type\" content=\"article\" \/>\n<meta property=\"og:title\" content=\"Transport to Klimakemp 2019 &#8212; Limity jsme my\" \/>\n<meta property=\"og:description\" content=\"Location: Town Veltruby \u2013 50\u00b003\u203248.2\u2033N 15\u00b010\u203240.8\u2033E Route: Apple Maps, Google Maps, Mapy.cz Train Klimakemp can be easily reached by train. You need to take train to railway station Kol\u00edn. From Kol\u00edn there is another train going directly to Veltruby. The train from Kol\u00edn to Veltruby goes regularly every hour, less often during weekends. From the [&hellip;]\" \/>\n<meta property=\"og:url\" content=\"https:\/\/old.limityjsmemy.cz\/en\/klimakemp2019\/transport\/\" \/>\n<meta property=\"og:site_name\" content=\"Limity jsme my\" \/>\n<meta property=\"article:publisher\" content=\"https:\/\/facebook.com\/limityjsmemy\/\" \/>\n<meta property=\"article:modified_time\" content=\"2019-06-20T11:11:57+00:00\" \/>\n<meta name=\"twitter:card\" content=\"summary_large_image\" \/>\n<meta name=\"twitter:site\" content=\"@LimityJsmeMy\" \/>\n<meta name=\"twitter:label1\" content=\"Est. reading time\" \/>\n\t<meta name=\"twitter:data1\" content=\"1 minute\" \/>\n<script type=\"application\/ld+json\" class=\"yoast-schema-graph\">{\"@context\":\"https:\/\/schema.org\",\"@graph\":[{\"@type\":\"WebPage\",\"@id\":\"https:\/\/old.limityjsmemy.cz\/en\/klimakemp2019\/transport\/\",\"url\":\"https:\/\/old.limityjsmemy.cz\/en\/klimakemp2019\/transport\/\",\"name\":\"Transport to Klimakemp 2019 &#8212; Limity jsme my\",\"isPartOf\":{\"@id\":\"https:\/\/old.limityjsmemy.cz\/#website\"},\"datePublished\":\"2019-06-20T11:04:23+00:00\",\"dateModified\":\"2019-06-20T11:11:57+00:00\",\"breadcrumb\":{\"@id\":\"https:\/\/old.limityjsmemy.cz\/en\/klimakemp2019\/transport\/#breadcrumb\"},\"inLanguage\":\"en-US\",\"potentialAction\":[{\"@type\":\"ReadAction\",\"target\":[\"https:\/\/old.limityjsmemy.cz\/en\/klimakemp2019\/transport\/\"]}]},{\"@type\":\"BreadcrumbList\",\"@id\":\"https:\/\/old.limityjsmemy.cz\/en\/klimakemp2019\/transport\/#breadcrumb\",\"itemListElement\":[{\"@type\":\"ListItem\",\"position\":1,\"name\":\"Dom\u016f\",\"item\":\"https:\/\/old.limityjsmemy.cz\/en\/\"},{\"@type\":\"ListItem\",\"position\":2,\"name\":\"Klimakemp 2019\",\"item\":\"https:\/\/old.limityjsmemy.cz\/en\/klimakemp2019\/\"},{\"@type\":\"ListItem\",\"position\":3,\"name\":\"How to reach the camp?\"}]},{\"@type\":\"WebSite\",\"@id\":\"https:\/\/old.limityjsmemy.cz\/#website\",\"url\":\"https:\/\/old.limityjsmemy.cz\/\",\"name\":\"Limity jsme my\",\"description\":\"Hnut\u00ed za zachov\u00e1n\u00ed limit\u016f t\u011b\u017eby hn\u011bd\u00e9ho uhl\u00ed!\",\"publisher\":{\"@id\":\"https:\/\/old.limityjsmemy.cz\/#organization\"},\"potentialAction\":[{\"@type\":\"SearchAction\",\"target\":{\"@type\":\"EntryPoint\",\"urlTemplate\":\"https:\/\/old.limityjsmemy.cz\/?s={search_term_string}\"},\"query-input\":\"required name=search_term_string\"}],\"inLanguage\":\"en-US\"},{\"@type\":\"Organization\",\"@id\":\"https:\/\/old.limityjsmemy.cz\/#organization\",\"name\":\"Limity jsme my\",\"url\":\"https:\/\/old.limityjsmemy.cz\/\",\"logo\":{\"@type\":\"ImageObject\",\"inLanguage\":\"en-US\",\"@id\":\"https:\/\/old.limityjsmemy.cz\/#\/schema\/logo\/image\/\",\"url\":\"https:\/\/limityjsmemy.cz\/wp-content\/uploads\/2017\/06\/LimityJsmeMy.png\",\"contentUrl\":\"https:\/\/limityjsmemy.cz\/wp-content\/uploads\/2017\/06\/LimityJsmeMy.png\",\"width\":2257,\"height\":1506,\"caption\":\"Limity jsme my\"},\"image\":{\"@id\":\"https:\/\/old.limityjsmemy.cz\/#\/schema\/logo\/image\/\"},\"sameAs\":[\"https:\/\/facebook.com\/limityjsmemy\/\",\"https:\/\/twitter.com\/LimityJsmeMy\",\"https:\/\/www.instagram.com\/limityjsmemy\/\",\"https:\/\/www.youtube.com\/channel\/UCypVOtjZXGV1SXDJUGtx0EQ\"]}]}<\/script>\n<!-- \/ Yoast SEO plugin. -->","yoast_head_json":{"title":"Transport to Klimakemp 2019 &#8212; Limity jsme my","robots":{"index":"index","follow":"follow","max-snippet":"max-snippet:-1","max-image-preview":"max-image-preview:large","max-video-preview":"max-video-preview:-1"},"canonical":"https:\/\/old.limityjsmemy.cz\/en\/klimakemp2019\/transport\/","og_locale":"en_US","og_type":"article","og_title":"Transport to Klimakemp 2019 &#8212; Limity jsme my","og_description":"Location: Town Veltruby \u2013 50\u00b003\u203248.2\u2033N 15\u00b010\u203240.8\u2033E Route: Apple Maps, Google Maps, Mapy.cz Train Klimakemp can be easily reached by train. You need to take train to railway station Kol\u00edn. From Kol\u00edn there is another train going directly to Veltruby. The train from Kol\u00edn to Veltruby goes regularly every hour, less often during weekends. From the [&hellip;]","og_url":"https:\/\/old.limityjsmemy.cz\/en\/klimakemp2019\/transport\/","og_site_name":"Limity jsme my","article_publisher":"https:\/\/facebook.com\/limityjsmemy\/","article_modified_time":"2019-06-20T11:11:57+00:00","twitter_card":"summary_large_image","twitter_site":"@LimityJsmeMy","twitter_misc":{"Est. reading time":"1 minute"},"schema":{"@context":"https:\/\/schema.org","@graph":[{"@type":"WebPage","@id":"https:\/\/old.limityjsmemy.cz\/en\/klimakemp2019\/transport\/","url":"https:\/\/old.limityjsmemy.cz\/en\/klimakemp2019\/transport\/","name":"Transport to Klimakemp 2019 &#8212; Limity jsme my","isPartOf":{"@id":"https:\/\/old.limityjsmemy.cz\/#website"},"datePublished":"2019-06-20T11:04:23+00:00","dateModified":"2019-06-20T11:11:57+00:00","breadcrumb":{"@id":"https:\/\/old.limityjsmemy.cz\/en\/klimakemp2019\/transport\/#breadcrumb"},"inLanguage":"en-US","potentialAction":[{"@type":"ReadAction","target":["https:\/\/old.limityjsmemy.cz\/en\/klimakemp2019\/transport\/"]}]},{"@type":"BreadcrumbList","@id":"https:\/\/old.limityjsmemy.cz\/en\/klimakemp2019\/transport\/#breadcrumb","itemListElement":[{"@type":"ListItem","position":1,"name":"Dom\u016f","item":"https:\/\/old.limityjsmemy.cz\/en\/"},{"@type":"ListItem","position":2,"name":"Klimakemp 2019","item":"https:\/\/old.limityjsmemy.cz\/en\/klimakemp2019\/"},{"@type":"ListItem","position":3,"name":"How to reach the camp?"}]},{"@type":"WebSite","@id":"https:\/\/old.limityjsmemy.cz\/#website","url":"https:\/\/old.limityjsmemy.cz\/","name":"Limity jsme my","description":"Hnut\u00ed za zachov\u00e1n\u00ed limit\u016f t\u011b\u017eby hn\u011bd\u00e9ho uhl\u00ed!","publisher":{"@id":"https:\/\/old.limityjsmemy.cz\/#organization"},"potentialAction":[{"@type":"SearchAction","target":{"@type":"EntryPoint","urlTemplate":"https:\/\/old.limityjsmemy.cz\/?s={search_term_string}"},"query-input":"required name=search_term_string"}],"inLanguage":"en-US"},{"@type":"Organization","@id":"https:\/\/old.limityjsmemy.cz\/#organization","name":"Limity jsme my","url":"https:\/\/old.limityjsmemy.cz\/","logo":{"@type":"ImageObject","inLanguage":"en-US","@id":"https:\/\/old.limityjsmemy.cz\/#\/schema\/logo\/image\/","url":"https:\/\/limityjsmemy.cz\/wp-content\/uploads\/2017\/06\/LimityJsmeMy.png","contentUrl":"https:\/\/limityjsmemy.cz\/wp-content\/uploads\/2017\/06\/LimityJsmeMy.png","width":2257,"height":1506,"caption":"Limity jsme my"},"image":{"@id":"https:\/\/old.limityjsmemy.cz\/#\/schema\/logo\/image\/"},"sameAs":["https:\/\/facebook.com\/limityjsmemy\/","https:\/\/twitter.com\/LimityJsmeMy","https:\/\/www.instagram.com\/limityjsmemy\/","https:\/\/www.youtube.com\/channel\/UCypVOtjZXGV1SXDJUGtx0EQ"]}]}},"_links":{"self":[{"href":"https:\/\/old.limityjsmemy.cz\/en\/wp-json\/wp\/v2\/pages\/4645"}],"collection":[{"href":"https:\/\/old.limityjsmemy.cz\/en\/wp-json\/wp\/v2\/pages"}],"about":[{"href":"https:\/\/old.limityjsmemy.cz\/en\/wp-json\/wp\/v2\/types\/page"}],"author":[{"embeddable":true,"href":"https:\/\/old.limityjsmemy.cz\/en\/wp-json\/wp\/v2\/users\/5"}],"replies":[{"embeddable":true,"href":"https:\/\/old.limityjsmemy.cz\/en\/wp-json\/wp\/v2\/comments?post=4645"}],"version-history":[{"count":5,"href":"https:\/\/old.limityjsmemy.cz\/en\/wp-json\/wp\/v2\/pages\/4645\/revisions"}],"predecessor-version":[{"id":4653,"href":"https:\/\/old.limityjsmemy.cz\/en\/wp-json\/wp\/v2\/pages\/4645\/revisions\/4653"}],"up":[{"embeddable":true,"href":"https:\/\/old.limityjsmemy.cz\/en\/wp-json\/wp\/v2\/pages\/4191"}],"wp:attachment":[{"href":"https:\/\/old.limityjsmemy.cz\/en\/wp-json\/wp\/v2\/media?parent=4645"}],"curies":[{"name":"wp","href":"https:\/\/api.w.org\/{rel}","templated":true}]}}