{"id":4929,"date":"2020-08-27T18:22:07","date_gmt":"2020-08-27T16:22:07","guid":{"rendered":"https:\/\/limityjsmemy.cz\/doprava\/"},"modified":"2020-08-27T19:16:24","modified_gmt":"2020-08-27T17:16:24","slug":"transport","status":"publish","type":"page","link":"https:\/\/old.limityjsmemy.cz\/en\/klimakemp2020\/transport\/","title":{"rendered":"How to reach the camp?"},"content":{"rendered":"<p><strong>Place:<\/strong> Oko\u0159\u00edn \u2013 50\u00b028\u203226.3\u2033N 13\u00b030\u203202.5\u2033E<br \/>\n<strong>Directions:<\/strong> <a href=\"http:\/\/maps.apple.com\/?daddr=50.473972,13.500694\">Apple Maps<\/a>, <a href=\"http:\/\/maps.google.com\/?daddr=50.473972,13.500694\">Google Maps<\/a>, <a href=\"https:\/\/en.mapy.cz\/s\/ratemugare\">Mapy.cz<\/a><\/p>\n<p><strong>From Chomutov<\/strong> by bus in direction Jirkov. Get out at the bus stop \u201cOko\u0159\u00edn\u201d. Bus is arriving every hour around half past.<\/p>\n<p><strong>From Most<\/strong> by train to \u201cJirkov zast\u00e1vka\u201d (sometimes shortened as \u201cJirkov zast.\u201d), than by bus in direction Chomutov. Get out at the bus stop \u201cOko\u0159\u00edn\u201d.<\/p>\n","protected":false},"excerpt":{"rendered":"<p>Place: Oko\u0159\u00edn \u2013 50\u00b028\u203226.3\u2033N 13\u00b030\u203202.5\u2033E Directions: Apple Maps, Google Maps, Mapy.cz From Chomutov by bus in direction Jirkov. Get out at the bus stop \u201cOko\u0159\u00edn\u201d. Bus is arriving every hour around half past. From Most by train to \u201cJirkov zast\u00e1vka\u201d (sometimes shortened as \u201cJirkov zast.\u201d), than by bus in direction Chomutov. Get out at the [&hellip;]<\/p>\n","protected":false},"author":3,"featured_media":0,"parent":4933,"menu_order":0,"comment_status":"closed","ping_status":"closed","template":"","meta":[],"yoast_head":"<!-- This site is optimized with the Yoast SEO plugin v21.2 - https:\/\/yoast.com\/wordpress\/plugins\/seo\/ -->\n<title>Transport to the action End Coal #NOW &#8212; Limity jsme my<\/title>\n<meta name=\"description\" content=\"Camp coordinatinates in Oko\u0159\u00edn vilage and recommended public transit routes.\" \/>\n<meta name=\"robots\" content=\"index, follow, max-snippet:-1, max-image-preview:large, max-video-preview:-1\" \/>\n<link rel=\"canonical\" href=\"https:\/\/old.limityjsmemy.cz\/en\/klimakemp2020\/transport\/\" \/>\n<meta property=\"og:locale\" content=\"en_US\" \/>\n<meta property=\"og:type\" content=\"article\" \/>\n<meta property=\"og:title\" content=\"Transport to the action End Coal #NOW &#8212; Limity jsme my\" \/>\n<meta property=\"og:description\" content=\"Camp coordinatinates in Oko\u0159\u00edn vilage and recommended public transit routes.\" \/>\n<meta property=\"og:url\" content=\"https:\/\/old.limityjsmemy.cz\/en\/klimakemp2020\/transport\/\" \/>\n<meta property=\"og:site_name\" content=\"Limity jsme my\" \/>\n<meta property=\"article:publisher\" content=\"https:\/\/facebook.com\/limityjsmemy\/\" \/>\n<meta property=\"article:modified_time\" content=\"2020-08-27T17:16:24+00:00\" \/>\n<meta name=\"twitter:card\" content=\"summary_large_image\" \/>\n<meta name=\"twitter:site\" content=\"@LimityJsmeMy\" \/>\n<script type=\"application\/ld+json\" class=\"yoast-schema-graph\">{\"@context\":\"https:\/\/schema.org\",\"@graph\":[{\"@type\":\"WebPage\",\"@id\":\"https:\/\/old.limityjsmemy.cz\/en\/klimakemp2020\/transport\/\",\"url\":\"https:\/\/old.limityjsmemy.cz\/en\/klimakemp2020\/transport\/\",\"name\":\"Transport to the action End Coal #NOW &#8212; Limity jsme my\",\"isPartOf\":{\"@id\":\"https:\/\/old.limityjsmemy.cz\/#website\"},\"datePublished\":\"2020-08-27T16:22:07+00:00\",\"dateModified\":\"2020-08-27T17:16:24+00:00\",\"description\":\"Camp coordinatinates in Oko\u0159\u00edn vilage and recommended public transit routes.\",\"breadcrumb\":{\"@id\":\"https:\/\/old.limityjsmemy.cz\/en\/klimakemp2020\/transport\/#breadcrumb\"},\"inLanguage\":\"en-US\",\"potentialAction\":[{\"@type\":\"ReadAction\",\"target\":[\"https:\/\/old.limityjsmemy.cz\/en\/klimakemp2020\/transport\/\"]}]},{\"@type\":\"BreadcrumbList\",\"@id\":\"https:\/\/old.limityjsmemy.cz\/en\/klimakemp2020\/transport\/#breadcrumb\",\"itemListElement\":[{\"@type\":\"ListItem\",\"position\":1,\"name\":\"Dom\u016f\",\"item\":\"https:\/\/old.limityjsmemy.cz\/en\/\"},{\"@type\":\"ListItem\",\"position\":2,\"name\":\"Klimakemp 2020\",\"item\":\"https:\/\/old.limityjsmemy.cz\/en\/klimakemp2020\/\"},{\"@type\":\"ListItem\",\"position\":3,\"name\":\"How to reach the camp?\"}]},{\"@type\":\"WebSite\",\"@id\":\"https:\/\/old.limityjsmemy.cz\/#website\",\"url\":\"https:\/\/old.limityjsmemy.cz\/\",\"name\":\"Limity jsme my\",\"description\":\"Hnut\u00ed za zachov\u00e1n\u00ed limit\u016f t\u011b\u017eby hn\u011bd\u00e9ho uhl\u00ed!\",\"publisher\":{\"@id\":\"https:\/\/old.limityjsmemy.cz\/#organization\"},\"potentialAction\":[{\"@type\":\"SearchAction\",\"target\":{\"@type\":\"EntryPoint\",\"urlTemplate\":\"https:\/\/old.limityjsmemy.cz\/?s={search_term_string}\"},\"query-input\":\"required name=search_term_string\"}],\"inLanguage\":\"en-US\"},{\"@type\":\"Organization\",\"@id\":\"https:\/\/old.limityjsmemy.cz\/#organization\",\"name\":\"Limity jsme my\",\"url\":\"https:\/\/old.limityjsmemy.cz\/\",\"logo\":{\"@type\":\"ImageObject\",\"inLanguage\":\"en-US\",\"@id\":\"https:\/\/old.limityjsmemy.cz\/#\/schema\/logo\/image\/\",\"url\":\"https:\/\/limityjsmemy.cz\/wp-content\/uploads\/2017\/06\/LimityJsmeMy.png\",\"contentUrl\":\"https:\/\/limityjsmemy.cz\/wp-content\/uploads\/2017\/06\/LimityJsmeMy.png\",\"width\":2257,\"height\":1506,\"caption\":\"Limity jsme my\"},\"image\":{\"@id\":\"https:\/\/old.limityjsmemy.cz\/#\/schema\/logo\/image\/\"},\"sameAs\":[\"https:\/\/facebook.com\/limityjsmemy\/\",\"https:\/\/twitter.com\/LimityJsmeMy\",\"https:\/\/www.instagram.com\/limityjsmemy\/\",\"https:\/\/www.youtube.com\/channel\/UCypVOtjZXGV1SXDJUGtx0EQ\"]}]}<\/script>\n<!-- \/ Yoast SEO plugin. -->","yoast_head_json":{"title":"Transport to the action End Coal #NOW &#8212; Limity jsme my","description":"Camp coordinatinates in Oko\u0159\u00edn vilage and recommended public transit routes.","robots":{"index":"index","follow":"follow","max-snippet":"max-snippet:-1","max-image-preview":"max-image-preview:large","max-video-preview":"max-video-preview:-1"},"canonical":"https:\/\/old.limityjsmemy.cz\/en\/klimakemp2020\/transport\/","og_locale":"en_US","og_type":"article","og_title":"Transport to the action End Coal #NOW &#8212; Limity jsme my","og_description":"Camp coordinatinates in Oko\u0159\u00edn vilage and recommended public transit routes.","og_url":"https:\/\/old.limityjsmemy.cz\/en\/klimakemp2020\/transport\/","og_site_name":"Limity jsme my","article_publisher":"https:\/\/facebook.com\/limityjsmemy\/","article_modified_time":"2020-08-27T17:16:24+00:00","twitter_card":"summary_large_image","twitter_site":"@LimityJsmeMy","schema":{"@context":"https:\/\/schema.org","@graph":[{"@type":"WebPage","@id":"https:\/\/old.limityjsmemy.cz\/en\/klimakemp2020\/transport\/","url":"https:\/\/old.limityjsmemy.cz\/en\/klimakemp2020\/transport\/","name":"Transport to the action End Coal #NOW &#8212; Limity jsme my","isPartOf":{"@id":"https:\/\/old.limityjsmemy.cz\/#website"},"datePublished":"2020-08-27T16:22:07+00:00","dateModified":"2020-08-27T17:16:24+00:00","description":"Camp coordinatinates in Oko\u0159\u00edn vilage and recommended public transit routes.","breadcrumb":{"@id":"https:\/\/old.limityjsmemy.cz\/en\/klimakemp2020\/transport\/#breadcrumb"},"inLanguage":"en-US","potentialAction":[{"@type":"ReadAction","target":["https:\/\/old.limityjsmemy.cz\/en\/klimakemp2020\/transport\/"]}]},{"@type":"BreadcrumbList","@id":"https:\/\/old.limityjsmemy.cz\/en\/klimakemp2020\/transport\/#breadcrumb","itemListElement":[{"@type":"ListItem","position":1,"name":"Dom\u016f","item":"https:\/\/old.limityjsmemy.cz\/en\/"},{"@type":"ListItem","position":2,"name":"Klimakemp 2020","item":"https:\/\/old.limityjsmemy.cz\/en\/klimakemp2020\/"},{"@type":"ListItem","position":3,"name":"How to reach the camp?"}]},{"@type":"WebSite","@id":"https:\/\/old.limityjsmemy.cz\/#website","url":"https:\/\/old.limityjsmemy.cz\/","name":"Limity jsme my","description":"Hnut\u00ed za zachov\u00e1n\u00ed limit\u016f t\u011b\u017eby hn\u011bd\u00e9ho uhl\u00ed!","publisher":{"@id":"https:\/\/old.limityjsmemy.cz\/#organization"},"potentialAction":[{"@type":"SearchAction","target":{"@type":"EntryPoint","urlTemplate":"https:\/\/old.limityjsmemy.cz\/?s={search_term_string}"},"query-input":"required name=search_term_string"}],"inLanguage":"en-US"},{"@type":"Organization","@id":"https:\/\/old.limityjsmemy.cz\/#organization","name":"Limity jsme my","url":"https:\/\/old.limityjsmemy.cz\/","logo":{"@type":"ImageObject","inLanguage":"en-US","@id":"https:\/\/old.limityjsmemy.cz\/#\/schema\/logo\/image\/","url":"https:\/\/limityjsmemy.cz\/wp-content\/uploads\/2017\/06\/LimityJsmeMy.png","contentUrl":"https:\/\/limityjsmemy.cz\/wp-content\/uploads\/2017\/06\/LimityJsmeMy.png","width":2257,"height":1506,"caption":"Limity jsme my"},"image":{"@id":"https:\/\/old.limityjsmemy.cz\/#\/schema\/logo\/image\/"},"sameAs":["https:\/\/facebook.com\/limityjsmemy\/","https:\/\/twitter.com\/LimityJsmeMy","https:\/\/www.instagram.com\/limityjsmemy\/","https:\/\/www.youtube.com\/channel\/UCypVOtjZXGV1SXDJUGtx0EQ"]}]}},"_links":{"self":[{"href":"https:\/\/old.limityjsmemy.cz\/en\/wp-json\/wp\/v2\/pages\/4929"}],"collection":[{"href":"https:\/\/old.limityjsmemy.cz\/en\/wp-json\/wp\/v2\/pages"}],"about":[{"href":"https:\/\/old.limityjsmemy.cz\/en\/wp-json\/wp\/v2\/types\/page"}],"author":[{"embeddable":true,"href":"https:\/\/old.limityjsmemy.cz\/en\/wp-json\/wp\/v2\/users\/3"}],"replies":[{"embeddable":true,"href":"https:\/\/old.limityjsmemy.cz\/en\/wp-json\/wp\/v2\/comments?post=4929"}],"version-history":[{"count":2,"href":"https:\/\/old.limityjsmemy.cz\/en\/wp-json\/wp\/v2\/pages\/4929\/revisions"}],"predecessor-version":[{"id":4931,"href":"https:\/\/old.limityjsmemy.cz\/en\/wp-json\/wp\/v2\/pages\/4929\/revisions\/4931"}],"up":[{"embeddable":true,"href":"https:\/\/old.limityjsmemy.cz\/en\/wp-json\/wp\/v2\/pages\/4933"}],"wp:attachment":[{"href":"https:\/\/old.limityjsmemy.cz\/en\/wp-json\/wp\/v2\/media?parent=4929"}],"curies":[{"name":"wp","href":"https:\/\/api.w.org\/{rel}","templated":true}]}}