{"id":4933,"date":"2020-07-29T18:32:59","date_gmt":"2020-07-29T16:32:59","guid":{"rendered":"https:\/\/limityjsmemy.cz\/klimakemp2020\/"},"modified":"2020-08-27T20:51:56","modified_gmt":"2020-08-27T18:51:56","slug":"klimakemp2020","status":"publish","type":"page","link":"https:\/\/old.limityjsmemy.cz\/en\/klimakemp2020\/","title":{"rendered":"Klimakemp 2020"},"content":{"rendered":"<p>From 3 to 6 September, we are organising the <a href=\"https:\/\/www.facebook.com\/events\/353769192274193\">action weekend against coal<\/a>, where we\u2019re planning to protest in various forms for an as-fast-as-possible coal phase-out and for climate justice. We call for our international friends to once again join us in making coal history in the biggest Czech mining region of north Bohemia. We will appreciate it greatly if you come help us build the camp on 1 September.<\/p>\n<h2>Where will the action weekend take place?<\/h2>\n<p>In the Most coal region, near the Czech-German-Polish border. The exact location is on <a href=\"\/en\/klimakemp2020\/transport\/\">transport page<\/a>.<\/p>\n<h2>What about Covid-19?<\/h2>\n<p>We&#8217;ve always cared for the safety of all participants. This year we will do as much as we can to avoid the health risks of the coronavirus pandemic on our events \u2013 including the action weekend. We will provide enough disinfection and protective equipment to minimize the risk of infection.<\/p>\n<ul>\n<li>Please take enough face masks for every day (preferably multiple for a day).<\/li>\n<li>Disinfection will be provided but take your own as well.<\/li>\n<li>If you show signs of covid, or were in contact with an infected person, please stay home this year.<\/li>\n<li>Be considerate. Wear a mask on plenaries, in food lines or in bigger groups. Ask others around you if it\u2019s okay to take it off otherwise.<\/li>\n<\/ul>\n<h2>The Czech coal commission is debating coal phase-out. So why are we organising the action weekend?<\/h2>\n<p>We believe that the coal commission should have a fast-enough, just end of coal as their priority.<\/p>\n<p>However, given how the commission was created (through non-transparent decisions of politicians with connections to coal companies) and who the members are, it\u2019s highly unlikely that they will meet these goals. It consists of coal business representatives and politicians, and no climatologists or representatives of locals who will be immediately affected by coal phase-out.<\/p>\n<p>Already the commission is talking about late dates of the end of coal and politicians are putting across fake solutions such as new blocks in nuclear power plants or fossil gas. Thanks to scientists, we\u2019ve known for a long time that we must become coal free in ten years to avoid the average temperature rising 1.5 \u00b0C compared to the pre-industrial age.<\/p>\n<p>We on the other hand call for a fast and just end of coal, which must go hand in hand with creating cleaner jobs and supporting people working in the coal business or those affected by its consequences. People from coal regions must take part in the decision-making process of how transformation will be done. Also, we demand the democratisation of energetics, that is a transition to renewable energy in the hands of municipalities, communities and co-ops.<\/p>\n<p>We can\u2019t afford to let the commission delay coal phase-out and make money out of it: we need to shut down old coal power plants such as Chvaletice and Po\u010derady and we need to start <strong style=\"text-transform: uppercase;\">#now<\/strong>.<\/p>\n<h2>Can we afford to start coal phase-out now when we have to deal with Covid-19 and the economic recession?<\/h2>\n<p>Actually, the crisis should be an opportunity for a change towards a sustainable, just and free society. The current economic problems of the oil and coal industry show that the polluters are not immune to similar societal crashes. Also, the richest states are planning to give the fossil industry billions for so-called economy stimulus packages. We are currently deciding about how our future will look like tens of years in advance. Either we let the states give the money to the polluters or we force them to invest into people and a clean future. We can\u2019t let the fossil corporations profit out of leading us into climate crisis. Instead, we need to change the world into a more sustainable, just and free one. This might be our last chance, let\u2019s not ruin it.<\/p>\n<h2>Where will we sleep?<\/h2>\n<p>As always, we will sleep on a meadow. A tent, sleeping bag and sleeping mat might come in handy.<\/p>\n<h2>What should I take with me?<\/h2>\n<p>General camping equipment: a tent, sleeping mat, sleeping bag, plate, cup, cutlery, food and drink, water bottle. Please take plenty of face masks and other covid protective equipment.  Consider well what clothes you will take. You might need a warm sweater for the night, a raincoat or a rain-proof jacket, a hat and sturdy shoes. Don\u2019t forget your documents, money or any medication you might need. It could be nice to take a musical instrument.<\/p>\n<h2>What not to take?<\/h2>\n<p>The camp should be a safe and welcoming space for the participants and the locals. Please leave any guns, explosives, hard alcohol, drugs and narcotic substances at home. Don\u2019t take unnecessarily long knives, glass bottles, liquids of unknown origin and overall any item that could be considered a weapon. We recommend you also leave valuables at home.<\/p>\n<h2>What will we eat?<\/h2>\n<p>We will have vegan breakfasts, lunches and dinners together. Take a plate or a bowl made of sturdy material along with a cup and cutlery. The kitchen collective that will cook for us will surely appreciate your help. Drinking water and a bar will also be available on the spot.<\/p>\n<h2>What about hygiene?<\/h2>\n<p>Compostable toilets and provisional showers will be available. However, the capacity of the showers will be limited. Please make sure to wash your hands often.<\/p>\n<h2>Donations<\/h2>\n<p>Making a camp of course costs some money, and by some, we mean a lot. Therefore, your donations are greatly appreciated. The recommended donation is 200 CZK a day or more. If you can give more, please consider also supporting us on <a href=\"https:\/\/www.darujme.cz\/projekt\/1203378\">Darujme.cz<\/a>.<\/p>\n<h2>Is it legal? Can I get arrested?<\/h2>\n<p>The camp itself is perfectly legal. Announced and permitted demonstration will take place during action days from 3 to 6 September. Please be aware that your participation in other possible non-violent actions that might stand out of the legal system framework is your own responsibility. More information can be found in, for example, <a href=\"\/en\/klimakemp2020\/action-consensus\/\">action consensus<\/a>.<\/p>\n<p>We encountered that police requested IDs from people coming to the camp in past years. <strong>Always ask for the reason for this procedure, for every particular detail, and video record everything if possible.<\/strong> We will dispute possible illegal identifications. Phone number to legal aid in case you need is <a href=\"tel:+420-910-128-501\">+420\u00a0910\u00a0128\u00a0501<\/a>.<\/p>\n<h2>I\u2019m under-eighteen. Can I join?<\/h2>\n<p>The camp will create a safe environment so everyone, including the minors, is very welcome. However, children under-fifteen need to be accompanied by their parents. If you are between fifteen and eighteen years old and you plan to participate in the camp without your caregiver, please consider the possible risks. Despite our full determination, we might not be able to provide you with all necessary legal information in time. Hence be aware that we cannot vouch for any consequences that might result from your participation in the camp or possible protests.<\/p>\n<h2>I don\u2019t speak Czech. Can I participate?<\/h2>\n<p>Climate change has no boundaries and neither does our camp. We welcome participants from other countries. You\u2019ll get an information brochure in English and there will be an infopoint with English speaking volunteers. The lectures held in Czech will be individually translated when possible. We\u2019ll appreciate it if you actively search for someone in the camp to help you with the translations. The Czech currency is a Czech koruna (CZK) also known as crown. \u20ac1 equals approximately 26 crowns. Please do not forget to bring your ID.<\/p>\n<h2>What if something happens to me at the camp or the events?<\/h2>\n<p>Everyone will take care of everyone at Klimakemp. There will also be a medical team ready to help if needed. If you study medicine or you are a paramedic, please <a href=\"mailto:ahoy@limityjsmemy.cz?subject=Joining%20medical%20team%20during%20camp\">send us an email<\/a> if you want to join the team.<\/p>\n<h2>What is going to happen during action days?<\/h2>\n<p>There\u2019s going to be space for lots of different forms of nonviolent protest to end the coal era. The climate coalition is organizing a legal demonstration in front of the Po\u010derady power plant. There will also be space for direct action.<\/p>\n<h2>I don\u2019t want to take part in civil disobedience. Can I join the camp?<\/h2>\n<p>Sure! There will be a legal demonstration in front of the Po\u010derady power plant, the dirtiest power plant in the Czech Republic. We also need a lot of people to keep the camp running during action days.<\/p>\n","protected":false},"excerpt":{"rendered":"<p>From 3 to 6 September, we are organising the action weekend against coal, where we\u2019re planning to protest in various forms for an as-fast-as-possible coal phase-out and for climate justice. We call for our international friends to once again join us in making coal history in the biggest Czech mining region of north Bohemia. We [&hellip;]<\/p>\n","protected":false},"author":3,"featured_media":0,"parent":0,"menu_order":0,"comment_status":"closed","ping_status":"closed","template":"","meta":[],"yoast_head":"<!-- This site is optimized with the Yoast SEO plugin v21.2 - https:\/\/yoast.com\/wordpress\/plugins\/seo\/ -->\n<title>Klimakemp 2020: Practical Information &#8212; Limity jsme my<\/title>\n<meta name=\"description\" content=\"Klimakemp 2020 is going to take place as action weekend End Coal #NOW. Join us in our stand against coal near Most in north Bohemia!\" \/>\n<meta name=\"robots\" content=\"index, follow, max-snippet:-1, max-image-preview:large, max-video-preview:-1\" \/>\n<link rel=\"canonical\" href=\"https:\/\/old.limityjsmemy.cz\/en\/klimakemp2020\/\" \/>\n<meta property=\"og:locale\" content=\"en_US\" \/>\n<meta property=\"og:type\" content=\"article\" \/>\n<meta property=\"og:title\" content=\"Klimakemp 2020: Practical Information &#8212; Limity jsme my\" \/>\n<meta property=\"og:description\" content=\"Klimakemp 2020 is going to take place as action weekend End Coal #NOW. Join us in our stand against coal near Most in north Bohemia!\" \/>\n<meta property=\"og:url\" content=\"https:\/\/old.limityjsmemy.cz\/en\/klimakemp2020\/\" \/>\n<meta property=\"og:site_name\" content=\"Limity jsme my\" \/>\n<meta property=\"article:publisher\" content=\"https:\/\/facebook.com\/limityjsmemy\/\" \/>\n<meta property=\"article:modified_time\" content=\"2020-08-27T18:51:56+00:00\" \/>\n<meta name=\"twitter:card\" content=\"summary_large_image\" \/>\n<meta name=\"twitter:site\" content=\"@LimityJsmeMy\" \/>\n<meta name=\"twitter:label1\" content=\"Est. reading time\" \/>\n\t<meta name=\"twitter:data1\" content=\"7 minutes\" \/>\n<script type=\"application\/ld+json\" class=\"yoast-schema-graph\">{\"@context\":\"https:\/\/schema.org\",\"@graph\":[{\"@type\":\"WebPage\",\"@id\":\"https:\/\/old.limityjsmemy.cz\/en\/klimakemp2020\/\",\"url\":\"https:\/\/old.limityjsmemy.cz\/en\/klimakemp2020\/\",\"name\":\"Klimakemp 2020: Practical Information &#8212; Limity jsme my\",\"isPartOf\":{\"@id\":\"https:\/\/old.limityjsmemy.cz\/#website\"},\"datePublished\":\"2020-07-29T16:32:59+00:00\",\"dateModified\":\"2020-08-27T18:51:56+00:00\",\"description\":\"Klimakemp 2020 is going to take place as action weekend End Coal #NOW. Join us in our stand against coal near Most in north Bohemia!\",\"breadcrumb\":{\"@id\":\"https:\/\/old.limityjsmemy.cz\/en\/klimakemp2020\/#breadcrumb\"},\"inLanguage\":\"en-US\",\"potentialAction\":[{\"@type\":\"ReadAction\",\"target\":[\"https:\/\/old.limityjsmemy.cz\/en\/klimakemp2020\/\"]}]},{\"@type\":\"BreadcrumbList\",\"@id\":\"https:\/\/old.limityjsmemy.cz\/en\/klimakemp2020\/#breadcrumb\",\"itemListElement\":[{\"@type\":\"ListItem\",\"position\":1,\"name\":\"Dom\u016f\",\"item\":\"https:\/\/old.limityjsmemy.cz\/en\/\"},{\"@type\":\"ListItem\",\"position\":2,\"name\":\"Klimakemp 2020\"}]},{\"@type\":\"WebSite\",\"@id\":\"https:\/\/old.limityjsmemy.cz\/#website\",\"url\":\"https:\/\/old.limityjsmemy.cz\/\",\"name\":\"Limity jsme my\",\"description\":\"Hnut\u00ed za zachov\u00e1n\u00ed limit\u016f t\u011b\u017eby hn\u011bd\u00e9ho uhl\u00ed!\",\"publisher\":{\"@id\":\"https:\/\/old.limityjsmemy.cz\/#organization\"},\"potentialAction\":[{\"@type\":\"SearchAction\",\"target\":{\"@type\":\"EntryPoint\",\"urlTemplate\":\"https:\/\/old.limityjsmemy.cz\/?s={search_term_string}\"},\"query-input\":\"required name=search_term_string\"}],\"inLanguage\":\"en-US\"},{\"@type\":\"Organization\",\"@id\":\"https:\/\/old.limityjsmemy.cz\/#organization\",\"name\":\"Limity jsme my\",\"url\":\"https:\/\/old.limityjsmemy.cz\/\",\"logo\":{\"@type\":\"ImageObject\",\"inLanguage\":\"en-US\",\"@id\":\"https:\/\/old.limityjsmemy.cz\/#\/schema\/logo\/image\/\",\"url\":\"https:\/\/limityjsmemy.cz\/wp-content\/uploads\/2017\/06\/LimityJsmeMy.png\",\"contentUrl\":\"https:\/\/limityjsmemy.cz\/wp-content\/uploads\/2017\/06\/LimityJsmeMy.png\",\"width\":2257,\"height\":1506,\"caption\":\"Limity jsme my\"},\"image\":{\"@id\":\"https:\/\/old.limityjsmemy.cz\/#\/schema\/logo\/image\/\"},\"sameAs\":[\"https:\/\/facebook.com\/limityjsmemy\/\",\"https:\/\/twitter.com\/LimityJsmeMy\",\"https:\/\/www.instagram.com\/limityjsmemy\/\",\"https:\/\/www.youtube.com\/channel\/UCypVOtjZXGV1SXDJUGtx0EQ\"]}]}<\/script>\n<!-- \/ Yoast SEO plugin. -->","yoast_head_json":{"title":"Klimakemp 2020: Practical Information &#8212; Limity jsme my","description":"Klimakemp 2020 is going to take place as action weekend End Coal #NOW. Join us in our stand against coal near Most in north Bohemia!","robots":{"index":"index","follow":"follow","max-snippet":"max-snippet:-1","max-image-preview":"max-image-preview:large","max-video-preview":"max-video-preview:-1"},"canonical":"https:\/\/old.limityjsmemy.cz\/en\/klimakemp2020\/","og_locale":"en_US","og_type":"article","og_title":"Klimakemp 2020: Practical Information &#8212; Limity jsme my","og_description":"Klimakemp 2020 is going to take place as action weekend End Coal #NOW. Join us in our stand against coal near Most in north Bohemia!","og_url":"https:\/\/old.limityjsmemy.cz\/en\/klimakemp2020\/","og_site_name":"Limity jsme my","article_publisher":"https:\/\/facebook.com\/limityjsmemy\/","article_modified_time":"2020-08-27T18:51:56+00:00","twitter_card":"summary_large_image","twitter_site":"@LimityJsmeMy","twitter_misc":{"Est. reading time":"7 minutes"},"schema":{"@context":"https:\/\/schema.org","@graph":[{"@type":"WebPage","@id":"https:\/\/old.limityjsmemy.cz\/en\/klimakemp2020\/","url":"https:\/\/old.limityjsmemy.cz\/en\/klimakemp2020\/","name":"Klimakemp 2020: Practical Information &#8212; Limity jsme my","isPartOf":{"@id":"https:\/\/old.limityjsmemy.cz\/#website"},"datePublished":"2020-07-29T16:32:59+00:00","dateModified":"2020-08-27T18:51:56+00:00","description":"Klimakemp 2020 is going to take place as action weekend End Coal #NOW. Join us in our stand against coal near Most in north Bohemia!","breadcrumb":{"@id":"https:\/\/old.limityjsmemy.cz\/en\/klimakemp2020\/#breadcrumb"},"inLanguage":"en-US","potentialAction":[{"@type":"ReadAction","target":["https:\/\/old.limityjsmemy.cz\/en\/klimakemp2020\/"]}]},{"@type":"BreadcrumbList","@id":"https:\/\/old.limityjsmemy.cz\/en\/klimakemp2020\/#breadcrumb","itemListElement":[{"@type":"ListItem","position":1,"name":"Dom\u016f","item":"https:\/\/old.limityjsmemy.cz\/en\/"},{"@type":"ListItem","position":2,"name":"Klimakemp 2020"}]},{"@type":"WebSite","@id":"https:\/\/old.limityjsmemy.cz\/#website","url":"https:\/\/old.limityjsmemy.cz\/","name":"Limity jsme my","description":"Hnut\u00ed za zachov\u00e1n\u00ed limit\u016f t\u011b\u017eby hn\u011bd\u00e9ho uhl\u00ed!","publisher":{"@id":"https:\/\/old.limityjsmemy.cz\/#organization"},"potentialAction":[{"@type":"SearchAction","target":{"@type":"EntryPoint","urlTemplate":"https:\/\/old.limityjsmemy.cz\/?s={search_term_string}"},"query-input":"required name=search_term_string"}],"inLanguage":"en-US"},{"@type":"Organization","@id":"https:\/\/old.limityjsmemy.cz\/#organization","name":"Limity jsme my","url":"https:\/\/old.limityjsmemy.cz\/","logo":{"@type":"ImageObject","inLanguage":"en-US","@id":"https:\/\/old.limityjsmemy.cz\/#\/schema\/logo\/image\/","url":"https:\/\/limityjsmemy.cz\/wp-content\/uploads\/2017\/06\/LimityJsmeMy.png","contentUrl":"https:\/\/limityjsmemy.cz\/wp-content\/uploads\/2017\/06\/LimityJsmeMy.png","width":2257,"height":1506,"caption":"Limity jsme my"},"image":{"@id":"https:\/\/old.limityjsmemy.cz\/#\/schema\/logo\/image\/"},"sameAs":["https:\/\/facebook.com\/limityjsmemy\/","https:\/\/twitter.com\/LimityJsmeMy","https:\/\/www.instagram.com\/limityjsmemy\/","https:\/\/www.youtube.com\/channel\/UCypVOtjZXGV1SXDJUGtx0EQ"]}]}},"_links":{"self":[{"href":"https:\/\/old.limityjsmemy.cz\/en\/wp-json\/wp\/v2\/pages\/4933"}],"collection":[{"href":"https:\/\/old.limityjsmemy.cz\/en\/wp-json\/wp\/v2\/pages"}],"about":[{"href":"https:\/\/old.limityjsmemy.cz\/en\/wp-json\/wp\/v2\/types\/page"}],"author":[{"embeddable":true,"href":"https:\/\/old.limityjsmemy.cz\/en\/wp-json\/wp\/v2\/users\/3"}],"replies":[{"embeddable":true,"href":"https:\/\/old.limityjsmemy.cz\/en\/wp-json\/wp\/v2\/comments?post=4933"}],"version-history":[{"count":5,"href":"https:\/\/old.limityjsmemy.cz\/en\/wp-json\/wp\/v2\/pages\/4933\/revisions"}],"predecessor-version":[{"id":4975,"href":"https:\/\/old.limityjsmemy.cz\/en\/wp-json\/wp\/v2\/pages\/4933\/revisions\/4975"}],"wp:attachment":[{"href":"https:\/\/old.limityjsmemy.cz\/en\/wp-json\/wp\/v2\/media?parent=4933"}],"curies":[{"name":"wp","href":"https:\/\/api.w.org\/{rel}","templated":true}]}}