{"id":5731,"date":"2023-10-01T16:55:34","date_gmt":"2023-10-01T14:55:34","guid":{"rendered":"https:\/\/limityjsmemy.cz\/?page_id=5731"},"modified":"2025-01-03T15:11:03","modified_gmt":"2025-01-03T14:11:03","slug":"support-us","status":"publish","type":"page","link":"https:\/\/old.limityjsmemy.cz\/en\/support-us\/","title":{"rendered":"Support us"},"content":{"rendered":"\n<p class=\"has-medium-font-size\"><strong><strong>SUPPORT THE ACTIVISTS ORDERED BY THE COURT TO PAY ONE MILLION CZK FOR CLIMATE ACTION!<\/strong><\/strong><\/p>\n\n\n\n<p><a href=\"https:\/\/limityjsmemy.cz\/en\/2024\/11\/protestors-have-to-pay-one-million-czk-for-blocking-the-bilina-coal-mine-cez-makes-billions-in-the-meantime-2\/\">At the end of November 2024<\/a>, the regional court ruled that activists who, in 2018, drew attention to the unsustainability of coal mining and the urgency of the climate crisis through a non-violent blockade as part of the Klimakemp 2018, must now pay more than one million CZK (~40 000 EUR) for alleged damage caused during the event. <strong>The written decision was supposed to come within 30 days of the trial, but it has not happened. Thus, the total amount is increasing every day with statutory interest. For this reason, we are extending our fundraiser for one month. Help us collect as much of this amount as possible!<\/strong><\/p>\n\n\n\n<div style=\"height:50px\" aria-hidden=\"true\" class=\"wp-block-spacer\"><\/div>\n\n\n\n<style>\n.darujme-button-block {\ntext-align: center;\ndisplay: flex;\njustify-content: center;\n}\n.darujme-button {\nbackground-color: white;\ncolor: #202020;\nfont-weight: 600;\ndisplay:flex;\nalign-items: center;\nborder: 3px solid #6dab44;\nbox-shadow: rgba(109,171,68, 0.2) 0px 20px 20px -7px;\n}\n.darujme-button:hover {\nbackground-color: #6dab44;\ncolor: #202020;\n}\n<\/style>\n<div class=\"wp-block-buttons darujme-button-block\">\n<div class=\"wp-block-button\"><a href=\"https:\/\/www.darujme.cz\/limityjsmemy?locale=en\" target=\"blank_\" class=\"wp-block-button__link wp-element-button darujme-button\" rel=\"noopener\">SUPPORT US VIA DARUJME.CZ<img decoding=\"async\" width=\"40\" src=\"https:\/\/limityjsmemy.cz\/wp-content\/uploads\/2023\/10\/darujme.png\" style=\"padding-left: 6px;\"><\/a><\/div>\n<\/div>\n\n\n\n<div style=\"height:50px\" aria-hidden=\"true\" class=\"wp-block-spacer\"><\/div>\n\n\n<div class=\"wp-block-image\">\n<figure class=\"aligncenter size-full\"><img decoding=\"async\" loading=\"lazy\" width=\"960\" height=\"540\" src=\"https:\/\/limityjsmemy.cz\/wp-content\/uploads\/2023\/10\/tower_one.jpg\" alt=\"\" class=\"wp-image-5710\" srcset=\"https:\/\/old.limityjsmemy.cz\/wp-content\/uploads\/2023\/10\/tower_one.jpg 960w, https:\/\/old.limityjsmemy.cz\/wp-content\/uploads\/2023\/10\/tower_one-300x169.jpg 300w, https:\/\/old.limityjsmemy.cz\/wp-content\/uploads\/2023\/10\/tower_one-768x432.jpg 768w, https:\/\/old.limityjsmemy.cz\/wp-content\/uploads\/2023\/10\/tower_one-614x346.jpg 614w, https:\/\/old.limityjsmemy.cz\/wp-content\/uploads\/2023\/10\/tower_one-295x166.jpg 295w, https:\/\/old.limityjsmemy.cz\/wp-content\/uploads\/2023\/10\/tower_one-590x332.jpg 590w\" sizes=\"(max-width: 960px) 100vw, 960px\" \/><\/figure><\/div>\n\n\n<div style=\"height:50px\" aria-hidden=\"true\" class=\"wp-block-spacer\"><\/div>\n\n\n\n<p class=\"has-medium-font-size\"><strong>WHAT&#8217;S GOING ON NOW?<\/strong><\/p>\n\n\n\n<p>The verdict comes at a time when the consequences of the climate crisis are becoming increasingly clear &#8211; floods, droughts, air pollution and biodiversity loss are just some of the impacts. \u010cEZ is playing a small part in the solution, but it is attacking those who are trying to change the situation all the more.<\/p>\n\n\n\n<p>\u010cEZ and its subsidiaries achieved their goal &#8211; not only did they initially demand compensation from people who took no part in the blockade, but they also imposed a financial burden on those who dared to speak out against coal mining. This situation shows how corporations are using the judicial system to advance their interests at the expense of people who only want to protect society from climate collapse.<\/p>\n\n\n\n<p class=\"has-medium-font-size\"><strong>JOIN IN THE SUPPORT!<\/strong><\/p>\n\n\n\n<p>Donate and support all the defendants together with us! No amount is small, any contribution counts. In addition to direct financial support, you can also help by:<\/p>\n\n\n\n<ul>\n<li>by sharing this page or the <a href=\"https:\/\/www.darujme.cz\/limityjsmemy?locale=en\">fundraiser<\/a> among your loved ones, acquaintances<\/li>\n\n\n\n<li>sharing our social media posts: <a href=\"https:\/\/www.facebook.com\/limityjsmemy\/posts\/pfbid0aSq5YgFsvCp4Xq4AdWHwoUZ9yXR3gE2KQNETsbvf7RFYStPM8bXvjwieMCdvmVS3l\" target=\"_blank\" rel=\"noreferrer noopener\">FB<\/a>, <a href=\"https:\/\/www.instagram.com\/p\/DDHzvMtogYK\/?utm_source=ig_web_copy_link&amp;igsh=MzRlODBiNWFlZA==\" target=\"_blank\" rel=\"noreferrer noopener\">IG<\/a>, <a href=\"https:\/\/twitter.com\/x\/migrate?tok=7b2265223a222f4c696d6974794a736d654d792f7374617475732f313836333534353436373039363734303133323f743d51625766325837562d734e37564858446e436a6d704126733d313926707265666574636854696d657374616d703d31373333393938343931313433222c2274223a313733333939383439317de7e8613b032f16f210266859b57a9c47\" target=\"_blank\" rel=\"noreferrer noopener\">X<\/a>, <a href=\"https:\/\/www.instagram.com\/p\/DDHz3V-o2Bb\/?utm_source=ig_web_copy_link&amp;igsh=MzRlODBiNWFlZA==\" target=\"_blank\" rel=\"noreferrer noopener\">IG<\/a><\/li>\n\n\n\n<li>by joining the Limity jsme my collective<\/li>\n<\/ul>\n\n\n\n<div style=\"height:50px\" aria-hidden=\"true\" class=\"wp-block-spacer\"><\/div>\n\n\n\n<p class=\"has-medium-font-size\"><strong>WE ARE STRONGER AND RESILIENT TOGETHER<\/strong><\/p>\n\n\n\n<p>Solidarity is one of our guiding values. We believe that together we can raise the full amount and not let anyone down!<\/p>\n\n\n\n<div style=\"height:50px\" aria-hidden=\"true\" class=\"wp-block-spacer\"><\/div>\n\n\n\n<div class=\"wp-block-buttons darujme-button-block\">\n<div class=\"wp-block-button\"><a href=\"https:\/\/www.darujme.cz\/limityjsmemy?locale=en\" target=\"blank_\" class=\"wp-block-button__link wp-element-button darujme-button\" rel=\"noopener\">SUPPORT US VIA DARUJME.CZ<img decoding=\"async\" width=\"40\" src=\"https:\/\/limityjsmemy.cz\/wp-content\/uploads\/2023\/10\/darujme.png\" style=\"padding-left: 6px;\"><\/a><\/div>\n<\/div>\n\n\n\n<div style=\"height:50px\" aria-hidden=\"true\" class=\"wp-block-spacer\"><\/div>\n\n\n<div class=\"wp-block-image\">\n<figure class=\"aligncenter size-large\"><img decoding=\"async\" loading=\"lazy\" width=\"1024\" height=\"682\" src=\"https:\/\/limityjsmemy.cz\/wp-content\/uploads\/2023\/10\/tower-three-1024x682.jpg\" alt=\"\" class=\"wp-image-5683\" srcset=\"https:\/\/old.limityjsmemy.cz\/wp-content\/uploads\/2023\/10\/tower-three-1024x682.jpg 1024w, https:\/\/old.limityjsmemy.cz\/wp-content\/uploads\/2023\/10\/tower-three-300x200.jpg 300w, https:\/\/old.limityjsmemy.cz\/wp-content\/uploads\/2023\/10\/tower-three-768x512.jpg 768w, https:\/\/old.limityjsmemy.cz\/wp-content\/uploads\/2023\/10\/tower-three-1536x1024.jpg 1536w, https:\/\/old.limityjsmemy.cz\/wp-content\/uploads\/2023\/10\/tower-three-600x400.jpg 600w, https:\/\/old.limityjsmemy.cz\/wp-content\/uploads\/2023\/10\/tower-three-1200x800.jpg 1200w, https:\/\/old.limityjsmemy.cz\/wp-content\/uploads\/2023\/10\/tower-three.jpg 1772w\" sizes=\"(max-width: 1024px) 100vw, 1024px\" \/><\/figure><\/div>\n\n\n<div style=\"height:50px\" aria-hidden=\"true\" class=\"wp-block-spacer\"><\/div>\n\n\n<div class=\"wp-block-image\">\n<figure class=\"aligncenter size-large\"><img decoding=\"async\" loading=\"lazy\" width=\"1024\" height=\"682\" src=\"https:\/\/limityjsmemy.cz\/wp-content\/uploads\/2023\/10\/tower-two-1024x682.jpg\" alt=\"\" class=\"wp-image-5721\" srcset=\"https:\/\/old.limityjsmemy.cz\/wp-content\/uploads\/2023\/10\/tower-two-1024x682.jpg 1024w, https:\/\/old.limityjsmemy.cz\/wp-content\/uploads\/2023\/10\/tower-two-300x200.jpg 300w, https:\/\/old.limityjsmemy.cz\/wp-content\/uploads\/2023\/10\/tower-two-768x512.jpg 768w, https:\/\/old.limityjsmemy.cz\/wp-content\/uploads\/2023\/10\/tower-two-1536x1024.jpg 1536w, https:\/\/old.limityjsmemy.cz\/wp-content\/uploads\/2023\/10\/tower-two-600x400.jpg 600w, https:\/\/old.limityjsmemy.cz\/wp-content\/uploads\/2023\/10\/tower-two-1200x800.jpg 1200w, https:\/\/old.limityjsmemy.cz\/wp-content\/uploads\/2023\/10\/tower-two.jpg 1772w\" sizes=\"(max-width: 1024px) 100vw, 1024px\" \/><\/figure><\/div>","protected":false},"excerpt":{"rendered":"<p>SUPPORT THE ACTIVISTS ORDERED BY THE COURT TO PAY ONE MILLION CZK FOR CLIMATE ACTION! At the end of November 2024, the regional court ruled that activists who, in 2018, drew attention to the unsustainability of coal mining and the urgency of the climate crisis through a non-violent blockade as part of the Klimakemp 2018, [&hellip;]<\/p>\n","protected":false},"author":13,"featured_media":0,"parent":0,"menu_order":0,"comment_status":"closed","ping_status":"closed","template":"","meta":[],"yoast_head":"<!-- This site is optimized with the Yoast SEO plugin v21.2 - https:\/\/yoast.com\/wordpress\/plugins\/seo\/ -->\n<title>Support us &#8212; Limity jsme my<\/title>\n<meta name=\"robots\" content=\"index, follow, max-snippet:-1, max-image-preview:large, max-video-preview:-1\" \/>\n<link rel=\"canonical\" href=\"https:\/\/old.limityjsmemy.cz\/en\/support-us\/\" \/>\n<meta property=\"og:locale\" content=\"en_US\" \/>\n<meta property=\"og:type\" content=\"article\" \/>\n<meta property=\"og:title\" content=\"Support us &#8212; Limity jsme my\" \/>\n<meta property=\"og:description\" content=\"SUPPORT THE ACTIVISTS ORDERED BY THE COURT TO PAY ONE MILLION CZK FOR CLIMATE ACTION! At the end of November 2024, the regional court ruled that activists who, in 2018, drew attention to the unsustainability of coal mining and the urgency of the climate crisis through a non-violent blockade as part of the Klimakemp 2018, [&hellip;]\" \/>\n<meta property=\"og:url\" content=\"https:\/\/old.limityjsmemy.cz\/en\/support-us\/\" \/>\n<meta property=\"og:site_name\" content=\"Limity jsme my\" \/>\n<meta property=\"article:publisher\" content=\"https:\/\/facebook.com\/limityjsmemy\/\" \/>\n<meta property=\"article:modified_time\" content=\"2025-01-03T14:11:03+00:00\" \/>\n<meta property=\"og:image\" content=\"https:\/\/limityjsmemy.cz\/wp-content\/uploads\/2023\/10\/darujme.png\" \/>\n<meta name=\"twitter:card\" content=\"summary_large_image\" \/>\n<meta name=\"twitter:site\" content=\"@LimityJsmeMy\" \/>\n<meta name=\"twitter:label1\" content=\"Est. reading time\" \/>\n\t<meta name=\"twitter:data1\" content=\"3 minutes\" \/>\n<script type=\"application\/ld+json\" class=\"yoast-schema-graph\">{\"@context\":\"https:\/\/schema.org\",\"@graph\":[{\"@type\":\"WebPage\",\"@id\":\"https:\/\/old.limityjsmemy.cz\/en\/support-us\/\",\"url\":\"https:\/\/old.limityjsmemy.cz\/en\/support-us\/\",\"name\":\"Support us &#8212; Limity jsme my\",\"isPartOf\":{\"@id\":\"https:\/\/old.limityjsmemy.cz\/#website\"},\"datePublished\":\"2023-10-01T14:55:34+00:00\",\"dateModified\":\"2025-01-03T14:11:03+00:00\",\"breadcrumb\":{\"@id\":\"https:\/\/old.limityjsmemy.cz\/en\/support-us\/#breadcrumb\"},\"inLanguage\":\"en-US\",\"potentialAction\":[{\"@type\":\"ReadAction\",\"target\":[\"https:\/\/old.limityjsmemy.cz\/en\/support-us\/\"]}]},{\"@type\":\"BreadcrumbList\",\"@id\":\"https:\/\/old.limityjsmemy.cz\/en\/support-us\/#breadcrumb\",\"itemListElement\":[{\"@type\":\"ListItem\",\"position\":1,\"name\":\"Dom\u016f\",\"item\":\"https:\/\/old.limityjsmemy.cz\/en\/\"},{\"@type\":\"ListItem\",\"position\":2,\"name\":\"Support us\"}]},{\"@type\":\"WebSite\",\"@id\":\"https:\/\/old.limityjsmemy.cz\/#website\",\"url\":\"https:\/\/old.limityjsmemy.cz\/\",\"name\":\"Limity jsme my\",\"description\":\"Hnut\u00ed za zachov\u00e1n\u00ed limit\u016f t\u011b\u017eby hn\u011bd\u00e9ho uhl\u00ed!\",\"publisher\":{\"@id\":\"https:\/\/old.limityjsmemy.cz\/#organization\"},\"potentialAction\":[{\"@type\":\"SearchAction\",\"target\":{\"@type\":\"EntryPoint\",\"urlTemplate\":\"https:\/\/old.limityjsmemy.cz\/?s={search_term_string}\"},\"query-input\":\"required name=search_term_string\"}],\"inLanguage\":\"en-US\"},{\"@type\":\"Organization\",\"@id\":\"https:\/\/old.limityjsmemy.cz\/#organization\",\"name\":\"Limity jsme my\",\"url\":\"https:\/\/old.limityjsmemy.cz\/\",\"logo\":{\"@type\":\"ImageObject\",\"inLanguage\":\"en-US\",\"@id\":\"https:\/\/old.limityjsmemy.cz\/#\/schema\/logo\/image\/\",\"url\":\"https:\/\/limityjsmemy.cz\/wp-content\/uploads\/2017\/06\/LimityJsmeMy.png\",\"contentUrl\":\"https:\/\/limityjsmemy.cz\/wp-content\/uploads\/2017\/06\/LimityJsmeMy.png\",\"width\":2257,\"height\":1506,\"caption\":\"Limity jsme my\"},\"image\":{\"@id\":\"https:\/\/old.limityjsmemy.cz\/#\/schema\/logo\/image\/\"},\"sameAs\":[\"https:\/\/facebook.com\/limityjsmemy\/\",\"https:\/\/twitter.com\/LimityJsmeMy\",\"https:\/\/www.instagram.com\/limityjsmemy\/\",\"https:\/\/www.youtube.com\/channel\/UCypVOtjZXGV1SXDJUGtx0EQ\"]}]}<\/script>\n<!-- \/ Yoast SEO plugin. -->","yoast_head_json":{"title":"Support us &#8212; Limity jsme my","robots":{"index":"index","follow":"follow","max-snippet":"max-snippet:-1","max-image-preview":"max-image-preview:large","max-video-preview":"max-video-preview:-1"},"canonical":"https:\/\/old.limityjsmemy.cz\/en\/support-us\/","og_locale":"en_US","og_type":"article","og_title":"Support us &#8212; Limity jsme my","og_description":"SUPPORT THE ACTIVISTS ORDERED BY THE COURT TO PAY ONE MILLION CZK FOR CLIMATE ACTION! At the end of November 2024, the regional court ruled that activists who, in 2018, drew attention to the unsustainability of coal mining and the urgency of the climate crisis through a non-violent blockade as part of the Klimakemp 2018, [&hellip;]","og_url":"https:\/\/old.limityjsmemy.cz\/en\/support-us\/","og_site_name":"Limity jsme my","article_publisher":"https:\/\/facebook.com\/limityjsmemy\/","article_modified_time":"2025-01-03T14:11:03+00:00","og_image":[{"url":"https:\/\/limityjsmemy.cz\/wp-content\/uploads\/2023\/10\/darujme.png"}],"twitter_card":"summary_large_image","twitter_site":"@LimityJsmeMy","twitter_misc":{"Est. reading time":"3 minutes"},"schema":{"@context":"https:\/\/schema.org","@graph":[{"@type":"WebPage","@id":"https:\/\/old.limityjsmemy.cz\/en\/support-us\/","url":"https:\/\/old.limityjsmemy.cz\/en\/support-us\/","name":"Support us &#8212; Limity jsme my","isPartOf":{"@id":"https:\/\/old.limityjsmemy.cz\/#website"},"datePublished":"2023-10-01T14:55:34+00:00","dateModified":"2025-01-03T14:11:03+00:00","breadcrumb":{"@id":"https:\/\/old.limityjsmemy.cz\/en\/support-us\/#breadcrumb"},"inLanguage":"en-US","potentialAction":[{"@type":"ReadAction","target":["https:\/\/old.limityjsmemy.cz\/en\/support-us\/"]}]},{"@type":"BreadcrumbList","@id":"https:\/\/old.limityjsmemy.cz\/en\/support-us\/#breadcrumb","itemListElement":[{"@type":"ListItem","position":1,"name":"Dom\u016f","item":"https:\/\/old.limityjsmemy.cz\/en\/"},{"@type":"ListItem","position":2,"name":"Support us"}]},{"@type":"WebSite","@id":"https:\/\/old.limityjsmemy.cz\/#website","url":"https:\/\/old.limityjsmemy.cz\/","name":"Limity jsme my","description":"Hnut\u00ed za zachov\u00e1n\u00ed limit\u016f t\u011b\u017eby hn\u011bd\u00e9ho uhl\u00ed!","publisher":{"@id":"https:\/\/old.limityjsmemy.cz\/#organization"},"potentialAction":[{"@type":"SearchAction","target":{"@type":"EntryPoint","urlTemplate":"https:\/\/old.limityjsmemy.cz\/?s={search_term_string}"},"query-input":"required name=search_term_string"}],"inLanguage":"en-US"},{"@type":"Organization","@id":"https:\/\/old.limityjsmemy.cz\/#organization","name":"Limity jsme my","url":"https:\/\/old.limityjsmemy.cz\/","logo":{"@type":"ImageObject","inLanguage":"en-US","@id":"https:\/\/old.limityjsmemy.cz\/#\/schema\/logo\/image\/","url":"https:\/\/limityjsmemy.cz\/wp-content\/uploads\/2017\/06\/LimityJsmeMy.png","contentUrl":"https:\/\/limityjsmemy.cz\/wp-content\/uploads\/2017\/06\/LimityJsmeMy.png","width":2257,"height":1506,"caption":"Limity jsme my"},"image":{"@id":"https:\/\/old.limityjsmemy.cz\/#\/schema\/logo\/image\/"},"sameAs":["https:\/\/facebook.com\/limityjsmemy\/","https:\/\/twitter.com\/LimityJsmeMy","https:\/\/www.instagram.com\/limityjsmemy\/","https:\/\/www.youtube.com\/channel\/UCypVOtjZXGV1SXDJUGtx0EQ"]}]}},"_links":{"self":[{"href":"https:\/\/old.limityjsmemy.cz\/en\/wp-json\/wp\/v2\/pages\/5731"}],"collection":[{"href":"https:\/\/old.limityjsmemy.cz\/en\/wp-json\/wp\/v2\/pages"}],"about":[{"href":"https:\/\/old.limityjsmemy.cz\/en\/wp-json\/wp\/v2\/types\/page"}],"author":[{"embeddable":true,"href":"https:\/\/old.limityjsmemy.cz\/en\/wp-json\/wp\/v2\/users\/13"}],"replies":[{"embeddable":true,"href":"https:\/\/old.limityjsmemy.cz\/en\/wp-json\/wp\/v2\/comments?post=5731"}],"version-history":[{"count":4,"href":"https:\/\/old.limityjsmemy.cz\/en\/wp-json\/wp\/v2\/pages\/5731\/revisions"}],"predecessor-version":[{"id":5819,"href":"https:\/\/old.limityjsmemy.cz\/en\/wp-json\/wp\/v2\/pages\/5731\/revisions\/5819"}],"wp:attachment":[{"href":"https:\/\/old.limityjsmemy.cz\/en\/wp-json\/wp\/v2\/media?parent=5731"}],"curies":[{"name":"wp","href":"https:\/\/api.w.org\/{rel}","templated":true}]}}