{"id":5963,"date":"2025-05-26T16:25:09","date_gmt":"2025-05-26T14:25:09","guid":{"rendered":"https:\/\/limityjsmemy.cz\/?page_id=5963"},"modified":"2025-06-10T16:21:58","modified_gmt":"2025-06-10T14:21:58","slug":"klimakemp","status":"publish","type":"page","link":"https:\/\/old.limityjsmemy.cz\/en\/klimakemp\/","title":{"rendered":"Klimakemp 2025"},"content":{"rendered":"\n<p>The fifth <strong>Czech Climate Camp of Just Transformation<\/strong> will take place in the Moravian-Silesian Region on <strong>August 4-12<\/strong>\u2757\u2757\u2757<\/p>\n\n\n\n<p><\/p>\n\n\n\n<p>Do you want to help with the organisation, talk to the media or put up posters? Email us at <span style=\"text-decoration: underline;\">ahoj@limityjsmemy.cz<\/span>\u2757\u2757\u2757<\/p>\n\n\n\n<p>As always, Klimakemp is created by its participants, so: do you want to contribute? Check out our <a href=\"https:\/\/cryptpad.cz\/form\/#\/2\/form\/view\/KSkERT-tHG7YT1VAOMPWCAqHo+9Y0ySvC03VXFOd1mw\/\" target=\"_blank\" rel=\"noreferrer noopener\">open program call<\/a> (deadline until June 30) \u2757\u2757\u2757<\/p>\n\n\n\n<p>The network of allies in the Moravian-Silesian Region is growing stronger and is ready to take further joint action. Be there with us\u2757\u2757\u2757<\/p>\n\n\n\n<figure class=\"wp-block-image size-full\"><img decoding=\"async\" loading=\"lazy\" width=\"566\" height=\"800\" src=\"https:\/\/limityjsmemy.cz\/wp-content\/uploads\/2025\/05\/kkst2025-1.jpeg\" alt=\"\" class=\"wp-image-5974\" srcset=\"https:\/\/old.limityjsmemy.cz\/wp-content\/uploads\/2025\/05\/kkst2025-1.jpeg 566w, https:\/\/old.limityjsmemy.cz\/wp-content\/uploads\/2025\/05\/kkst2025-1-212x300.jpeg 212w\" sizes=\"(max-width: 566px) 100vw, 566px\" \/><\/figure>\n","protected":false},"excerpt":{"rendered":"<p>The fifth Czech Climate Camp of Just Transformation will take place in the Moravian-Silesian Region on August 4-12\u2757\u2757\u2757 Do you want to help with the organisation, talk to the media or put up posters? Email us at ahoj@limityjsmemy.cz\u2757\u2757\u2757 As always, Klimakemp is created by its participants, so: do you want to contribute? Check out our [&hellip;]<\/p>\n","protected":false},"author":13,"featured_media":5959,"parent":0,"menu_order":0,"comment_status":"closed","ping_status":"closed","template":"","meta":[],"yoast_head":"<!-- This site is optimized with the Yoast SEO plugin v21.2 - https:\/\/yoast.com\/wordpress\/plugins\/seo\/ -->\n<title>Klimakemp 2025 &#8212; Limity jsme my<\/title>\n<meta name=\"description\" content=\"The fifth Czech Climate Camp of Just Transformation will take place in the Moravian-Silesian Region on August 4-12\u2757\u2757\u2757\" \/>\n<meta name=\"robots\" content=\"index, follow, max-snippet:-1, max-image-preview:large, max-video-preview:-1\" \/>\n<link rel=\"canonical\" href=\"https:\/\/old.limityjsmemy.cz\/en\/klimakemp\/\" \/>\n<meta property=\"og:locale\" content=\"en_US\" \/>\n<meta property=\"og:type\" content=\"article\" \/>\n<meta property=\"og:title\" content=\"Klimakemp 2025 &#8212; Limity jsme my\" \/>\n<meta property=\"og:description\" content=\"The fifth Czech Climate Camp of Just Transformation will take place in the Moravian-Silesian Region on August 4-12\u2757\u2757\u2757\" \/>\n<meta property=\"og:url\" content=\"https:\/\/old.limityjsmemy.cz\/en\/klimakemp\/\" \/>\n<meta property=\"og:site_name\" content=\"Limity jsme my\" \/>\n<meta property=\"article:publisher\" content=\"https:\/\/facebook.com\/limityjsmemy\/\" \/>\n<meta property=\"article:modified_time\" content=\"2025-06-10T14:21:58+00:00\" \/>\n<meta property=\"og:image\" content=\"https:\/\/old.limityjsmemy.cz\/wp-content\/uploads\/2025\/05\/kkst2025.jpeg\" \/>\n\t<meta property=\"og:image:width\" content=\"566\" \/>\n\t<meta property=\"og:image:height\" content=\"800\" \/>\n\t<meta property=\"og:image:type\" content=\"image\/jpeg\" \/>\n<meta name=\"twitter:card\" content=\"summary_large_image\" \/>\n<meta name=\"twitter:site\" content=\"@LimityJsmeMy\" \/>\n<meta name=\"twitter:label1\" content=\"Est. reading time\" \/>\n\t<meta name=\"twitter:data1\" content=\"1 minute\" \/>\n<script type=\"application\/ld+json\" class=\"yoast-schema-graph\">{\"@context\":\"https:\/\/schema.org\",\"@graph\":[{\"@type\":\"WebPage\",\"@id\":\"https:\/\/old.limityjsmemy.cz\/en\/klimakemp\/\",\"url\":\"https:\/\/old.limityjsmemy.cz\/en\/klimakemp\/\",\"name\":\"Klimakemp 2025 &#8212; Limity jsme my\",\"isPartOf\":{\"@id\":\"https:\/\/old.limityjsmemy.cz\/#website\"},\"datePublished\":\"2025-05-26T14:25:09+00:00\",\"dateModified\":\"2025-06-10T14:21:58+00:00\",\"description\":\"The fifth Czech Climate Camp of Just Transformation will take place in the Moravian-Silesian Region on August 4-12\u2757\u2757\u2757\",\"breadcrumb\":{\"@id\":\"https:\/\/old.limityjsmemy.cz\/en\/klimakemp\/#breadcrumb\"},\"inLanguage\":\"en-US\",\"potentialAction\":[{\"@type\":\"ReadAction\",\"target\":[\"https:\/\/old.limityjsmemy.cz\/en\/klimakemp\/\"]}]},{\"@type\":\"BreadcrumbList\",\"@id\":\"https:\/\/old.limityjsmemy.cz\/en\/klimakemp\/#breadcrumb\",\"itemListElement\":[{\"@type\":\"ListItem\",\"position\":1,\"name\":\"Dom\u016f\",\"item\":\"https:\/\/old.limityjsmemy.cz\/en\/\"},{\"@type\":\"ListItem\",\"position\":2,\"name\":\"Klimakemp 2025\"}]},{\"@type\":\"WebSite\",\"@id\":\"https:\/\/old.limityjsmemy.cz\/#website\",\"url\":\"https:\/\/old.limityjsmemy.cz\/\",\"name\":\"Limity jsme my\",\"description\":\"Hnut\u00ed za zachov\u00e1n\u00ed limit\u016f t\u011b\u017eby hn\u011bd\u00e9ho uhl\u00ed!\",\"publisher\":{\"@id\":\"https:\/\/old.limityjsmemy.cz\/#organization\"},\"potentialAction\":[{\"@type\":\"SearchAction\",\"target\":{\"@type\":\"EntryPoint\",\"urlTemplate\":\"https:\/\/old.limityjsmemy.cz\/?s={search_term_string}\"},\"query-input\":\"required name=search_term_string\"}],\"inLanguage\":\"en-US\"},{\"@type\":\"Organization\",\"@id\":\"https:\/\/old.limityjsmemy.cz\/#organization\",\"name\":\"Limity jsme my\",\"url\":\"https:\/\/old.limityjsmemy.cz\/\",\"logo\":{\"@type\":\"ImageObject\",\"inLanguage\":\"en-US\",\"@id\":\"https:\/\/old.limityjsmemy.cz\/#\/schema\/logo\/image\/\",\"url\":\"https:\/\/limityjsmemy.cz\/wp-content\/uploads\/2017\/06\/LimityJsmeMy.png\",\"contentUrl\":\"https:\/\/limityjsmemy.cz\/wp-content\/uploads\/2017\/06\/LimityJsmeMy.png\",\"width\":2257,\"height\":1506,\"caption\":\"Limity jsme my\"},\"image\":{\"@id\":\"https:\/\/old.limityjsmemy.cz\/#\/schema\/logo\/image\/\"},\"sameAs\":[\"https:\/\/facebook.com\/limityjsmemy\/\",\"https:\/\/twitter.com\/LimityJsmeMy\",\"https:\/\/www.instagram.com\/limityjsmemy\/\",\"https:\/\/www.youtube.com\/channel\/UCypVOtjZXGV1SXDJUGtx0EQ\"]}]}<\/script>\n<!-- \/ Yoast SEO plugin. -->","yoast_head_json":{"title":"Klimakemp 2025 &#8212; Limity jsme my","description":"The fifth Czech Climate Camp of Just Transformation will take place in the Moravian-Silesian Region on August 4-12\u2757\u2757\u2757","robots":{"index":"index","follow":"follow","max-snippet":"max-snippet:-1","max-image-preview":"max-image-preview:large","max-video-preview":"max-video-preview:-1"},"canonical":"https:\/\/old.limityjsmemy.cz\/en\/klimakemp\/","og_locale":"en_US","og_type":"article","og_title":"Klimakemp 2025 &#8212; Limity jsme my","og_description":"The fifth Czech Climate Camp of Just Transformation will take place in the Moravian-Silesian Region on August 4-12\u2757\u2757\u2757","og_url":"https:\/\/old.limityjsmemy.cz\/en\/klimakemp\/","og_site_name":"Limity jsme my","article_publisher":"https:\/\/facebook.com\/limityjsmemy\/","article_modified_time":"2025-06-10T14:21:58+00:00","og_image":[{"width":566,"height":800,"url":"https:\/\/old.limityjsmemy.cz\/wp-content\/uploads\/2025\/05\/kkst2025.jpeg","type":"image\/jpeg"}],"twitter_card":"summary_large_image","twitter_site":"@LimityJsmeMy","twitter_misc":{"Est. reading time":"1 minute"},"schema":{"@context":"https:\/\/schema.org","@graph":[{"@type":"WebPage","@id":"https:\/\/old.limityjsmemy.cz\/en\/klimakemp\/","url":"https:\/\/old.limityjsmemy.cz\/en\/klimakemp\/","name":"Klimakemp 2025 &#8212; Limity jsme my","isPartOf":{"@id":"https:\/\/old.limityjsmemy.cz\/#website"},"datePublished":"2025-05-26T14:25:09+00:00","dateModified":"2025-06-10T14:21:58+00:00","description":"The fifth Czech Climate Camp of Just Transformation will take place in the Moravian-Silesian Region on August 4-12\u2757\u2757\u2757","breadcrumb":{"@id":"https:\/\/old.limityjsmemy.cz\/en\/klimakemp\/#breadcrumb"},"inLanguage":"en-US","potentialAction":[{"@type":"ReadAction","target":["https:\/\/old.limityjsmemy.cz\/en\/klimakemp\/"]}]},{"@type":"BreadcrumbList","@id":"https:\/\/old.limityjsmemy.cz\/en\/klimakemp\/#breadcrumb","itemListElement":[{"@type":"ListItem","position":1,"name":"Dom\u016f","item":"https:\/\/old.limityjsmemy.cz\/en\/"},{"@type":"ListItem","position":2,"name":"Klimakemp 2025"}]},{"@type":"WebSite","@id":"https:\/\/old.limityjsmemy.cz\/#website","url":"https:\/\/old.limityjsmemy.cz\/","name":"Limity jsme my","description":"Hnut\u00ed za zachov\u00e1n\u00ed limit\u016f t\u011b\u017eby hn\u011bd\u00e9ho uhl\u00ed!","publisher":{"@id":"https:\/\/old.limityjsmemy.cz\/#organization"},"potentialAction":[{"@type":"SearchAction","target":{"@type":"EntryPoint","urlTemplate":"https:\/\/old.limityjsmemy.cz\/?s={search_term_string}"},"query-input":"required name=search_term_string"}],"inLanguage":"en-US"},{"@type":"Organization","@id":"https:\/\/old.limityjsmemy.cz\/#organization","name":"Limity jsme my","url":"https:\/\/old.limityjsmemy.cz\/","logo":{"@type":"ImageObject","inLanguage":"en-US","@id":"https:\/\/old.limityjsmemy.cz\/#\/schema\/logo\/image\/","url":"https:\/\/limityjsmemy.cz\/wp-content\/uploads\/2017\/06\/LimityJsmeMy.png","contentUrl":"https:\/\/limityjsmemy.cz\/wp-content\/uploads\/2017\/06\/LimityJsmeMy.png","width":2257,"height":1506,"caption":"Limity jsme my"},"image":{"@id":"https:\/\/old.limityjsmemy.cz\/#\/schema\/logo\/image\/"},"sameAs":["https:\/\/facebook.com\/limityjsmemy\/","https:\/\/twitter.com\/LimityJsmeMy","https:\/\/www.instagram.com\/limityjsmemy\/","https:\/\/www.youtube.com\/channel\/UCypVOtjZXGV1SXDJUGtx0EQ"]}]}},"_links":{"self":[{"href":"https:\/\/old.limityjsmemy.cz\/en\/wp-json\/wp\/v2\/pages\/5963"}],"collection":[{"href":"https:\/\/old.limityjsmemy.cz\/en\/wp-json\/wp\/v2\/pages"}],"about":[{"href":"https:\/\/old.limityjsmemy.cz\/en\/wp-json\/wp\/v2\/types\/page"}],"author":[{"embeddable":true,"href":"https:\/\/old.limityjsmemy.cz\/en\/wp-json\/wp\/v2\/users\/13"}],"replies":[{"embeddable":true,"href":"https:\/\/old.limityjsmemy.cz\/en\/wp-json\/wp\/v2\/comments?post=5963"}],"version-history":[{"count":3,"href":"https:\/\/old.limityjsmemy.cz\/en\/wp-json\/wp\/v2\/pages\/5963\/revisions"}],"predecessor-version":[{"id":5986,"href":"https:\/\/old.limityjsmemy.cz\/en\/wp-json\/wp\/v2\/pages\/5963\/revisions\/5986"}],"wp:featuredmedia":[{"embeddable":true,"href":"https:\/\/old.limityjsmemy.cz\/en\/wp-json\/wp\/v2\/media\/5959"}],"wp:attachment":[{"href":"https:\/\/old.limityjsmemy.cz\/en\/wp-json\/wp\/v2\/media?parent=5963"}],"curies":[{"name":"wp","href":"https:\/\/api.w.org\/{rel}","templated":true}]}}