{"id":2806,"date":"2015-12-23T22:22:28","date_gmt":"2015-12-23T22:22:28","guid":{"rendered":"https:\/\/limityjsmemy.cz\/about\/"},"modified":"2024-10-09T13:28:09","modified_gmt":"2024-10-09T11:28:09","slug":"about","status":"publish","type":"page","link":"https:\/\/old.limityjsmemy.cz\/pl\/","title":{"rendered":"O nas"},"content":{"rendered":"<p><section   class=\"fw-main-row-custom fw-main-row-top fw-section-no-padding  fw_theme_bg_fw-custom fw-section-image fw-section-height-lg  fw-section-position-back tf-sh-5b97578cf907d18402bbd3b941628164\"  style=\" background-image:url(https:\/\/limityjsmemy.cz\/wp-content\/uploads\/2017\/06\/Ibra-DSC3019.jpg); background-repeat: no-repeat; background-position: center top; background-size: cover;\"  >\n\t\t<div class=\"fw-main-row-overlay fw_theme_bg_color_3\" style=\"opacity: 0.5;\"><\/div>\t<div class=\"fw-container-fluid\" >\n\t\t<div class=\"fw-row\">\n\t<div id=\"column-69dcb5ca968a0\" class=\"fw-col-sm-12 tf-sh-6316de6144874e1ea897dc67f725ba2b\" >\n\t<div class=\"fw-wrap-col-inner clearfix  \"   >\n\t\t\t\t<div class=\"fw-col-inner\">\n\t\t\t<div class=\"fw-heading fw-heading-center  tf-sh-8bcef2fffaf42dfcf374399bc9f8cb13\" >\n\t\t\t<h1 class=\"fw-special-title\">O nas<\/h1>\n\t\n\t\n\t<\/div>\t\t<\/div>\n\t<\/div>\n<\/div><\/div>\n\n\t<\/div>\n\t<\/section><section   class=\"fw-main-row-custom fw-section-no-padding  auto  fw-section-position-back tf-sh-32497f72cd3870d422c99bfe41ea6287\"  style=\" background-color:#0f0f0f;\"  >\n\t\t\t<div class=\"fw-container\" >\n\t\t<div class=\"fw-row\">\n\t<div id=\"column-69dcb5ca98779\" class=\"fw-col-sm-12 tf-sh-c54954951313fa7168487caff4c03c64\" >\n\t<div class=\"fw-wrap-col-inner clearfix  \"   >\n\t\t\t\t<div class=\"fw-col-inner\">\n\t\t\t<div class=\"fw-divider-space space-sm  clearfix\"  ><\/div>\t\t<\/div>\n\t<\/div>\n<\/div><\/div>\n\n<div class=\"fw-row\">\n\t<div id=\"column-69dcb5ca99d30\" class=\"fw-col-sm-12 tf-sh-86d3dd8ce6a14b7505614ffa5358298a\" >\n\t<div class=\"fw-wrap-col-inner clearfix  \"   >\n\t\t\t\t<div class=\"fw-col-inner\">\n\t\t\t<div class=\"fw-heading fw-heading-left  tf-sh-dfcc759c6b2f4dbf3401c9f5476dc093\" >\n\t\t\t<h2 class=\"fw-special-title\">Kim jeste\u015bmy?<\/h2>\n\t\n\t\n\t<\/div><div class=\"fw-text-box tf-sh-3a8dbc615826b1725c38b44926e2c264 \" >\n\t<div class=\"fw-text-inner\">\n\t\t<p>Jeste\u015bmy otwartym oddolnym ruchem obywatelskim przeciwko wydobywaniu i spalaniu w\u0119gla. \u0141\u0105czymy ludzi r\u00f3\u017cnych grup aktywist\u00f3w i nieaktywist\u00f3w z ca\u0142ej Republiki Czeskiej. Zorganizowali\u015bmy si\u0119 w roku 2015 w zwi\u0105zku z projektem rz\u0105du, \u017ceby prze\u0142ama\u0107 limity wydobycia w\u0119gla brunatnego w p\u00f3\u0142nocnej cz\u0119\u015bci Czech.Ten, w najgorszym z wariant\u00f3w, oznacza\u0142by zburzenie miejscowo\u015bci Horn\u00ed Ji\u0159et\u00edn i \u010cernice. W roku 2015, wraz z\u00a0tysi\u0105cami ludzi z\u00a0ca\u0142ej republiki, w ramach kampanii na rzecz dotrzymania limit\u00f3w, stali\u015bmy przeciwko prze\u0142amaniu limit\u00f3w wydobycia w kopalniach B\u00edlina i \u010cSA w p\u00f3\u0142nocnych Czechach.<\/p>\n<p>Post\u0119puj\u0105ce wydobycie i spalanie w\u0119gla nie zagra\u017caj\u0105 ju\u017c dzi\u015b wy\u0142\u0105cznie domom i zdrowiu mieszka\u0144c\u00f3w Czech p\u00f3\u0142nocnych. S\u0105 jedn\u0105 z bezpo\u015brednich przyczyn zmian klimatu. Charakter kryzysu klimatycznego jest na tyle powa\u017cny, \u017ce nie mo\u017cna pogodzi\u0107 si\u0119 z nastawieniem limit\u00f3w zmierzaj\u0105cych do zako\u0144czenia wydobycia w\u0119gla u nas dopiero w roku 2055. Dlatego ruch <strong>Limity jsme my<\/strong> (<strong>My jeste\u015bmy limitami<\/strong>) w\u0142\u0105cza si\u0119 w globalne wysi\u0142ki na rzecz rozwi\u0105zywania zmian klimatu i przysz\u0142o\u015bci bez paliw kopalnych. B\u0119dziemy nalega\u0107, \u017ceby w Republice Czeskiej dosz\u0142o do jak najszybszego uko\u0144czenia wydobycia w\u0119gla i przej\u015bcia na odnawialne \u017ar\u00f3d\u0142a energii.<\/p>\n\t<\/div>\n<\/div><div class=\"fw-heading fw-heading-left  tf-sh-500890dfff91bf5de26d7e532d3d2ecd\" >\n\t\t\t<h2 class=\"fw-special-title\">Kampania na rzecz dotrzymania limit\u00f3w<\/h2>\n\t\n\t\n\t<\/div><div class=\"fw-text-box tf-sh-c1ea0aa45a996a185f1c4670dfe51d13 \" >\n\t<div class=\"fw-text-inner\">\n\t\t<p>Pierwsz\u0105 akcj\u0119, po\u015bwi\u0119con\u0105 p\u00f3\u0142nocnoczeskim miejscowo\u015bciom zburzonym wskutek wydobycia w\u0119gla brunatnego, zorganizowali\u015bmy w lutym 2015. W czternastu miejscach Czech odby\u0142y si\u0119 wtedy akcje wspomnieniowe o jasnym przes\u0142aniu: Nie chcemy z\u0142amania limit\u00f3w wydobycia w\u0119gla brunatnego, ani jego dalszego rozszerzania.<\/p>\n<p>W czerwcu tego samego roku kontynuowali\u015bmy akcje protestacyjne na rzecz dotrzymania limit\u00f3w wydobycia w\u0119gla brunatnego, do kt\u00f3rych do\u0142\u0105czy\u0142o si\u0119 w dwudziestu jeden miejscach Republiki Czeskiej ponad tysi\u0105c ludzi. Protesty popar\u0142y te\u017c zaprzyja\u017anione organizacje w Niemczech, Belgii, Finlandii czy Brazylii. W nawi\u0105zaniu zorganizowali\u015bmy manifestacj\u0119 przed domem jednego z w\u0142a\u015bcicieli kopal\u0144 p\u0142nocnoczeskich, konkretnie w\u0142a\u015bciciela Energetyki P\u00f3\u0142nocnej, Jana  Dienstla, podczas kt\u00f3rej przed bram\u0105 jego siedziby puszczali\u015bmy g\u0142o\u015bny d\u017awi\u0119k pracuj\u0105cej koparki. Podobn\u0105 akcj\u0119 powt\u00f3rzyli\u015bmy podczas obrad tr\u00f3jstronnych.<\/p>\n<p>W petycji podpisywanej od lutego do wrze\u015bnia 2015, ponad trzy i p\u00f3\u0142 tysi\u0105ca ludzi zobowi\u0105za\u0142o si\u0119, \u017ce w przypadku z\u0142amania limit\u00f3w, b\u0119d\u0105 w\u0142asnymi cia\u0142ami broni\u0107 zburzeniu Horn\u00edgo Ji\u0159et\u00edna. Petycj\u0119 przekazali\u015bmy czeskiemu rz\u0105dowi.<\/p>\n<p>Kampania na rzecz dotrzymania limit\u00f3w zako\u0144czy\u0142a si\u0119 demonstracj\u0105 podczas wyjazdowego posiedzenia rz\u0105du w wojew\u00f3dztwie usteckim (Ust\u00ed nad Labem), gdzie zapad\u0142a decyzja o cz\u0119\u015bciowym z\u0142amaniu limit\u00f3w wydobycia w\u0119gla brunatnego, wy\u0142\u0105cznie w kopalni  B\u00edlina dotycz\u0105cym ponad 100 ton tego w\u0119gla.<\/p>\n\t<\/div>\n<\/div><div class=\"fw-heading fw-heading-left  tf-sh-76e38fab0538e02f13a322e3185b6089\" >\n\t\t\t<h2 class=\"fw-special-title\">Same limity ju\u017c nie wystarcz\u0105<\/h2>\n\t\n\t\n\t<\/div><div class=\"fw-text-box tf-sh-2a805d79315840ea8f2f2e1c0bf7c699 \" >\n\t<div class=\"fw-text-inner\">\n\t\t<p>W maju 2016, wraz z tysi\u0105cami ludzi z ca\u0142ej Europy, uczestniczyli\u015bmy w masowej akcji Ende Gel\u00e4nde, zamykania kopalni w\u0119gla brunatnego w niemieckich \u0141u\u017cycach. Protestowali\u015bmy przeciwko kontynuowaniu wydobycia i przeciwko planowanej sprzeda\u017cy kopal\u0144 \u0142u\u017cyckich, nale\u017c\u0105cych do szwedzkiego przedsi\u0119biorstwa pa\u0144stwowego Vattenfall, firmie EPH nale\u017c\u0105cej do Daniela K\u0159etinskiego.<\/p>\n<p>W czerwcu 2016 zorganizowali\u015bmy akcj\u0119 porz\u0105dkow\u0105 w praskiej siedzibie EPH. Z mopami i miot\u0142ami w d\u0142oniach starali\u015bmy si\u0119 zwr\u00f3ci\u0107 uwag\u0119 spo\u0142ecze\u0144stwa na brudne interesy tej firmy i zaapelowa\u0107 do rz\u0105du szwedzkiego, \u017ceby nie sprzedawa\u0142a swoich kopal\u0144, ale raczej je zamkn\u0119\u0142a. Jednak w lipcu rz\u0105d szwedzki t\u0119 sprzeda\u017c zatwierdzi\u0142, a kopalnie \u0142u\u017cyckie znajduj\u0105 si\u0119 teraz w r\u0119kach holdingu Daniela K\u0159etinskiego.<\/p>\n<p>Klimat ulega zmianom, a tam, gdzie nie wystarcz\u0105 petycje, nale\u017cy przej\u015b\u0107 od s\u0142\u00f3w do czyn\u00f3w. Nadal chcemy zabiega\u0107 o koniec ery w\u0119glowej, postawi\u0107 si\u0119 bezpo\u015brednio wydobyciu i spalaniu w\u0119gla, tak jak to czyni\u0105 ludzie na ca\u0142ym \u015bwiecie. P\u00f3jd\u017acie z nami. My jeste\u015bmy limitami.<\/p>\n\t<\/div>\n<\/div>\t\t<\/div>\n\t<\/div>\n<\/div><\/div>\n\n<div class=\"fw-row\">\n\t<div id=\"column-69dcb5ca9d7a4\" class=\"fw-col-sm-12 tf-sh-c54954951313fa7168487caff4c03c64\" >\n\t<div class=\"fw-wrap-col-inner clearfix  \"   >\n\t\t\t\t<div class=\"fw-col-inner\">\n\t\t\t<div class=\"fw-divider-space space-md  clearfix\"  ><\/div>\t\t<\/div>\n\t<\/div>\n<\/div><\/div>\n\n<div class=\"fw-row\">\n\t<div id=\"column-69dcb5ca9ecfd\" class=\"fw-col-sm-4 tf-sh-cabf5243037dc5be8d7ae08ab99c8188  fw-animated-element\" data-animation-type=\"fadeInUp\" data-animation-delay=\"700\">\n\t<div class=\"fw-wrap-col-inner clearfix  \"   >\n\t\t\t\t<div class=\"fw-col-inner\">\n\t\t\t\n\t\t\t        \t\t<div class=\"fw-block-image-parent fw-overlay-1 fw-block-image-icon   \"  style=\"width: 100%; \">\n            \t\t\t<a class=\"fw-block-image-child fw-ratio-1 fw-ratio-container\" href=\"\/\/limityjsmemy.cz\/wp-content\/uploads\/2015\/12\/limity_osobnosti.jpg\" data-rel=\"prettyPhoto\" rel=\"prettyPhoto\">\n\t\t\t\t<noscript itemscope itemtype=\"https:\/\/schema.org\/ImageObject\" itemprop=\"image\"><img src=\"https:\/\/old.limityjsmemy.cz\/wp-content\/uploads\/2015\/12\/limity_osobnosti.jpg\"  alt=\"limity_osobnosti\" data-maxdpr=\"1.7\" class=\"lazyload\" \/><meta itemprop=\"url\" content=\"https:\/\/old.limityjsmemy.cz\/wp-content\/uploads\/2015\/12\/limity_osobnosti.jpg\"><meta itemprop=\"width\" content=\"1500\"><meta itemprop=\"height\" content=\"1000\"><\/noscript><img src=\"data:image\/gif;base64,R0lGODlhAQABAIAAAAAAAP\/\/\/yH5BAEAAAAALAAAAAABAAEAAAIBRAA7\" data-sizes=\"auto\" data-srcset=\"https:\/\/old.limityjsmemy.cz\/wp-content\/uploads\/2015\/12\/limity_osobnosti-150x150.jpg 150w, https:\/\/old.limityjsmemy.cz\/wp-content\/uploads\/2015\/12\/limity_osobnosti-800x800.jpg 800w, https:\/\/old.limityjsmemy.cz\/wp-content\/uploads\/2015\/12\/limity_osobnosti-300x300.jpg 300w\"   alt=\"limity_osobnosti\" data-maxdpr=\"1.7\" class=\"lazyload\" \/>\t\t\t\t                                    <div class=\"fw-block-image-overlay\">\n                        <div class=\"fw-itable\">\n                            <div class=\"fw-icell\">\n                                <i class=\"fw-icon-zoom\"><\/i>\n                            <\/div>\n                        <\/div>\n                    <\/div>\n                \t\t\t<\/a>\n            \t\t<\/div>\n\n\t\n\t\t<\/div>\n\t<\/div>\n<\/div><div id=\"column-69dcb5caa05e2\" class=\"fw-col-sm-4 tf-sh-e33d74f63fa51d02cd03010a0eae19f3  fw-animated-element\" data-animation-type=\"fadeInUp\" data-animation-delay=\"700\">\n\t<div class=\"fw-wrap-col-inner clearfix  \"   >\n\t\t\t\t<div class=\"fw-col-inner\">\n\t\t\t\n\t\t\t        \t\t<div class=\"fw-block-image-parent fw-overlay-1 fw-block-image-icon   \"  style=\"width: 100%; \">\n            \t\t\t<a class=\"fw-block-image-child fw-ratio-1 fw-ratio-container\" href=\"\/\/limityjsmemy.cz\/wp-content\/uploads\/2016\/10\/13179069_1189359167743407_290940268895134452_n.jpg\" data-rel=\"prettyPhoto\" rel=\"prettyPhoto\">\n\t\t\t\t<noscript itemscope itemtype=\"https:\/\/schema.org\/ImageObject\" itemprop=\"image\"><img src=\"https:\/\/old.limityjsmemy.cz\/wp-content\/uploads\/2016\/10\/13179069_1189359167743407_290940268895134452_n.jpg\"  alt=\"13179069_1189359167743407_290940268895134452_n\" data-maxdpr=\"1.7\" class=\"lazyload\" \/><meta itemprop=\"url\" content=\"https:\/\/old.limityjsmemy.cz\/wp-content\/uploads\/2016\/10\/13179069_1189359167743407_290940268895134452_n.jpg\"><meta itemprop=\"width\" content=\"800\"><meta itemprop=\"height\" content=\"396\"><\/noscript><img src=\"data:image\/gif;base64,R0lGODlhAQABAIAAAAAAAP\/\/\/yH5BAEAAAAALAAAAAABAAEAAAIBRAA7\" data-sizes=\"auto\" data-srcset=\"https:\/\/old.limityjsmemy.cz\/wp-content\/uploads\/2016\/10\/13179069_1189359167743407_290940268895134452_n-150x150.jpg 150w, https:\/\/old.limityjsmemy.cz\/wp-content\/uploads\/2016\/10\/13179069_1189359167743407_290940268895134452_n-300x300.jpg 300w\"   alt=\"13179069_1189359167743407_290940268895134452_n\" data-maxdpr=\"1.7\" class=\"lazyload\" \/>\t\t\t\t                                    <div class=\"fw-block-image-overlay\">\n                        <div class=\"fw-itable\">\n                            <div class=\"fw-icell\">\n                                <i class=\"fw-icon-zoom\"><\/i>\n                            <\/div>\n                        <\/div>\n                    <\/div>\n                \t\t\t<\/a>\n            \t\t<\/div>\n\n\t\n\t\t<\/div>\n\t<\/div>\n<\/div><div id=\"column-69dcb5caa1848\" class=\"fw-col-sm-4 tf-sh-fdc9d3b1bf8fdcfd6853cb5bc5b5ba89  fw-animated-element\" data-animation-type=\"fadeInUp\" data-animation-delay=\"700\">\n\t<div class=\"fw-wrap-col-inner clearfix  \"   >\n\t\t\t\t<div class=\"fw-col-inner\">\n\t\t\t\n\t\t\t        \t\t<div class=\"fw-block-image-parent fw-overlay-1 fw-block-image-icon   \"  style=\"width: 100%; \">\n            \t\t\t<a class=\"fw-block-image-child fw-ratio-1 fw-ratio-container\" href=\"\/\/limityjsmemy.cz\/wp-content\/uploads\/2022\/09\/1a.jpg\" data-rel=\"prettyPhoto\" rel=\"prettyPhoto\">\n\t\t\t\t<noscript itemscope itemtype=\"https:\/\/schema.org\/ImageObject\" itemprop=\"image\"><img src=\"https:\/\/old.limityjsmemy.cz\/wp-content\/uploads\/2022\/09\/1a.jpg\"  alt=\"1a\" data-maxdpr=\"1.7\" class=\"lazyload\" \/><meta itemprop=\"url\" content=\"https:\/\/old.limityjsmemy.cz\/wp-content\/uploads\/2022\/09\/1a.jpg\"><meta itemprop=\"width\" content=\"1024\"><meta itemprop=\"height\" content=\"683\"><\/noscript><img src=\"data:image\/gif;base64,R0lGODlhAQABAIAAAAAAAP\/\/\/yH5BAEAAAAALAAAAAABAAEAAAIBRAA7\" data-sizes=\"auto\" data-srcset=\"https:\/\/old.limityjsmemy.cz\/wp-content\/uploads\/2022\/09\/1a-150x150.jpg 150w, https:\/\/old.limityjsmemy.cz\/wp-content\/uploads\/2022\/09\/1a-300x300.jpg 300w\"   alt=\"1a\" data-maxdpr=\"1.7\" class=\"lazyload\" \/>\t\t\t\t                                    <div class=\"fw-block-image-overlay\">\n                        <div class=\"fw-itable\">\n                            <div class=\"fw-icell\">\n                                <i class=\"fw-icon-zoom\"><\/i>\n                            <\/div>\n                        <\/div>\n                    <\/div>\n                \t\t\t<\/a>\n            \t\t<\/div>\n\n\t\n\t\t<\/div>\n\t<\/div>\n<\/div><\/div>\n\n<div class=\"fw-row\">\n\t<div id=\"column-69dcb5caa313c\" class=\"fw-col-sm-12 tf-sh-c54954951313fa7168487caff4c03c64\" >\n\t<div class=\"fw-wrap-col-inner clearfix  \"   >\n\t\t\t\t<div class=\"fw-col-inner\">\n\t\t\t<div class=\"fw-divider-space space-md  clearfix\"  ><\/div>\t\t<\/div>\n\t<\/div>\n<\/div><\/div>\n\n\t<\/div>\n\t<\/section><\/p>\n","protected":false},"excerpt":{"rendered":"<p>O nas Kim jeste\u015bmy? Jeste\u015bmy otwartym oddolnym ruchem obywatelskim przeciwko wydobywaniu i spalaniu w\u0119gla. \u0141\u0105czymy ludzi r\u00f3\u017cnych grup aktywist\u00f3w i nieaktywist\u00f3w z ca\u0142ej Republiki Czeskiej. Zorganizowali\u015bmy si\u0119 w roku 2015 w zwi\u0105zku z projektem rz\u0105du, \u017ceby prze\u0142ama\u0107 limity wydobycia w\u0119gla brunatnego w p\u00f3\u0142nocnej cz\u0119\u015bci Czech.Ten, w najgorszym z wariant\u00f3w, oznacza\u0142by zburzenie miejscowo\u015bci Horn\u00ed Ji\u0159et\u00edn i [&hellip;]<\/p>\n","protected":false},"author":1,"featured_media":0,"parent":0,"menu_order":0,"comment_status":"closed","ping_status":"closed","template":"visual-builder-template.php","meta":[],"yoast_head":"<!-- This site is optimized with the Yoast SEO plugin v21.2 - https:\/\/yoast.com\/wordpress\/plugins\/seo\/ -->\n<title>O nas &#8212; Limity jsme my<\/title>\n<meta name=\"description\" content=\"Jeste\u015bmy otwartym oddolnym ruchem obywatelskim przeciwko wydobywaniu i spalaniu w\u0119gla.\" \/>\n<meta name=\"robots\" content=\"index, follow, max-snippet:-1, max-image-preview:large, max-video-preview:-1\" \/>\n<link rel=\"canonical\" href=\"https:\/\/old.limityjsmemy.cz\/pl\/\" \/>\n<meta property=\"og:locale\" content=\"pl_PL\" \/>\n<meta property=\"og:type\" content=\"article\" \/>\n<meta property=\"og:title\" content=\"O nas &#8212; Limity jsme my\" \/>\n<meta property=\"og:description\" content=\"Jeste\u015bmy otwartym oddolnym ruchem obywatelskim przeciwko wydobywaniu i spalaniu w\u0119gla.\" \/>\n<meta property=\"og:url\" content=\"https:\/\/old.limityjsmemy.cz\/pl\/\" \/>\n<meta property=\"og:site_name\" content=\"Limity jsme my\" \/>\n<meta property=\"article:publisher\" content=\"https:\/\/facebook.com\/limityjsmemy\/\" \/>\n<meta property=\"article:modified_time\" content=\"2024-10-09T11:28:09+00:00\" \/>\n<meta property=\"og:image\" content=\"https:\/\/limityjsmemy.cz\/wp-content\/uploads\/2015\/12\/limity_osobnosti.jpg\" \/>\n<meta name=\"twitter:card\" content=\"summary_large_image\" \/>\n<meta name=\"twitter:site\" content=\"@LimityJsmeMy\" \/>\n<meta name=\"twitter:label1\" content=\"Szacowany czas czytania\" \/>\n\t<meta name=\"twitter:data1\" content=\"5 minut\" \/>\n<script type=\"application\/ld+json\" class=\"yoast-schema-graph\">{\"@context\":\"https:\/\/schema.org\",\"@graph\":[{\"@type\":\"WebPage\",\"@id\":\"https:\/\/old.limityjsmemy.cz\/pl\/\",\"url\":\"https:\/\/old.limityjsmemy.cz\/pl\/\",\"name\":\"O nas &#8212; Limity jsme my\",\"isPartOf\":{\"@id\":\"https:\/\/old.limityjsmemy.cz\/#website\"},\"datePublished\":\"2015-12-23T22:22:28+00:00\",\"dateModified\":\"2024-10-09T11:28:09+00:00\",\"description\":\"Jeste\u015bmy otwartym oddolnym ruchem obywatelskim przeciwko wydobywaniu i spalaniu w\u0119gla.\",\"breadcrumb\":{\"@id\":\"https:\/\/old.limityjsmemy.cz\/pl\/#breadcrumb\"},\"inLanguage\":\"pl-PL\",\"potentialAction\":[{\"@type\":\"ReadAction\",\"target\":[\"https:\/\/old.limityjsmemy.cz\/pl\/\"]}]},{\"@type\":\"BreadcrumbList\",\"@id\":\"https:\/\/old.limityjsmemy.cz\/pl\/#breadcrumb\",\"itemListElement\":[{\"@type\":\"ListItem\",\"position\":1,\"name\":\"Dom\u016f\",\"item\":\"https:\/\/old.limityjsmemy.cz\/pl\/\"},{\"@type\":\"ListItem\",\"position\":2,\"name\":\"O nas\"}]},{\"@type\":\"WebSite\",\"@id\":\"https:\/\/old.limityjsmemy.cz\/#website\",\"url\":\"https:\/\/old.limityjsmemy.cz\/\",\"name\":\"Limity jsme my\",\"description\":\"Hnut\u00ed za zachov\u00e1n\u00ed limit\u016f t\u011b\u017eby hn\u011bd\u00e9ho uhl\u00ed!\",\"publisher\":{\"@id\":\"https:\/\/old.limityjsmemy.cz\/#organization\"},\"potentialAction\":[{\"@type\":\"SearchAction\",\"target\":{\"@type\":\"EntryPoint\",\"urlTemplate\":\"https:\/\/old.limityjsmemy.cz\/?s={search_term_string}\"},\"query-input\":\"required name=search_term_string\"}],\"inLanguage\":\"pl-PL\"},{\"@type\":\"Organization\",\"@id\":\"https:\/\/old.limityjsmemy.cz\/#organization\",\"name\":\"Limity jsme my\",\"url\":\"https:\/\/old.limityjsmemy.cz\/\",\"logo\":{\"@type\":\"ImageObject\",\"inLanguage\":\"pl-PL\",\"@id\":\"https:\/\/old.limityjsmemy.cz\/#\/schema\/logo\/image\/\",\"url\":\"https:\/\/limityjsmemy.cz\/wp-content\/uploads\/2017\/06\/LimityJsmeMy.png\",\"contentUrl\":\"https:\/\/limityjsmemy.cz\/wp-content\/uploads\/2017\/06\/LimityJsmeMy.png\",\"width\":2257,\"height\":1506,\"caption\":\"Limity jsme my\"},\"image\":{\"@id\":\"https:\/\/old.limityjsmemy.cz\/#\/schema\/logo\/image\/\"},\"sameAs\":[\"https:\/\/facebook.com\/limityjsmemy\/\",\"https:\/\/twitter.com\/LimityJsmeMy\",\"https:\/\/www.instagram.com\/limityjsmemy\/\",\"https:\/\/www.youtube.com\/channel\/UCypVOtjZXGV1SXDJUGtx0EQ\"]}]}<\/script>\n<!-- \/ Yoast SEO plugin. -->","yoast_head_json":{"title":"O nas &#8212; Limity jsme my","description":"Jeste\u015bmy otwartym oddolnym ruchem obywatelskim przeciwko wydobywaniu i spalaniu w\u0119gla.","robots":{"index":"index","follow":"follow","max-snippet":"max-snippet:-1","max-image-preview":"max-image-preview:large","max-video-preview":"max-video-preview:-1"},"canonical":"https:\/\/old.limityjsmemy.cz\/pl\/","og_locale":"pl_PL","og_type":"article","og_title":"O nas &#8212; Limity jsme my","og_description":"Jeste\u015bmy otwartym oddolnym ruchem obywatelskim przeciwko wydobywaniu i spalaniu w\u0119gla.","og_url":"https:\/\/old.limityjsmemy.cz\/pl\/","og_site_name":"Limity jsme my","article_publisher":"https:\/\/facebook.com\/limityjsmemy\/","article_modified_time":"2024-10-09T11:28:09+00:00","og_image":[{"url":"https:\/\/limityjsmemy.cz\/wp-content\/uploads\/2015\/12\/limity_osobnosti.jpg"}],"twitter_card":"summary_large_image","twitter_site":"@LimityJsmeMy","twitter_misc":{"Szacowany czas czytania":"5 minut"},"schema":{"@context":"https:\/\/schema.org","@graph":[{"@type":"WebPage","@id":"https:\/\/old.limityjsmemy.cz\/pl\/","url":"https:\/\/old.limityjsmemy.cz\/pl\/","name":"O nas &#8212; Limity jsme my","isPartOf":{"@id":"https:\/\/old.limityjsmemy.cz\/#website"},"datePublished":"2015-12-23T22:22:28+00:00","dateModified":"2024-10-09T11:28:09+00:00","description":"Jeste\u015bmy otwartym oddolnym ruchem obywatelskim przeciwko wydobywaniu i spalaniu w\u0119gla.","breadcrumb":{"@id":"https:\/\/old.limityjsmemy.cz\/pl\/#breadcrumb"},"inLanguage":"pl-PL","potentialAction":[{"@type":"ReadAction","target":["https:\/\/old.limityjsmemy.cz\/pl\/"]}]},{"@type":"BreadcrumbList","@id":"https:\/\/old.limityjsmemy.cz\/pl\/#breadcrumb","itemListElement":[{"@type":"ListItem","position":1,"name":"Dom\u016f","item":"https:\/\/old.limityjsmemy.cz\/pl\/"},{"@type":"ListItem","position":2,"name":"O nas"}]},{"@type":"WebSite","@id":"https:\/\/old.limityjsmemy.cz\/#website","url":"https:\/\/old.limityjsmemy.cz\/","name":"Limity jsme my","description":"Hnut\u00ed za zachov\u00e1n\u00ed limit\u016f t\u011b\u017eby hn\u011bd\u00e9ho uhl\u00ed!","publisher":{"@id":"https:\/\/old.limityjsmemy.cz\/#organization"},"potentialAction":[{"@type":"SearchAction","target":{"@type":"EntryPoint","urlTemplate":"https:\/\/old.limityjsmemy.cz\/?s={search_term_string}"},"query-input":"required name=search_term_string"}],"inLanguage":"pl-PL"},{"@type":"Organization","@id":"https:\/\/old.limityjsmemy.cz\/#organization","name":"Limity jsme my","url":"https:\/\/old.limityjsmemy.cz\/","logo":{"@type":"ImageObject","inLanguage":"pl-PL","@id":"https:\/\/old.limityjsmemy.cz\/#\/schema\/logo\/image\/","url":"https:\/\/limityjsmemy.cz\/wp-content\/uploads\/2017\/06\/LimityJsmeMy.png","contentUrl":"https:\/\/limityjsmemy.cz\/wp-content\/uploads\/2017\/06\/LimityJsmeMy.png","width":2257,"height":1506,"caption":"Limity jsme my"},"image":{"@id":"https:\/\/old.limityjsmemy.cz\/#\/schema\/logo\/image\/"},"sameAs":["https:\/\/facebook.com\/limityjsmemy\/","https:\/\/twitter.com\/LimityJsmeMy","https:\/\/www.instagram.com\/limityjsmemy\/","https:\/\/www.youtube.com\/channel\/UCypVOtjZXGV1SXDJUGtx0EQ"]}]}},"_links":{"self":[{"href":"https:\/\/old.limityjsmemy.cz\/pl\/wp-json\/wp\/v2\/pages\/2806"}],"collection":[{"href":"https:\/\/old.limityjsmemy.cz\/pl\/wp-json\/wp\/v2\/pages"}],"about":[{"href":"https:\/\/old.limityjsmemy.cz\/pl\/wp-json\/wp\/v2\/types\/page"}],"author":[{"embeddable":true,"href":"https:\/\/old.limityjsmemy.cz\/pl\/wp-json\/wp\/v2\/users\/1"}],"replies":[{"embeddable":true,"href":"https:\/\/old.limityjsmemy.cz\/pl\/wp-json\/wp\/v2\/comments?post=2806"}],"version-history":[{"count":4,"href":"https:\/\/old.limityjsmemy.cz\/pl\/wp-json\/wp\/v2\/pages\/2806\/revisions"}],"predecessor-version":[{"id":5782,"href":"https:\/\/old.limityjsmemy.cz\/pl\/wp-json\/wp\/v2\/pages\/2806\/revisions\/5782"}],"wp:attachment":[{"href":"https:\/\/old.limityjsmemy.cz\/pl\/wp-json\/wp\/v2\/media?parent=2806"}],"curies":[{"name":"wp","href":"https:\/\/api.w.org\/{rel}","templated":true}]}}